{"id":108400,"date":"2026-02-16T19:41:01","date_gmt":"2026-02-16T19:41:01","guid":{"rendered":"https:\/\/modesthanim.com\/product\/pudra-kare-desen-genis-paca-sifon-pantolon\/"},"modified":"2026-02-16T19:56:50","modified_gmt":"2026-02-16T19:56:50","slug":"pudra-kare-desen-genis-paca-sifon-pantolon","status":"publish","type":"product","link":"https:\/\/mod.wisdar.net\/tr\/urun\/pudra-kare-desen-genis-paca-sifon-pantolon\/","title":{"rendered":"Pudra Kare Desen Geni\u015f Pa\u00e7a \u015eifon Pantolon"},"content":{"rendered":"<p>BAKIMI:<br \/>\n\u00dcr\u00fcn\u00fcm\u00fcz\u00fc tersinden hassas programda tek y\u0131kay\u0131n\u0131z.<br \/>\n S\u0131v\u0131 deterjanla y\u0131kamal\u0131 ve d\u00fc\u015f\u00fck devirde s\u0131kma yapmal\u0131s\u0131n\u0131z.<br \/>\n Sererek kurutmal\u0131 ve d\u00fc\u015f\u00fck s\u0131cakl\u0131kta \u00fct\u00fc yapmal\u0131s\u0131n\u0131z.<br \/>\nED\u0130T\u00d6R\u00dcN YORUMU<br \/>\n Kare desen geni\u015f pa\u00e7a \u015fifon pantolon v\u00fccuda oturan kusursuz kal\u0131b\u0131yla rahatl\u0131\u011f\u0131 ve \u015f\u0131kl\u0131\u011f\u0131 bir araya getiriyor. V\u00fccut hatlar\u0131n\u0131z\u0131 belli etmeden abart\u0131ya ka\u00e7mayan hem sade hem de dikkat \u00e7ekici bir g\u00f6r\u00fcn\u00fcm sunuyor. Belinizi ince g\u00f6steren y\u00fcksek bel kesimiyle bacak boyunu daha uzun g\u00f6stererek stilinize hava kat\u0131yor. Topuklu ayakkab\u0131larla zarif bir \u015f\u0131kl\u0131k yakalayabilir ya da spor ayakkab\u0131larla g\u00fcnl\u00fck bir stil olu\u015fturabilirsiniz. Kombinleyece\u011finiz tesett\u00fcr g\u00f6mlek ile g\u00fcn boyu \u015f\u0131k ve sofistike bir g\u00f6r\u00fcn\u00fcm sunuyor. Levidor fark\u0131 ve g\u00fcvencesiyle birbirinden \u015f\u0131k ve kaliteli modellere sahip olmak art\u0131k \u00e7ok kolay.<\/p>\n<p>\u2014 Technical Details \u2014<br \/>\nDesen: Geometrik<br \/>\nY\u0131l: 2025<br \/>\nSezon: K\u0131\u015f<br \/>\nManken \u00d6l\u00e7\u00fcs\u00fc: Boy: 176 cm,Gog\u00fcs: 94 cm,Bel: 75 cm,Basen: 107 cm,Kol Boyu: 61 cm<\/p>\n","protected":false},"excerpt":{"rendered":"<p>BAKIMI: \u00dcr\u00fcn\u00fcm\u00fcz\u00fc tersinden hassas programda tek y\u0131kay\u0131n\u0131z. S\u0131v\u0131 deterjanla y\u0131kamal\u0131 ve d\u00fc\u015f\u00fck devirde s\u0131kma yapmal\u0131s\u0131n\u0131z. Sererek kurutmal\u0131 ve d\u00fc\u015f\u00fck s\u0131cakl\u0131kta \u00fct\u00fc yapmal\u0131s\u0131n\u0131z. ED\u0130T\u00d6R\u00dcN YORUMU Kare desen geni\u015f pa\u00e7a \u015fifon pantolon v\u00fccuda oturan kusursuz kal\u0131b\u0131yla rahatl\u0131\u011f\u0131 ve \u015f\u0131kl\u0131\u011f\u0131 bir araya getiriyor. V\u00fccut hatlar\u0131n\u0131z\u0131 belli etmeden abart\u0131ya ka\u00e7mayan hem sade hem de dikkat \u00e7ekici bir g\u00f6r\u00fcn\u00fcm sunuyor. [&hellip;]<\/p>\n","protected":false},"featured_media":108395,"comment_status":"open","ping_status":"closed","template":"","meta":[],"product_brand":[],"product_cat":[1882],"product_tag":[6905,7895,7650],"class_list":{"0":"post-108400","1":"product","2":"type-product","3":"status-publish","4":"has-post-thumbnail","6":"product_cat-alt-giyim","7":"product_tag-gunluk-sik","8":"product_tag-kis-modasi","9":"product_tag-yuksek-bel-3","10":"pa_brand-levidor","11":"pa_color-pudra","12":"pa_size-4706","13":"pa_size-4711","14":"pa_size-4713","15":"pa_size-4751","16":"pa_size-4749","18":"first","19":"instock","20":"shipping-taxable","21":"purchasable","22":"product-type-variable"},"_links":{"self":[{"href":"https:\/\/mod.wisdar.net\/tr\/wp-json\/wp\/v2\/product\/108400","targetHints":{"allow":["GET"]}}],"collection":[{"href":"https:\/\/mod.wisdar.net\/tr\/wp-json\/wp\/v2\/product"}],"about":[{"href":"https:\/\/mod.wisdar.net\/tr\/wp-json\/wp\/v2\/types\/product"}],"replies":[{"embeddable":true,"href":"https:\/\/mod.wisdar.net\/tr\/wp-json\/wp\/v2\/comments?post=108400"}],"wp:featuredmedia":[{"embeddable":true,"href":"https:\/\/mod.wisdar.net\/tr\/wp-json\/wp\/v2\/media\/108395"}],"wp:attachment":[{"href":"https:\/\/mod.wisdar.net\/tr\/wp-json\/wp\/v2\/media?parent=108400"}],"wp:term":[{"taxonomy":"product_brand","embeddable":true,"href":"https:\/\/mod.wisdar.net\/tr\/wp-json\/wp\/v2\/product_brand?post=108400"},{"taxonomy":"product_cat","embeddable":true,"href":"https:\/\/mod.wisdar.net\/tr\/wp-json\/wp\/v2\/product_cat?post=108400"},{"taxonomy":"product_tag","embeddable":true,"href":"https:\/\/mod.wisdar.net\/tr\/wp-json\/wp\/v2\/product_tag?post=108400"}],"curies":[{"name":"wp","href":"https:\/\/api.w.org\/{rel}","templated":true}]}}