{"id":108471,"date":"2026-02-16T19:42:04","date_gmt":"2026-02-16T19:42:04","guid":{"rendered":"https:\/\/modesthanim.com\/product\/murdum-bol-paca-sifon-pantolon\/"},"modified":"2026-02-16T19:56:18","modified_gmt":"2026-02-16T19:56:18","slug":"murdum-bol-paca-sifon-pantolon","status":"publish","type":"product","link":"https:\/\/mod.wisdar.net\/tr\/urun\/murdum-bol-paca-sifon-pantolon\/","title":{"rendered":"M\u00fcrd\u00fcm Bol Pa\u00e7a \u015eifon Pantolon"},"content":{"rendered":"<p>BAKIMI:<br \/>\n\u00dcr\u00fcn\u00fcm\u00fcz\u00fc tersinden hassas programda tek y\u0131kay\u0131n\u0131z.<br \/>\n S\u0131v\u0131 deterjanla y\u0131kamal\u0131 ve d\u00fc\u015f\u00fck devirde s\u0131kma yapmal\u0131s\u0131n\u0131z.<br \/>\n Sererek kurutmal\u0131 ve d\u00fc\u015f\u00fck s\u0131cakl\u0131kta \u00fct\u00fc yapmal\u0131s\u0131n\u0131z.<br \/>\nED\u0130T\u00d6R\u00dcN YORUMU<br \/>\nBol pa\u00e7a \u015fifon pantolon v\u00fccut hatlar\u0131n\u0131z\u0131 belli etmeden hem sade hem de dikkat \u00e7ekici bir g\u00f6r\u00fcn\u00fcm sunuyor. Belinizi ince g\u00f6steren y\u00fcksek bel kesimiyle bacak boyunu daha uzun g\u00f6stererek stilinize hava kat\u0131yor. Topuklu ayakkab\u0131larla zarif bir \u015f\u0131kl\u0131k yakalayabilir ya da spor ayakkab\u0131larla g\u00fcnl\u00fck bir stil olu\u015fturabilirsiniz. \u00d6zel hayat\u0131n\u0131zdan tatil stiline ofis \u015f\u0131kl\u0131\u011f\u0131ndan hafta sonu kombinlerine kadar geni\u015f bir kullan\u0131m alan\u0131 sunan modelimiz minimal tarz\u0131yla zamans\u0131z bir duru\u015f sergiliyor. Kombinleyece\u011finiz tesett\u00fcr g\u00f6mlek ile g\u00fcn boyu \u015f\u0131k ve sofistike bir g\u00f6r\u00fcn\u00fcm sunuyor. Levidor fark\u0131 ve g\u00fcvencesiyle birbirinden \u015f\u0131k ve kaliteli modellere sahip olmak art\u0131k \u00e7ok kolay.<\/p>\n<p>\u2014 Technical Details \u2014<br \/>\nKuma\u015f: \u015eifon<br \/>\nDesen: D\u00fcz<br \/>\nY\u0131l: 2025<br \/>\nManken \u00d6l\u00e7\u00fcs\u00fc: Boy:174 cm,G\u00f6g\u00fcs 90 cm, Bel 65 cm, Basen 95 cm, Kol Boyu 60 cm.<br \/>\nBel: Lastikli<br \/>\nKuma\u015f Tipi: Polyester<\/p>\n","protected":false},"excerpt":{"rendered":"<p>BAKIMI: \u00dcr\u00fcn\u00fcm\u00fcz\u00fc tersinden hassas programda tek y\u0131kay\u0131n\u0131z. S\u0131v\u0131 deterjanla y\u0131kamal\u0131 ve d\u00fc\u015f\u00fck devirde s\u0131kma yapmal\u0131s\u0131n\u0131z. Sererek kurutmal\u0131 ve d\u00fc\u015f\u00fck s\u0131cakl\u0131kta \u00fct\u00fc yapmal\u0131s\u0131n\u0131z. ED\u0130T\u00d6R\u00dcN YORUMU Bol pa\u00e7a \u015fifon pantolon v\u00fccut hatlar\u0131n\u0131z\u0131 belli etmeden hem sade hem de dikkat \u00e7ekici bir g\u00f6r\u00fcn\u00fcm sunuyor. Belinizi ince g\u00f6steren y\u00fcksek bel kesimiyle bacak boyunu daha uzun g\u00f6stererek stilinize hava kat\u0131yor. [&hellip;]<\/p>\n","protected":false},"featured_media":108460,"comment_status":"open","ping_status":"closed","template":"","meta":[],"product_brand":[],"product_cat":[1882],"product_tag":[],"class_list":{"0":"post-108471","1":"product","2":"type-product","3":"status-publish","4":"has-post-thumbnail","6":"product_cat-alt-giyim","7":"pa_brand-levidor","8":"pa_color-murdum","9":"pa_size-4706","10":"pa_size-4711","11":"pa_size-4713","12":"pa_size-4751","13":"pa_size-4749","15":"first","16":"instock","17":"shipping-taxable","18":"purchasable","19":"product-type-variable"},"_links":{"self":[{"href":"https:\/\/mod.wisdar.net\/tr\/wp-json\/wp\/v2\/product\/108471","targetHints":{"allow":["GET"]}}],"collection":[{"href":"https:\/\/mod.wisdar.net\/tr\/wp-json\/wp\/v2\/product"}],"about":[{"href":"https:\/\/mod.wisdar.net\/tr\/wp-json\/wp\/v2\/types\/product"}],"replies":[{"embeddable":true,"href":"https:\/\/mod.wisdar.net\/tr\/wp-json\/wp\/v2\/comments?post=108471"}],"wp:featuredmedia":[{"embeddable":true,"href":"https:\/\/mod.wisdar.net\/tr\/wp-json\/wp\/v2\/media\/108460"}],"wp:attachment":[{"href":"https:\/\/mod.wisdar.net\/tr\/wp-json\/wp\/v2\/media?parent=108471"}],"wp:term":[{"taxonomy":"product_brand","embeddable":true,"href":"https:\/\/mod.wisdar.net\/tr\/wp-json\/wp\/v2\/product_brand?post=108471"},{"taxonomy":"product_cat","embeddable":true,"href":"https:\/\/mod.wisdar.net\/tr\/wp-json\/wp\/v2\/product_cat?post=108471"},{"taxonomy":"product_tag","embeddable":true,"href":"https:\/\/mod.wisdar.net\/tr\/wp-json\/wp\/v2\/product_tag?post=108471"}],"curies":[{"name":"wp","href":"https:\/\/api.w.org\/{rel}","templated":true}]}}