{"id":108517,"date":"2026-02-16T19:42:56","date_gmt":"2026-02-16T19:42:56","guid":{"rendered":"https:\/\/modesthanim.com\/product\/lacivert-bol-paca-sifon-pantolon\/"},"modified":"2026-04-03T19:50:03","modified_gmt":"2026-04-03T19:50:03","slug":"lacivert-bol-paca-sifon-pantolon","status":"publish","type":"product","link":"https:\/\/mod.wisdar.net\/tr\/urun\/lacivert-bol-paca-sifon-pantolon\/","title":{"rendered":"Lacivert Bol Pa\u00e7a \u015eifon Pantolon"},"content":{"rendered":"<p>BAKIMI:<br \/>\n\u00dcr\u00fcn\u00fcm\u00fcz\u00fc ters \u00e7evirerek hassas programda tek ba\u015f\u0131na y\u0131kay\u0131n\u0131z.<br \/>\nS\u0131v\u0131 deterjan kullanarak y\u0131kamal\u0131 ve d\u00fc\u015f\u00fck devirde s\u0131kmal\u0131s\u0131n\u0131z.<br \/>\nSererek kurutmal\u0131 ve d\u00fc\u015f\u00fck s\u0131cakl\u0131kta \u00fct\u00fclemelisiniz.<br \/>\nED\u0130T\u00d6R\u00dcN YORUMU<br \/>\nBol pa\u00e7a \u015fifon pantolon, v\u00fccut hatlar\u0131n\u0131z\u0131 belli etmeden hem sade hem de dikkat \u00e7ekici bir g\u00f6r\u00fcn\u00fcm sunuyor. Belinizi incelten y\u00fcksek bel kesimiyle bacak boyunu uzatarak tarz\u0131n\u0131za hava kat\u0131yor. Topuklu ayakkab\u0131larla zarif bir \u015f\u0131kl\u0131k yakalayabilir veya spor ayakkab\u0131larla g\u00fcnl\u00fck bir stil olu\u015fturabilirsiniz. \u00d6zel hayattan tatil stiline, ofis \u015f\u0131kl\u0131\u011f\u0131ndan hafta sonu kombinlerine kadar geni\u015f bir kullan\u0131m alan\u0131 sunan modelimiz, minimal tarz\u0131yla zamans\u0131z bir duru\u015f sergiliyor. Kombinleyece\u011finiz tesett\u00fcr g\u00f6mlekle g\u00fcn boyu \u015f\u0131k ve sofistike bir g\u00f6r\u00fcn\u00fcm sunuyor. Levidor fark\u0131 ve g\u00fcvencesiyle birbirinden \u015f\u0131k ve kaliteli modellere sahip olmak art\u0131k \u00e7ok kolay.<\/p>\n<p>\u2014 Teknik Detaylar \u2014<br \/>\nKuma\u015f: \u015eifon<br \/>\nDesen: D\u00fcz<br \/>\nY\u0131l: 2025<br \/>\nManken \u00d6l\u00e7\u00fcs\u00fc: Boy: 174 cm, G\u00f6\u011f\u00fcs: 90 cm, Bel: 65 cm, Basen: 95 cm, Kol Boyu: 60 cm.<br \/>\nBel: Lastikli<br \/>\nKuma\u015f Tipi: Polyester<\/p>\n","protected":false},"excerpt":{"rendered":"<p>BAKIMI: \u00dcr\u00fcn\u00fcm\u00fcz\u00fc ters \u00e7evirerek hassas programda tek ba\u015f\u0131na y\u0131kay\u0131n\u0131z. S\u0131v\u0131 deterjan kullanarak y\u0131kamal\u0131 ve d\u00fc\u015f\u00fck devirde s\u0131kmal\u0131s\u0131n\u0131z. Sererek kurutmal\u0131 ve d\u00fc\u015f\u00fck s\u0131cakl\u0131kta \u00fct\u00fclemelisiniz. ED\u0130T\u00d6R\u00dcN YORUMU Bol pa\u00e7a \u015fifon pantolon, v\u00fccut hatlar\u0131n\u0131z\u0131 belli etmeden hem sade hem de dikkat \u00e7ekici bir g\u00f6r\u00fcn\u00fcm sunuyor. Belinizi incelten y\u00fcksek bel kesimiyle bacak boyunu uzatarak tarz\u0131n\u0131za hava kat\u0131yor. Topuklu ayakkab\u0131larla [&hellip;]<\/p>\n","protected":false},"featured_media":108513,"comment_status":"open","ping_status":"closed","template":"","meta":[],"product_brand":[],"product_cat":[1882],"product_tag":[],"class_list":{"0":"post-108517","1":"product","2":"type-product","3":"status-publish","4":"has-post-thumbnail","6":"product_cat-alt-giyim","7":"pa_brand-levidor","8":"pa_color-lacivert","9":"pa_size-4706","10":"pa_size-4711","11":"pa_size-4713","12":"pa_size-4751","13":"pa_size-4749","15":"first","16":"instock","17":"shipping-taxable","18":"purchasable","19":"product-type-variable"},"_links":{"self":[{"href":"https:\/\/mod.wisdar.net\/tr\/wp-json\/wp\/v2\/product\/108517","targetHints":{"allow":["GET"]}}],"collection":[{"href":"https:\/\/mod.wisdar.net\/tr\/wp-json\/wp\/v2\/product"}],"about":[{"href":"https:\/\/mod.wisdar.net\/tr\/wp-json\/wp\/v2\/types\/product"}],"replies":[{"embeddable":true,"href":"https:\/\/mod.wisdar.net\/tr\/wp-json\/wp\/v2\/comments?post=108517"}],"wp:featuredmedia":[{"embeddable":true,"href":"https:\/\/mod.wisdar.net\/tr\/wp-json\/wp\/v2\/media\/108513"}],"wp:attachment":[{"href":"https:\/\/mod.wisdar.net\/tr\/wp-json\/wp\/v2\/media?parent=108517"}],"wp:term":[{"taxonomy":"product_brand","embeddable":true,"href":"https:\/\/mod.wisdar.net\/tr\/wp-json\/wp\/v2\/product_brand?post=108517"},{"taxonomy":"product_cat","embeddable":true,"href":"https:\/\/mod.wisdar.net\/tr\/wp-json\/wp\/v2\/product_cat?post=108517"},{"taxonomy":"product_tag","embeddable":true,"href":"https:\/\/mod.wisdar.net\/tr\/wp-json\/wp\/v2\/product_tag?post=108517"}],"curies":[{"name":"wp","href":"https:\/\/api.w.org\/{rel}","templated":true}]}}