{"id":108552,"date":"2026-02-16T19:43:31","date_gmt":"2026-02-16T19:43:31","guid":{"rendered":"https:\/\/modesthanim.com\/product\/murdum-genis-pacali-sifon-pantolon\/"},"modified":"2026-02-16T19:56:03","modified_gmt":"2026-02-16T19:56:03","slug":"murdum-genis-pacali-sifon-pantolon","status":"publish","type":"product","link":"https:\/\/mod.wisdar.net\/tr\/urun\/murdum-genis-pacali-sifon-pantolon\/","title":{"rendered":"M\u00fcrd\u00fcm Geni\u015f Pa\u00e7al\u0131 \u015eifon Pantolon"},"content":{"rendered":"<p>BAKIMI:<br \/>\n\u00dcr\u00fcn\u00fcm\u00fcz\u00fc tersinden hassas programda tek y\u0131kay\u0131n\u0131z.<br \/>\n S\u0131v\u0131 deterjanla y\u0131kamal\u0131 ve d\u00fc\u015f\u00fck devirde s\u0131kma yapmal\u0131s\u0131n\u0131z.<br \/>\n Sererek kurutmal\u0131 ve d\u00fc\u015f\u00fck s\u0131cakl\u0131kta \u00fct\u00fc yapmal\u0131s\u0131n\u0131z.<br \/>\nED\u0130T\u00d6R\u00dcN YORUMU<br \/>\n Geni\u015f Pa\u00e7al\u0131 \u015eifon Pantolon stil ve tarz\u0131n\u0131z\u0131 yakalaman\u0131z\u0131n \u00f6tesinde g\u00fcn boyu rahatl\u0131k sa\u011fl\u0131yor. K\u0131sa g\u00f6mlek modelleriyle kombinlendi\u011finde konforlu bir g\u00fcn ge\u00e7irmenize olanak sa\u011fl\u0131yor. Levidor fark\u0131 ve g\u00fcvencesiyle birbirinden \u015f\u0131k ve kaliteli modellere sahip olmak art\u0131k \u00e7ok kolay.<\/p>\n<p>\u2014 Technical Details \u2014<br \/>\nKuma\u015f: \u015eifon<br \/>\nDesen: D\u00fcz<br \/>\nManken \u00d6l\u00e7\u00fcs\u00fc: Boy: 176 cm,Gog\u00fcs: 94 cm,Bel: 75 cm,Basen: 107 cm,Kol Boyu: 61 cm<br \/>\nKapama Tarz\u0131: Fermuarl\u0131<br \/>\nAstar Durumu: Astarl\u0131<br \/>\nCep Tipi: Cepsiz<\/p>\n","protected":false},"excerpt":{"rendered":"<p>BAKIMI: \u00dcr\u00fcn\u00fcm\u00fcz\u00fc tersinden hassas programda tek y\u0131kay\u0131n\u0131z. S\u0131v\u0131 deterjanla y\u0131kamal\u0131 ve d\u00fc\u015f\u00fck devirde s\u0131kma yapmal\u0131s\u0131n\u0131z. Sererek kurutmal\u0131 ve d\u00fc\u015f\u00fck s\u0131cakl\u0131kta \u00fct\u00fc yapmal\u0131s\u0131n\u0131z. ED\u0130T\u00d6R\u00dcN YORUMU Geni\u015f Pa\u00e7al\u0131 \u015eifon Pantolon stil ve tarz\u0131n\u0131z\u0131 yakalaman\u0131z\u0131n \u00f6tesinde g\u00fcn boyu rahatl\u0131k sa\u011fl\u0131yor. K\u0131sa g\u00f6mlek modelleriyle kombinlendi\u011finde konforlu bir g\u00fcn ge\u00e7irmenize olanak sa\u011fl\u0131yor. Levidor fark\u0131 ve g\u00fcvencesiyle birbirinden \u015f\u0131k ve kaliteli [&hellip;]<\/p>\n","protected":false},"featured_media":108548,"comment_status":"open","ping_status":"closed","template":"","meta":[],"product_brand":[],"product_cat":[1882],"product_tag":[7729,7881,7732],"class_list":{"0":"post-108552","1":"product","2":"type-product","3":"status-publish","4":"has-post-thumbnail","6":"product_cat-alt-giyim","7":"product_tag-bol-paca-pantolon","8":"product_tag-moda-pantolon","9":"product_tag-rahat-alt-giyim","10":"pa_brand-levidor","11":"pa_color-murdum","12":"pa_size-4706","13":"pa_size-4711","14":"pa_size-4713","15":"pa_size-4751","16":"pa_size-4749","18":"first","19":"instock","20":"shipping-taxable","21":"purchasable","22":"product-type-variable"},"_links":{"self":[{"href":"https:\/\/mod.wisdar.net\/tr\/wp-json\/wp\/v2\/product\/108552","targetHints":{"allow":["GET"]}}],"collection":[{"href":"https:\/\/mod.wisdar.net\/tr\/wp-json\/wp\/v2\/product"}],"about":[{"href":"https:\/\/mod.wisdar.net\/tr\/wp-json\/wp\/v2\/types\/product"}],"replies":[{"embeddable":true,"href":"https:\/\/mod.wisdar.net\/tr\/wp-json\/wp\/v2\/comments?post=108552"}],"wp:featuredmedia":[{"embeddable":true,"href":"https:\/\/mod.wisdar.net\/tr\/wp-json\/wp\/v2\/media\/108548"}],"wp:attachment":[{"href":"https:\/\/mod.wisdar.net\/tr\/wp-json\/wp\/v2\/media?parent=108552"}],"wp:term":[{"taxonomy":"product_brand","embeddable":true,"href":"https:\/\/mod.wisdar.net\/tr\/wp-json\/wp\/v2\/product_brand?post=108552"},{"taxonomy":"product_cat","embeddable":true,"href":"https:\/\/mod.wisdar.net\/tr\/wp-json\/wp\/v2\/product_cat?post=108552"},{"taxonomy":"product_tag","embeddable":true,"href":"https:\/\/mod.wisdar.net\/tr\/wp-json\/wp\/v2\/product_tag?post=108552"}],"curies":[{"name":"wp","href":"https:\/\/api.w.org\/{rel}","templated":true}]}}