{"id":108651,"date":"2026-02-16T19:45:50","date_gmt":"2026-02-16T19:45:50","guid":{"rendered":"https:\/\/modesthanim.com\/product\/asit-beli-lastikli-nervur-dikisli-pantolon\/"},"modified":"2026-02-16T19:55:33","modified_gmt":"2026-02-16T19:55:33","slug":"asit-beli-lastikli-nervur-dikisli-pantolon","status":"publish","type":"product","link":"https:\/\/mod.wisdar.net\/tr\/urun\/asit-beli-lastikli-nervur-dikisli-pantolon\/","title":{"rendered":"Asit Beli Lastikli Nerv\u00fcr Diki\u015fli Pantolon"},"content":{"rendered":"<p>BAKIMI:<br \/>\n\u00dcr\u00fcn\u00fcm\u00fcz\u00fc tersinden hassas programda tek y\u0131kay\u0131n\u0131z.<br \/>\n S\u0131v\u0131 deterjanla y\u0131kamal\u0131 ve d\u00fc\u015f\u00fck devirde s\u0131kma yapmal\u0131s\u0131n\u0131z.<br \/>\n Sererek kurutmal\u0131 ve d\u00fc\u015f\u00fck s\u0131cakl\u0131kta \u00fct\u00fc yapmal\u0131s\u0131n\u0131z.<br \/>\nED\u0130T\u00d6R\u00dcN YORUMU<br \/>\nBeli lastikli nerv\u00fcr diki\u015fli pantolon modeli elastik beli sayesinde rahat giyilmesine olanak sa\u011fl\u0131yor. Nerv\u00fcr diki\u015f detaylar\u0131 ise klasik pantolonlardan farkl\u0131 olarak modern bir g\u00f6r\u00fcn\u00fcm olu\u015fturuyor. Hem spor hem de casual kombinlerinizde kullan\u0131labilen beli lastikli nerv\u00fcrl\u00fc pantolonumuzu t-shirt sweatshirt ya da \u015f\u0131k bluzlarla kolayca kombinleyebilirsiniz. \u00d6zellikle sonbahar ve k\u0131\u015f aylar\u0131nda kal\u0131n kuma\u015fl\u0131 versiyonlar\u0131yla s\u0131cak tutarken \u015f\u0131kl\u0131\u011f\u0131 da elden b\u0131rakm\u0131yor. Palazzo kesimiyle bacak boyunu daha uzun g\u00f6sterme etkisi yarat\u0131yor. Hem spor ayakkab\u0131larla hem de topuklu ayakkab\u0131larla kolayca uyum sa\u011flayan \u00e7ok y\u00f6nl\u00fc kombinleme \u015fans\u0131 veriyor.<\/p>\n<p>\u2014 Technical Details \u2014<br \/>\nKuma\u015f: Atlas<br \/>\nDesen: D\u00fcz<br \/>\nManken \u00d6l\u00e7\u00fcs\u00fc: Boy:174 cm, G\u00f6\u011f\u00fcs: 87 cm, Basen: 100 cm, Kol Boyu: 60 cm<br \/>\nBel: Lastikli<br \/>\nKuma\u015f Tipi: Polyester<br \/>\nCep Tipi: Cepli<\/p>\n","protected":false},"excerpt":{"rendered":"<p>BAKIMI: \u00dcr\u00fcn\u00fcm\u00fcz\u00fc tersinden hassas programda tek y\u0131kay\u0131n\u0131z. S\u0131v\u0131 deterjanla y\u0131kamal\u0131 ve d\u00fc\u015f\u00fck devirde s\u0131kma yapmal\u0131s\u0131n\u0131z. Sererek kurutmal\u0131 ve d\u00fc\u015f\u00fck s\u0131cakl\u0131kta \u00fct\u00fc yapmal\u0131s\u0131n\u0131z. ED\u0130T\u00d6R\u00dcN YORUMU Beli lastikli nerv\u00fcr diki\u015fli pantolon modeli elastik beli sayesinde rahat giyilmesine olanak sa\u011fl\u0131yor. Nerv\u00fcr diki\u015f detaylar\u0131 ise klasik pantolonlardan farkl\u0131 olarak modern bir g\u00f6r\u00fcn\u00fcm olu\u015fturuyor. Hem spor hem de casual kombinlerinizde [&hellip;]<\/p>\n","protected":false},"featured_media":108646,"comment_status":"open","ping_status":"closed","template":"","meta":[],"product_brand":[],"product_cat":[1882],"product_tag":[7426,8443],"class_list":{"0":"post-108651","1":"product","2":"type-product","3":"status-publish","4":"has-post-thumbnail","6":"product_cat-alt-giyim","7":"product_tag-gunluk-giyim-3","8":"product_tag-palazzo-pantolon","9":"pa_brand-levidor","10":"pa_color-asit","11":"pa_size-l","12":"pa_size-m","13":"pa_size-s","15":"first","16":"instock","17":"shipping-taxable","18":"purchasable","19":"product-type-variable"},"_links":{"self":[{"href":"https:\/\/mod.wisdar.net\/tr\/wp-json\/wp\/v2\/product\/108651","targetHints":{"allow":["GET"]}}],"collection":[{"href":"https:\/\/mod.wisdar.net\/tr\/wp-json\/wp\/v2\/product"}],"about":[{"href":"https:\/\/mod.wisdar.net\/tr\/wp-json\/wp\/v2\/types\/product"}],"replies":[{"embeddable":true,"href":"https:\/\/mod.wisdar.net\/tr\/wp-json\/wp\/v2\/comments?post=108651"}],"wp:featuredmedia":[{"embeddable":true,"href":"https:\/\/mod.wisdar.net\/tr\/wp-json\/wp\/v2\/media\/108646"}],"wp:attachment":[{"href":"https:\/\/mod.wisdar.net\/tr\/wp-json\/wp\/v2\/media?parent=108651"}],"wp:term":[{"taxonomy":"product_brand","embeddable":true,"href":"https:\/\/mod.wisdar.net\/tr\/wp-json\/wp\/v2\/product_brand?post=108651"},{"taxonomy":"product_cat","embeddable":true,"href":"https:\/\/mod.wisdar.net\/tr\/wp-json\/wp\/v2\/product_cat?post=108651"},{"taxonomy":"product_tag","embeddable":true,"href":"https:\/\/mod.wisdar.net\/tr\/wp-json\/wp\/v2\/product_tag?post=108651"}],"curies":[{"name":"wp","href":"https:\/\/api.w.org\/{rel}","templated":true}]}}