{"id":108674,"date":"2026-02-16T19:46:07","date_gmt":"2026-02-16T19:46:07","guid":{"rendered":"https:\/\/modesthanim.com\/product\/siyah-pilise-detayli-etek\/"},"modified":"2026-02-16T19:55:29","modified_gmt":"2026-02-16T19:55:29","slug":"siyah-pilise-detayli-etek","status":"publish","type":"product","link":"https:\/\/mod.wisdar.net\/tr\/urun\/siyah-pilise-detayli-etek\/","title":{"rendered":"Siyah Pilise Detayl\u0131 Etek"},"content":{"rendered":"<p>BAKIMI:<br \/>\n\u00dcr\u00fcn\u00fcm\u00fcz\u00fc tersinden hassas programda tek y\u0131kay\u0131n\u0131z.<br \/>\n S\u0131v\u0131 deterjanla y\u0131kamal\u0131 ve d\u00fc\u015f\u00fck devirde s\u0131kma yapmal\u0131s\u0131n\u0131z.<br \/>\n Sererek kurutmal\u0131 ve d\u00fc\u015f\u00fck s\u0131cakl\u0131kta \u00fct\u00fc yapmal\u0131s\u0131n\u0131z.<br \/>\nED\u0130T\u00d6R\u00dcN YORUMU<br \/>\n Pilise detayl\u0131 etek sade kombininizi en \u00fcst seviyeye ta\u015f\u0131yacak kadar zarif; bir o kadar da iddial\u0131 g\u00f6r\u00fcnmenizi sa\u011fl\u0131yor. Pilise kesimi sayesinde topuklu ayakkab\u0131larla zarif bir \u015f\u0131kl\u0131k yakalayabilir ya da spor ayakkab\u0131larla g\u00fcnl\u00fck bir stil olu\u015fturabilirsiniz. Ete\u011fimizin asimetrik kesiminde bulunan pilise detaylar\u0131 dikkatleri ilk bak\u0131\u015fta \u00fczerinize \u00e7ekiyor. Kombinleyece\u011finiz k\u0131sa bayan g\u00f6mlek ile g\u00fcn boyu \u015f\u0131k ve sofistike bir g\u00f6r\u00fcn\u00fcm sunuyor. Levidor fark\u0131 ve g\u00fcvencesiyle birbirinden \u015f\u0131k ve kaliteli modellere sahip olmak art\u0131k \u00e7ok kolay.<\/p>\n<p>\u2014 Technical Details \u2014<br \/>\nKuma\u015f: Dokuma<br \/>\nDesen: D\u00fcz<br \/>\nManken \u00d6l\u00e7\u00fcs\u00fc: Boy:170 cm,Gog\u00fcs:86 cm,Bel:64 cm,Basen:95 cm,Kol Boyu:60 cm.<br \/>\nBel: Lastikli<br \/>\nAstar Durumu: Astarl\u0131<br \/>\nCep Tipi: Cepsiz<\/p>\n","protected":false},"excerpt":{"rendered":"<p>BAKIMI: \u00dcr\u00fcn\u00fcm\u00fcz\u00fc tersinden hassas programda tek y\u0131kay\u0131n\u0131z. S\u0131v\u0131 deterjanla y\u0131kamal\u0131 ve d\u00fc\u015f\u00fck devirde s\u0131kma yapmal\u0131s\u0131n\u0131z. Sererek kurutmal\u0131 ve d\u00fc\u015f\u00fck s\u0131cakl\u0131kta \u00fct\u00fc yapmal\u0131s\u0131n\u0131z. ED\u0130T\u00d6R\u00dcN YORUMU Pilise detayl\u0131 etek sade kombininizi en \u00fcst seviyeye ta\u015f\u0131yacak kadar zarif; bir o kadar da iddial\u0131 g\u00f6r\u00fcnmenizi sa\u011fl\u0131yor. Pilise kesimi sayesinde topuklu ayakkab\u0131larla zarif bir \u015f\u0131kl\u0131k yakalayabilir ya da spor ayakkab\u0131larla [&hellip;]<\/p>\n","protected":false},"featured_media":108670,"comment_status":"open","ping_status":"closed","template":"","meta":[],"product_brand":[],"product_cat":[1969],"product_tag":[7547,7600,7622],"class_list":{"0":"post-108674","1":"product","2":"type-product","3":"status-publish","4":"has-post-thumbnail","6":"product_cat-etekler","7":"product_tag-kadin-giyim","8":"product_tag-pileli-etek","9":"product_tag-siyah-etek","10":"pa_brand-levidor","11":"pa_color-siyah","12":"pa_size-4706","13":"pa_size-4711","14":"pa_size-4713","15":"pa_size-4751","17":"first","18":"instock","19":"sale","20":"shipping-taxable","21":"purchasable","22":"product-type-variable"},"_links":{"self":[{"href":"https:\/\/mod.wisdar.net\/tr\/wp-json\/wp\/v2\/product\/108674","targetHints":{"allow":["GET"]}}],"collection":[{"href":"https:\/\/mod.wisdar.net\/tr\/wp-json\/wp\/v2\/product"}],"about":[{"href":"https:\/\/mod.wisdar.net\/tr\/wp-json\/wp\/v2\/types\/product"}],"replies":[{"embeddable":true,"href":"https:\/\/mod.wisdar.net\/tr\/wp-json\/wp\/v2\/comments?post=108674"}],"wp:featuredmedia":[{"embeddable":true,"href":"https:\/\/mod.wisdar.net\/tr\/wp-json\/wp\/v2\/media\/108670"}],"wp:attachment":[{"href":"https:\/\/mod.wisdar.net\/tr\/wp-json\/wp\/v2\/media?parent=108674"}],"wp:term":[{"taxonomy":"product_brand","embeddable":true,"href":"https:\/\/mod.wisdar.net\/tr\/wp-json\/wp\/v2\/product_brand?post=108674"},{"taxonomy":"product_cat","embeddable":true,"href":"https:\/\/mod.wisdar.net\/tr\/wp-json\/wp\/v2\/product_cat?post=108674"},{"taxonomy":"product_tag","embeddable":true,"href":"https:\/\/mod.wisdar.net\/tr\/wp-json\/wp\/v2\/product_tag?post=108674"}],"curies":[{"name":"wp","href":"https:\/\/api.w.org\/{rel}","templated":true}]}}