{"id":108709,"date":"2026-02-16T19:46:56","date_gmt":"2026-02-16T19:46:56","guid":{"rendered":"https:\/\/modesthanim.com\/product\/mavi-paca-dikis-detayli-wideleg-jean\/"},"modified":"2026-04-10T20:14:36","modified_gmt":"2026-04-10T20:14:36","slug":"mavi-paca-dikis-detayli-wideleg-jean","status":"publish","type":"product","link":"https:\/\/mod.wisdar.net\/tr\/urun\/mavi-paca-dikis-detayli-wideleg-jean\/","title":{"rendered":"Mavi Pa\u00e7a Diki\u015f Detayl\u0131 Wideleg Jean"},"content":{"rendered":"<p>BAKIMI:<br \/>\n\u00dcr\u00fcn\u00fcm\u00fcz\u00fc tersinden hassas programda tek y\u0131kay\u0131n\u0131z.<br \/>\n S\u0131v\u0131 deterjanla y\u0131kamal\u0131 ve d\u00fc\u015f\u00fck devirde s\u0131kma yapmal\u0131s\u0131n\u0131z.<br \/>\n Sererek kurutmal\u0131 ve d\u00fc\u015f\u00fck s\u0131cakl\u0131kta \u00fct\u00fc yapmal\u0131s\u0131n\u0131z.<br \/>\nED\u0130T\u00d6R\u00dcN YORUMU<br \/>\n Pa\u00e7a diki\u015f detayl\u0131 wideleg jean modelleri v\u00fccuda oturan kusursuz kal\u0131b\u0131yla rahatl\u0131\u011f\u0131 ve \u015f\u0131kl\u0131\u011f\u0131 bir araya getiriyor. Pantolonumuzun geni\u015f pa\u00e7a tasar\u0131m\u0131 ve diki\u015fi detay\u0131 sayesinde topuklu ayakkab\u0131larla zarif bir \u015f\u0131kl\u0131k yakalayabilir ya da spor ayakkab\u0131larla g\u00fcnl\u00fck bir stil olu\u015fturabilirsiniz. Uzun bayan tunik modelleriyle kombinleyerek tarz\u0131n\u0131za sofistike bir g\u00f6r\u00fcn\u00fcm katabilirsiniz. Levidor fark\u0131 ve g\u00fcvencesiyle birbirinden \u015f\u0131k ve kaliteli modellere sahip olmak art\u0131k \u00e7ok kolay.<\/p>\n<p>\u2014 Technical Details \u2014<br \/>\nKuma\u015f: Denim<br \/>\nDesen: D\u00fcz<br \/>\nManken \u00d6l\u00e7\u00fcs\u00fc: Boy:174 cm,G\u00f6g\u00fcs 90 cm, Bel 65 cm, Basen 95 cm, Kol Boyu 60 cm.<br \/>\nKapama Tarz\u0131: D\u00fc\u011fmeli<br \/>\nCep Tipi: Cepli<\/p>\n","protected":false},"excerpt":{"rendered":"<p>BAKIMI: \u00dcr\u00fcn\u00fcm\u00fcz\u00fc tersinden hassas programda tek y\u0131kay\u0131n\u0131z. S\u0131v\u0131 deterjanla y\u0131kamal\u0131 ve d\u00fc\u015f\u00fck devirde s\u0131kma yapmal\u0131s\u0131n\u0131z. Sererek kurutmal\u0131 ve d\u00fc\u015f\u00fck s\u0131cakl\u0131kta \u00fct\u00fc yapmal\u0131s\u0131n\u0131z. ED\u0130T\u00d6R\u00dcN YORUMU Pa\u00e7a diki\u015f detayl\u0131 wideleg jean modelleri v\u00fccuda oturan kusursuz kal\u0131b\u0131yla rahatl\u0131\u011f\u0131 ve \u015f\u0131kl\u0131\u011f\u0131 bir araya getiriyor. Pantolonumuzun geni\u015f pa\u00e7a tasar\u0131m\u0131 ve diki\u015fi detay\u0131 sayesinde topuklu ayakkab\u0131larla zarif bir \u015f\u0131kl\u0131k yakalayabilir ya [&hellip;]<\/p>\n","protected":false},"featured_media":108703,"comment_status":"open","ping_status":"closed","template":"","meta":[],"product_brand":[],"product_cat":[1882],"product_tag":[7426],"class_list":{"0":"post-108709","1":"product","2":"type-product","3":"status-publish","4":"has-post-thumbnail","6":"product_cat-alt-giyim","7":"product_tag-gunluk-giyim-3","8":"pa_brand-levidor","9":"pa_color-mavi","10":"pa_size-4446","11":"pa_size-4463","12":"pa_size-4680","13":"pa_size-4694","15":"first","16":"instock","17":"shipping-taxable","18":"purchasable","19":"product-type-variable"},"_links":{"self":[{"href":"https:\/\/mod.wisdar.net\/tr\/wp-json\/wp\/v2\/product\/108709","targetHints":{"allow":["GET"]}}],"collection":[{"href":"https:\/\/mod.wisdar.net\/tr\/wp-json\/wp\/v2\/product"}],"about":[{"href":"https:\/\/mod.wisdar.net\/tr\/wp-json\/wp\/v2\/types\/product"}],"replies":[{"embeddable":true,"href":"https:\/\/mod.wisdar.net\/tr\/wp-json\/wp\/v2\/comments?post=108709"}],"wp:featuredmedia":[{"embeddable":true,"href":"https:\/\/mod.wisdar.net\/tr\/wp-json\/wp\/v2\/media\/108703"}],"wp:attachment":[{"href":"https:\/\/mod.wisdar.net\/tr\/wp-json\/wp\/v2\/media?parent=108709"}],"wp:term":[{"taxonomy":"product_brand","embeddable":true,"href":"https:\/\/mod.wisdar.net\/tr\/wp-json\/wp\/v2\/product_brand?post=108709"},{"taxonomy":"product_cat","embeddable":true,"href":"https:\/\/mod.wisdar.net\/tr\/wp-json\/wp\/v2\/product_cat?post=108709"},{"taxonomy":"product_tag","embeddable":true,"href":"https:\/\/mod.wisdar.net\/tr\/wp-json\/wp\/v2\/product_tag?post=108709"}],"curies":[{"name":"wp","href":"https:\/\/api.w.org\/{rel}","templated":true}]}}