{"id":108925,"date":"2026-02-16T20:10:07","date_gmt":"2026-02-16T20:10:07","guid":{"rendered":"https:\/\/modesthanim.com\/product\/vizon-genis-paca-piliseli-pantolon-etek\/"},"modified":"2026-02-16T20:10:26","modified_gmt":"2026-02-16T20:10:26","slug":"vizon-genis-paca-piliseli-pantolon-etek","status":"publish","type":"product","link":"https:\/\/mod.wisdar.net\/tr\/urun\/vizon-genis-paca-piliseli-pantolon-etek\/","title":{"rendered":"Vizon Geni\u015f Pa\u00e7a Piliseli Pantolon Etek"},"content":{"rendered":"<p>BAKIMI:<br \/>\n\u00dcr\u00fcn\u00fcm\u00fcz\u00fc tersinden hassas programda tek y\u0131kay\u0131n\u0131z.<br \/>\n S\u0131v\u0131 deterjanla y\u0131kamal\u0131 ve d\u00fc\u015f\u00fck devirde s\u0131kma yapmal\u0131s\u0131n\u0131z.<br \/>\n Sererek kurutmal\u0131 ve d\u00fc\u015f\u00fck s\u0131cakl\u0131kta \u00fct\u00fc yapmal\u0131s\u0131n\u0131z.<br \/>\nED\u0130T\u00d6R\u00dcN YORUMU<br \/>\nGeni\u015f pa\u00e7a tasar\u0131m\u0131 sayesinde pantolon rahatl\u0131\u011f\u0131n\u0131 etek g\u00f6r\u00fcn\u00fcm\u00fcyle birle\u015ftiren geni\u015f pa\u00e7a piliseli pantolon etek  \u00f6zg\u00fcn bir stil ortaya \u00e7\u0131kar\u0131yor. Pilise detaylar\u0131 \u00fcr\u00fcne hareket ve dinamizm kazand\u0131rarak sofistike bir hava olu\u015fturuyor. Y\u00fcksek bel kesimi bacak boyunuzu daha uzun g\u00f6stererek kombinlerin daha \u015f\u0131k g\u00f6r\u00fcnmesine yard\u0131mc\u0131 oluyor. D\u00f6rt mevsim kullan\u0131labilen yap\u0131s\u0131 sayesinde gard\u0131roplar\u0131n vazge\u00e7ilmez par\u00e7alar\u0131 aras\u0131ndad\u0131r. Hem spor ayakkab\u0131larla hem de topuklu ayakkab\u0131larla kolayca uyum sa\u011flayan \u00e7ok y\u00f6nl\u00fc kombinleme \u015fans\u0131 veriyor.<\/p>\n<p>\u2014 Technical Details \u2014<br \/>\nKuma\u015f: Polyester<br \/>\nDesen: D\u00fcz<br \/>\nManken \u00d6l\u00e7\u00fcs\u00fc: Boy:170 cm,Gog\u00fcs:86 cm,Bel:64 cm,Basen:95 cm,Kol Boyu:60 cm.<br \/>\nKapama Tarz\u0131: Fermuarl\u0131<br \/>\nKuma\u015f Tipi: Aerobin<\/p>\n","protected":false},"excerpt":{"rendered":"<p>BAKIMI: \u00dcr\u00fcn\u00fcm\u00fcz\u00fc tersinden hassas programda tek y\u0131kay\u0131n\u0131z. S\u0131v\u0131 deterjanla y\u0131kamal\u0131 ve d\u00fc\u015f\u00fck devirde s\u0131kma yapmal\u0131s\u0131n\u0131z. Sererek kurutmal\u0131 ve d\u00fc\u015f\u00fck s\u0131cakl\u0131kta \u00fct\u00fc yapmal\u0131s\u0131n\u0131z. ED\u0130T\u00d6R\u00dcN YORUMU Geni\u015f pa\u00e7a tasar\u0131m\u0131 sayesinde pantolon rahatl\u0131\u011f\u0131n\u0131 etek g\u00f6r\u00fcn\u00fcm\u00fcyle birle\u015ftiren geni\u015f pa\u00e7a piliseli pantolon etek \u00f6zg\u00fcn bir stil ortaya \u00e7\u0131kar\u0131yor. Pilise detaylar\u0131 \u00fcr\u00fcne hareket ve dinamizm kazand\u0131rarak sofistike bir hava olu\u015fturuyor. Y\u00fcksek [&hellip;]<\/p>\n","protected":false},"featured_media":108920,"comment_status":"open","ping_status":"closed","template":"","meta":[],"product_brand":[],"product_cat":[1882,1969],"product_tag":[7600,8254],"class_list":{"0":"post-108925","1":"product","2":"type-product","3":"status-publish","4":"has-post-thumbnail","6":"product_cat-alt-giyim","7":"product_cat-etekler","8":"product_tag-pileli-etek","9":"product_tag-yuksek-bel-etek","10":"pa_brand-levidor","11":"pa_color-vizon","12":"pa_size-4706","13":"pa_size-4711","14":"pa_size-4713","15":"pa_size-4751","17":"first","18":"instock","19":"sale","20":"shipping-taxable","21":"purchasable","22":"product-type-variable"},"_links":{"self":[{"href":"https:\/\/mod.wisdar.net\/tr\/wp-json\/wp\/v2\/product\/108925","targetHints":{"allow":["GET"]}}],"collection":[{"href":"https:\/\/mod.wisdar.net\/tr\/wp-json\/wp\/v2\/product"}],"about":[{"href":"https:\/\/mod.wisdar.net\/tr\/wp-json\/wp\/v2\/types\/product"}],"replies":[{"embeddable":true,"href":"https:\/\/mod.wisdar.net\/tr\/wp-json\/wp\/v2\/comments?post=108925"}],"wp:featuredmedia":[{"embeddable":true,"href":"https:\/\/mod.wisdar.net\/tr\/wp-json\/wp\/v2\/media\/108920"}],"wp:attachment":[{"href":"https:\/\/mod.wisdar.net\/tr\/wp-json\/wp\/v2\/media?parent=108925"}],"wp:term":[{"taxonomy":"product_brand","embeddable":true,"href":"https:\/\/mod.wisdar.net\/tr\/wp-json\/wp\/v2\/product_brand?post=108925"},{"taxonomy":"product_cat","embeddable":true,"href":"https:\/\/mod.wisdar.net\/tr\/wp-json\/wp\/v2\/product_cat?post=108925"},{"taxonomy":"product_tag","embeddable":true,"href":"https:\/\/mod.wisdar.net\/tr\/wp-json\/wp\/v2\/product_tag?post=108925"}],"curies":[{"name":"wp","href":"https:\/\/api.w.org\/{rel}","templated":true}]}}