{"id":108995,"date":"2026-02-16T20:11:29","date_gmt":"2026-02-16T20:11:29","guid":{"rendered":"https:\/\/modesthanim.com\/product\/siyah-kendinden-sal-detayli-tunik-takim\/"},"modified":"2026-02-16T20:11:46","modified_gmt":"2026-02-16T20:11:46","slug":"siyah-kendinden-sal-detayli-tunik-takim","status":"publish","type":"product","link":"https:\/\/mod.wisdar.net\/tr\/urun\/siyah-kendinden-sal-detayli-tunik-takim\/","title":{"rendered":"Siyah Kendinden \u015eal Detayl\u0131 Tunik Tak\u0131m"},"content":{"rendered":"<p>BAKIMI:<br \/>\n\u00dcr\u00fcn\u00fcm\u00fcz\u00fc tersinden hassas programda tek y\u0131kay\u0131n\u0131z.<br \/>\n S\u0131v\u0131 deterjanla y\u0131kamal\u0131 ve d\u00fc\u015f\u00fck devirde s\u0131kma yapmal\u0131s\u0131n\u0131z.<br \/>\n Sererek kurutmal\u0131 ve d\u00fc\u015f\u00fck s\u0131cakl\u0131kta \u00fct\u00fc yapmal\u0131s\u0131n\u0131z.<br \/>\nED\u0130T\u00d6R\u00dcN YORUMU<br \/>\n Kendinden \u015fal detayl\u0131 tunik tak\u0131m klasik tak\u0131m anlay\u0131\u015f\u0131na modern bir yorum getiriyor. \u015eal detay\u0131 ekstra aksesuar ihtiyac\u0131n\u0131 ortadan kald\u0131rarak zahmetsiz bir \u015f\u0131kl\u0131k kazand\u0131r\u0131yor. Hareketli formuyla her bedende bayana zarif bir siluet sunuyor. \u015e\u0131k bir deri omuz \u00e7antas\u0131 ile kombinledi\u011finde stil sahibi seven kad\u0131nlar i\u00e7in ideal bir tercihdir.<\/p>\n<p>\u2014 Technical Details \u2014<br \/>\nKuma\u015f: Saten<br \/>\nManken \u00d6l\u00e7\u00fcs\u00fc: Boy: 176 cm,Gog\u00fcs: 94 cm,Bel: 75 cm,Basen: 107 cm,Kol Boyu: 61 cm<br \/>\nKuma\u015f Tipi: Poliviskon<br \/>\nYaka Tipi: \u015eal Yaka<\/p>\n","protected":false},"excerpt":{"rendered":"<p>BAKIMI: \u00dcr\u00fcn\u00fcm\u00fcz\u00fc tersinden hassas programda tek y\u0131kay\u0131n\u0131z. S\u0131v\u0131 deterjanla y\u0131kamal\u0131 ve d\u00fc\u015f\u00fck devirde s\u0131kma yapmal\u0131s\u0131n\u0131z. Sererek kurutmal\u0131 ve d\u00fc\u015f\u00fck s\u0131cakl\u0131kta \u00fct\u00fc yapmal\u0131s\u0131n\u0131z. ED\u0130T\u00d6R\u00dcN YORUMU Kendinden \u015fal detayl\u0131 tunik tak\u0131m klasik tak\u0131m anlay\u0131\u015f\u0131na modern bir yorum getiriyor. \u015eal detay\u0131 ekstra aksesuar ihtiyac\u0131n\u0131 ortadan kald\u0131rarak zahmetsiz bir \u015f\u0131kl\u0131k kazand\u0131r\u0131yor. Hareketli formuyla her bedende bayana zarif bir siluet [&hellip;]<\/p>\n","protected":false},"featured_media":108980,"comment_status":"open","ping_status":"closed","template":"","meta":[],"product_brand":[],"product_cat":[1900],"product_tag":[6744],"class_list":{"0":"post-108995","1":"product","2":"type-product","3":"status-publish","4":"has-post-thumbnail","6":"product_cat-koordinatlar-setler","7":"product_tag-kadin-modasi","8":"pa_brand-levidor","9":"pa_color-siyah","10":"pa_size-4706","11":"pa_size-4711","12":"pa_size-4713","14":"first","15":"instock","16":"sale","17":"shipping-taxable","18":"purchasable","19":"product-type-variable"},"_links":{"self":[{"href":"https:\/\/mod.wisdar.net\/tr\/wp-json\/wp\/v2\/product\/108995","targetHints":{"allow":["GET"]}}],"collection":[{"href":"https:\/\/mod.wisdar.net\/tr\/wp-json\/wp\/v2\/product"}],"about":[{"href":"https:\/\/mod.wisdar.net\/tr\/wp-json\/wp\/v2\/types\/product"}],"replies":[{"embeddable":true,"href":"https:\/\/mod.wisdar.net\/tr\/wp-json\/wp\/v2\/comments?post=108995"}],"wp:featuredmedia":[{"embeddable":true,"href":"https:\/\/mod.wisdar.net\/tr\/wp-json\/wp\/v2\/media\/108980"}],"wp:attachment":[{"href":"https:\/\/mod.wisdar.net\/tr\/wp-json\/wp\/v2\/media?parent=108995"}],"wp:term":[{"taxonomy":"product_brand","embeddable":true,"href":"https:\/\/mod.wisdar.net\/tr\/wp-json\/wp\/v2\/product_brand?post=108995"},{"taxonomy":"product_cat","embeddable":true,"href":"https:\/\/mod.wisdar.net\/tr\/wp-json\/wp\/v2\/product_cat?post=108995"},{"taxonomy":"product_tag","embeddable":true,"href":"https:\/\/mod.wisdar.net\/tr\/wp-json\/wp\/v2\/product_tag?post=108995"}],"curies":[{"name":"wp","href":"https:\/\/api.w.org\/{rel}","templated":true}]}}