{"id":109171,"date":"2026-02-16T20:15:01","date_gmt":"2026-02-16T20:15:01","guid":{"rendered":"https:\/\/modesthanim.com\/product\/vizon-etnik-desenli-elbise\/"},"modified":"2026-02-16T20:25:08","modified_gmt":"2026-02-16T20:25:08","slug":"vizon-etnik-desenli-elbise","status":"publish","type":"product","link":"https:\/\/mod.wisdar.net\/tr\/urun\/vizon-etnik-desenli-elbise\/","title":{"rendered":"Vizon Etnik Desenli Elbise"},"content":{"rendered":"<p>BAKIM B\u0130LG\u0130S\u0130:<br \/>\n\u00dcr\u00fcn\u00fc ters \u00e7evirerek hassas programda y\u0131kay\u0131n\u0131z.<br \/>\nS\u0131v\u0131 deterjan kullanarak d\u00fc\u015f\u00fck devirde s\u0131kmal\u0131s\u0131n\u0131z.<br \/>\nSererek kurutun ve d\u00fc\u015f\u00fck \u0131s\u0131da \u00fct\u00fcleyin.<\/p>\n<p>EDIT\u00d6R\u00dcN DE\u011eERLEND\u0130RMES\u0130<br \/>\nEtnik desenli elbise modelimiz \u00e7e\u015fitli renk se\u00e7enekleriyle sunulmaktad\u0131r. Modal kuma\u015f\u0131n nefes alabilir \u00f6zelli\u011fi sayesinde g\u00fcn boyu konforlu hareket imkan\u0131 sa\u011flayan bu model, \u015f\u0131kl\u0131\u011f\u0131n\u0131z\u0131 tamamlar. Lastikli f\u0131rf\u0131rl\u0131 kollu tasar\u0131m\u0131 hafifli\u011fi ve yumu\u015fak dokusuyla cildinizde ferahl\u0131k hissi yarat\u0131r. V\u00fccut hatlar\u0131n\u0131z\u0131 fazla belli etmeden sade ve dikkat \u00e7ekici bir g\u00f6r\u00fcn\u00fcm sunan bu elbise, abart\u0131dan uzak zarif bir se\u00e7imdir.<\/p>\n<p>\u2014 Teknik Detaylar \u2014<br \/>\nKuma\u015f: Modal<br \/>\nDesen: Etnik<br \/>\nModel \u00d6l\u00e7\u00fcleri: Boy: 170 cm, G\u00f6\u011f\u00fcs: 86 cm, Bel: 64 cm, Basen: 95 cm, Kol Boyu: 60 cm<br \/>\nKapama: Fermuar<br \/>\nKol Tipi: B\u00fczg\u00fcl\u00fc\/F\u0131rf\u0131rl\u0131 Kol<br \/>\nKemer\/Ku\u015fak: Ku\u015fakl\u0131<\/p>\n","protected":false},"excerpt":{"rendered":"<p>BAKIM B\u0130LG\u0130S\u0130: \u00dcr\u00fcn\u00fc ters \u00e7evirerek hassas programda y\u0131kay\u0131n\u0131z. S\u0131v\u0131 deterjan kullanarak d\u00fc\u015f\u00fck devirde s\u0131kmal\u0131s\u0131n\u0131z. Sererek kurutun ve d\u00fc\u015f\u00fck \u0131s\u0131da \u00fct\u00fcleyin. EDIT\u00d6R\u00dcN DE\u011eERLEND\u0130RMES\u0130 Etnik desenli elbise modelimiz \u00e7e\u015fitli renk se\u00e7enekleriyle sunulmaktad\u0131r. Modal kuma\u015f\u0131n nefes alabilir \u00f6zelli\u011fi sayesinde g\u00fcn boyu konforlu hareket imkan\u0131 sa\u011flayan bu model, \u015f\u0131kl\u0131\u011f\u0131n\u0131z\u0131 tamamlar. Lastikli f\u0131rf\u0131rl\u0131 kollu tasar\u0131m\u0131 hafifli\u011fi ve yumu\u015fak dokusuyla cildinizde [&hellip;]<\/p>\n","protected":false},"featured_media":109165,"comment_status":"open","ping_status":"closed","template":"","meta":[],"product_brand":[],"product_cat":[6249,1933],"product_tag":[],"class_list":{"0":"post-109171","1":"product","2":"type-product","3":"status-publish","4":"has-post-thumbnail","6":"product_cat-elbiseler","7":"product_cat-gunluk-ve-gunduz-elbiseleri","8":"pa_brand-levidor","9":"pa_color-vizon","10":"pa_size-4706","11":"pa_size-4711","12":"pa_size-4713","13":"pa_size-4751","15":"first","16":"instock","17":"sale","18":"shipping-taxable","19":"purchasable","20":"product-type-variable"},"_links":{"self":[{"href":"https:\/\/mod.wisdar.net\/tr\/wp-json\/wp\/v2\/product\/109171","targetHints":{"allow":["GET"]}}],"collection":[{"href":"https:\/\/mod.wisdar.net\/tr\/wp-json\/wp\/v2\/product"}],"about":[{"href":"https:\/\/mod.wisdar.net\/tr\/wp-json\/wp\/v2\/types\/product"}],"replies":[{"embeddable":true,"href":"https:\/\/mod.wisdar.net\/tr\/wp-json\/wp\/v2\/comments?post=109171"}],"wp:featuredmedia":[{"embeddable":true,"href":"https:\/\/mod.wisdar.net\/tr\/wp-json\/wp\/v2\/media\/109165"}],"wp:attachment":[{"href":"https:\/\/mod.wisdar.net\/tr\/wp-json\/wp\/v2\/media?parent=109171"}],"wp:term":[{"taxonomy":"product_brand","embeddable":true,"href":"https:\/\/mod.wisdar.net\/tr\/wp-json\/wp\/v2\/product_brand?post=109171"},{"taxonomy":"product_cat","embeddable":true,"href":"https:\/\/mod.wisdar.net\/tr\/wp-json\/wp\/v2\/product_cat?post=109171"},{"taxonomy":"product_tag","embeddable":true,"href":"https:\/\/mod.wisdar.net\/tr\/wp-json\/wp\/v2\/product_tag?post=109171"}],"curies":[{"name":"wp","href":"https:\/\/api.w.org\/{rel}","templated":true}]}}