{"id":109226,"date":"2026-02-16T20:17:37","date_gmt":"2026-02-16T20:17:37","guid":{"rendered":"https:\/\/modesthanim.com\/product\/yesil-firfirli-etnik-desen-elbise\/"},"modified":"2026-02-16T20:24:54","modified_gmt":"2026-02-16T20:24:54","slug":"yesil-firfirli-etnik-desen-elbise","status":"publish","type":"product","link":"https:\/\/mod.wisdar.net\/tr\/urun\/yesil-firfirli-etnik-desen-elbise\/","title":{"rendered":"Ye\u015fil F\u0131rf\u0131rl\u0131 Etnik Desen Elbise"},"content":{"rendered":"<p>BAKIMI:<br \/>\n\u00dcr\u00fcn\u00fcm\u00fcz\u00fc tersinden hassas programda tek y\u0131kay\u0131n\u0131z.<br \/>\n S\u0131v\u0131 deterjanla y\u0131kamal\u0131 ve d\u00fc\u015f\u00fck devirde s\u0131kma yapmal\u0131s\u0131n\u0131z.<br \/>\n Sererek kurutmal\u0131 ve d\u00fc\u015f\u00fck s\u0131cakl\u0131kta \u00fct\u00fc yapmal\u0131s\u0131n\u0131z.<br \/>\nED\u0130T\u00d6R\u00dcN YORUMU<br \/>\n Etnik desenler farkl\u0131 k\u00fclt\u00fcrlerin izlerini ta\u015f\u0131yan motiflerden olu\u015fur. Bu desenler f\u0131rf\u0131r detaylar\u0131yla birle\u015fti\u011finde elbiseye bohem bir hava kat\u0131yor. G\u00fcnl\u00fck hayatta hem rahat hem de \u015f\u0131k g\u00f6r\u00fcnmek isteyen kad\u0131nlar\u0131n favorisi f\u0131rf\u0131rl\u0131 etnik desen elbise modelleri oluyor. Pastel renkleri \u00f6zg\u00fcn desenleriyle dolab\u0131n\u0131zda her sezon yerini koruyor.  F\u0131rf\u0131rlar siz hareket ettik\u00e7e dans ediyor g\u00f6r\u00fcn\u00fcm\u00fcyle elbiseye haraket kazand\u0131r\u0131yor. \u00d6zellikle kol u\u00e7lar\u0131 ve g\u00f6\u011f\u00fcs hatt\u0131nda kullan\u0131lan f\u0131rf\u0131rlar \u015f\u0131kl\u0131\u011f\u0131n\u0131z\u0131 \u00f6n plana \u00e7\u0131kar\u0131yor. Elbisemizi<br \/>\nb\u00fcr\u00fcmc\u00fck \u015fal ve minimal tak\u0131larla kombinledi\u011finizde \u015f\u0131k ve sofistike bir g\u00f6r\u00fcn\u00fcm elde edebilirsiniz.<\/p>\n<p>\u2014 Technical Details \u2014<br \/>\nKuma\u015f: Modal<br \/>\nDesen: Etnik<br \/>\nManken \u00d6l\u00e7\u00fcs\u00fc: Boy:170 cm,Gog\u00fcs:86 cm,Bel:64 cm,Basen:95 cm,Kol Boyu:60 cm.<br \/>\nKapama Tarz\u0131: Fermuarl\u0131<br \/>\n\u00dcr\u00fcn Detay\u0131: F\u0131rf\u0131r<br \/>\nKemer\/Ku\u015fak Durumu: Ku\u015fakl\u0131<br \/>\nYaka Tipi: Dik Yaka<\/p>\n","protected":false},"excerpt":{"rendered":"<p>BAKIMI: \u00dcr\u00fcn\u00fcm\u00fcz\u00fc tersinden hassas programda tek y\u0131kay\u0131n\u0131z. S\u0131v\u0131 deterjanla y\u0131kamal\u0131 ve d\u00fc\u015f\u00fck devirde s\u0131kma yapmal\u0131s\u0131n\u0131z. Sererek kurutmal\u0131 ve d\u00fc\u015f\u00fck s\u0131cakl\u0131kta \u00fct\u00fc yapmal\u0131s\u0131n\u0131z. ED\u0130T\u00d6R\u00dcN YORUMU Etnik desenler farkl\u0131 k\u00fclt\u00fcrlerin izlerini ta\u015f\u0131yan motiflerden olu\u015fur. Bu desenler f\u0131rf\u0131r detaylar\u0131yla birle\u015fti\u011finde elbiseye bohem bir hava kat\u0131yor. G\u00fcnl\u00fck hayatta hem rahat hem de \u015f\u0131k g\u00f6r\u00fcnmek isteyen kad\u0131nlar\u0131n favorisi f\u0131rf\u0131rl\u0131 etnik [&hellip;]<\/p>\n","protected":false},"featured_media":109222,"comment_status":"open","ping_status":"closed","template":"","meta":[],"product_brand":[],"product_cat":[6249,1933],"product_tag":[6905,6744,7592],"class_list":{"0":"post-109226","1":"product","2":"type-product","3":"status-publish","4":"has-post-thumbnail","6":"product_cat-elbiseler","7":"product_cat-gunluk-ve-gunduz-elbiseleri","8":"product_tag-gunluk-sik","9":"product_tag-kadin-modasi","10":"product_tag-yesil-elbise","11":"pa_brand-levidor","12":"pa_color-yesil","13":"pa_size-4706","14":"pa_size-4711","15":"pa_size-4713","16":"pa_size-4751","18":"first","19":"instock","20":"sale","21":"shipping-taxable","22":"purchasable","23":"product-type-variable"},"_links":{"self":[{"href":"https:\/\/mod.wisdar.net\/tr\/wp-json\/wp\/v2\/product\/109226","targetHints":{"allow":["GET"]}}],"collection":[{"href":"https:\/\/mod.wisdar.net\/tr\/wp-json\/wp\/v2\/product"}],"about":[{"href":"https:\/\/mod.wisdar.net\/tr\/wp-json\/wp\/v2\/types\/product"}],"replies":[{"embeddable":true,"href":"https:\/\/mod.wisdar.net\/tr\/wp-json\/wp\/v2\/comments?post=109226"}],"wp:featuredmedia":[{"embeddable":true,"href":"https:\/\/mod.wisdar.net\/tr\/wp-json\/wp\/v2\/media\/109222"}],"wp:attachment":[{"href":"https:\/\/mod.wisdar.net\/tr\/wp-json\/wp\/v2\/media?parent=109226"}],"wp:term":[{"taxonomy":"product_brand","embeddable":true,"href":"https:\/\/mod.wisdar.net\/tr\/wp-json\/wp\/v2\/product_brand?post=109226"},{"taxonomy":"product_cat","embeddable":true,"href":"https:\/\/mod.wisdar.net\/tr\/wp-json\/wp\/v2\/product_cat?post=109226"},{"taxonomy":"product_tag","embeddable":true,"href":"https:\/\/mod.wisdar.net\/tr\/wp-json\/wp\/v2\/product_tag?post=109226"}],"curies":[{"name":"wp","href":"https:\/\/api.w.org\/{rel}","templated":true}]}}