{"id":109367,"date":"2026-02-16T20:21:48","date_gmt":"2026-02-16T20:21:48","guid":{"rendered":"https:\/\/modesthanim.com\/product\/gri-kusak-detayli-saten-kras-elbise\/"},"modified":"2026-02-16T20:23:00","modified_gmt":"2026-02-16T20:23:00","slug":"gri-kusak-detayli-saten-kras-elbise","status":"publish","type":"product","link":"https:\/\/mod.wisdar.net\/tr\/urun\/gri-kusak-detayli-saten-kras-elbise\/","title":{"rendered":"Gri Ku\u015fak Detayl\u0131 Saten Kra\u015f Elbise"},"content":{"rendered":"<p>BAKIMI:<br \/>\n\u00dcr\u00fcn\u00fcm\u00fcz\u00fc tersinden hassas programda tek y\u0131kay\u0131n\u0131z.<br \/>\n S\u0131v\u0131 deterjanla y\u0131kamal\u0131 ve d\u00fc\u015f\u00fck devirde s\u0131kma yapmal\u0131s\u0131n\u0131z.<br \/>\n Sererek kurutmal\u0131 ve d\u00fc\u015f\u00fck s\u0131cakl\u0131kta \u00fct\u00fc yapmal\u0131s\u0131n\u0131z.<br \/>\nED\u0130T\u00d6R\u00dcN YORUMU<br \/>\n Moda tutkunu bayanlar\u0131n g\u00f6zdesi olan ku\u015fak detayl\u0131 saten kra\u015f elbise \u015f\u0131kl\u0131\u011f\u0131 ve rahatl\u0131\u011f\u0131 bir arada sunan \u00f6zel bir tasar\u0131md\u0131r. Hafif parlak ve buru\u015fuk dokulu kra\u015f saten kuma\u015f\u0131 hem asil bir duru\u015f kazand\u0131r\u0131yor hem de hareketli yap\u0131s\u0131yla dikkat \u00e7ekiyor. Fiyonk ba\u011flama yaka detay\u0131 elbiseye zarif bir \u0131\u015f\u0131lt\u0131 katarken; saten kra\u015f kuma\u015f\u0131n yumu\u015fak dokusu g\u00fcn boyu konfor sa\u011fl\u0131yor. Ofis \u015f\u0131kl\u0131\u011f\u0131ndan davet kombininize kadar geni\u015f kullan\u0131m alan\u0131 sunan modelimiz dolab\u0131n\u0131z\u0131n kurtar\u0131c\u0131 par\u00e7as\u0131 olmaya haz\u0131r. Zarif topuklu ayakkab\u0131 sade bir clutch \u00e7anta ve do\u011fal tonlarda makyaj ile tamamland\u0131\u011f\u0131nda muhte\u015fem bir g\u00f6r\u00fcn\u00fcm elde edersiniz. Yeni sezon e\u015farp ya da ince ceketlerle mevsime g\u00f6re kombinleyerek sofistike bir g\u00f6r\u00fcn\u00fcm elde edebilirsiniz.<\/p>\n<p>\u2014 Technical Details \u2014<br \/>\nKuma\u015f: Saten Kra\u015f<br \/>\nDesen: D\u00fcz<br \/>\nManken \u00d6l\u00e7\u00fcs\u00fc: Boy:174 cm,G\u00f6g\u00fcs 90 cm, Bel 65 cm, Basen 95 cm, Kol Boyu 60 cm.<br \/>\nKapama Tarz\u0131: Fermuarl\u0131<br \/>\nKol Tipi: B\u00fczg\u00fcl\u00fc<br \/>\nAstar Durumu: Astarl\u0131<br \/>\nKemer\/Ku\u015fak Durumu: Ku\u015fakl\u0131<br \/>\nYaka Tipi: Boyundan Ba\u011flamal\u0131<\/p>\n","protected":false},"excerpt":{"rendered":"<p>BAKIMI: \u00dcr\u00fcn\u00fcm\u00fcz\u00fc tersinden hassas programda tek y\u0131kay\u0131n\u0131z. S\u0131v\u0131 deterjanla y\u0131kamal\u0131 ve d\u00fc\u015f\u00fck devirde s\u0131kma yapmal\u0131s\u0131n\u0131z. Sererek kurutmal\u0131 ve d\u00fc\u015f\u00fck s\u0131cakl\u0131kta \u00fct\u00fc yapmal\u0131s\u0131n\u0131z. ED\u0130T\u00d6R\u00dcN YORUMU Moda tutkunu bayanlar\u0131n g\u00f6zdesi olan ku\u015fak detayl\u0131 saten kra\u015f elbise \u015f\u0131kl\u0131\u011f\u0131 ve rahatl\u0131\u011f\u0131 bir arada sunan \u00f6zel bir tasar\u0131md\u0131r. Hafif parlak ve buru\u015fuk dokulu kra\u015f saten kuma\u015f\u0131 hem asil bir duru\u015f [&hellip;]<\/p>\n","protected":false},"featured_media":109358,"comment_status":"open","ping_status":"closed","template":"","meta":[],"product_brand":[],"product_cat":[6249,1933],"product_tag":[8427,8299,6754,6906],"class_list":{"0":"post-109367","1":"product","2":"type-product","3":"status-publish","4":"has-post-thumbnail","6":"product_cat-elbiseler","7":"product_cat-gunluk-ve-gunduz-elbiseleri","8":"product_tag-gece-elbisesi","9":"product_tag-kemerli-elbise","10":"product_tag-ofis-kiyafeti","11":"product_tag-zarif-moda","12":"pa_brand-levidor","13":"pa_color-gri","14":"pa_size-4706","15":"pa_size-4711","16":"pa_size-4713","17":"pa_size-4751","19":"first","20":"instock","21":"sale","22":"shipping-taxable","23":"purchasable","24":"product-type-variable"},"_links":{"self":[{"href":"https:\/\/mod.wisdar.net\/tr\/wp-json\/wp\/v2\/product\/109367","targetHints":{"allow":["GET"]}}],"collection":[{"href":"https:\/\/mod.wisdar.net\/tr\/wp-json\/wp\/v2\/product"}],"about":[{"href":"https:\/\/mod.wisdar.net\/tr\/wp-json\/wp\/v2\/types\/product"}],"replies":[{"embeddable":true,"href":"https:\/\/mod.wisdar.net\/tr\/wp-json\/wp\/v2\/comments?post=109367"}],"wp:featuredmedia":[{"embeddable":true,"href":"https:\/\/mod.wisdar.net\/tr\/wp-json\/wp\/v2\/media\/109358"}],"wp:attachment":[{"href":"https:\/\/mod.wisdar.net\/tr\/wp-json\/wp\/v2\/media?parent=109367"}],"wp:term":[{"taxonomy":"product_brand","embeddable":true,"href":"https:\/\/mod.wisdar.net\/tr\/wp-json\/wp\/v2\/product_brand?post=109367"},{"taxonomy":"product_cat","embeddable":true,"href":"https:\/\/mod.wisdar.net\/tr\/wp-json\/wp\/v2\/product_cat?post=109367"},{"taxonomy":"product_tag","embeddable":true,"href":"https:\/\/mod.wisdar.net\/tr\/wp-json\/wp\/v2\/product_tag?post=109367"}],"curies":[{"name":"wp","href":"https:\/\/api.w.org\/{rel}","templated":true}]}}