{"id":109474,"date":"2026-02-16T20:25:30","date_gmt":"2026-02-16T20:25:30","guid":{"rendered":"https:\/\/modesthanim.com\/product\/fitilli-kadife-jogger-pantolon-1-10-yas-fume\/"},"modified":"2026-04-09T06:34:06","modified_gmt":"2026-04-09T06:34:06","slug":"fitilli-kadife-jogger-pantolon-1-10-yas-fume","status":"publish","type":"product","link":"https:\/\/mod.wisdar.net\/tr\/urun\/fitilli-kadife-jogger-pantolon-1-10-yas-fume\/","title":{"rendered":"Fitilli Kadife Jogger Pantolon 1-10 Ya\u015f F\u00fcme"},"content":{"rendered":"<p>. % 70 POLYESTER % 30 PAMUK<\/p>\n<p>. So\u011fuk k\u0131\u015f g\u00fcnleri i\u00e7in uygundur<\/p>\n<p>. \u00c7ama\u015f\u0131r makinesinde maksimum 30\u00baC\u2019lik k\u0131sa programda y\u0131kay\u0131n\u0131z<\/p>\n","protected":false},"excerpt":{"rendered":"<p>. % 70 POLYESTER % 30 PAMUK . So\u011fuk k\u0131\u015f g\u00fcnleri i\u00e7in uygundur . \u00c7ama\u015f\u0131r makinesinde maksimum 30\u00baC\u2019lik k\u0131sa programda y\u0131kay\u0131n\u0131z<\/p>\n","protected":false},"featured_media":109468,"comment_status":"open","ping_status":"closed","template":"","meta":[],"product_brand":[],"product_cat":[8739,8694,8748,8697,8700],"product_tag":[7491,8108],"class_list":{"0":"post-109474","1":"product","2":"type-product","3":"status-publish","4":"has-post-thumbnail","6":"product_cat-erkek-cocuklar-2-14-yas","7":"product_cat-cocuklar","8":"product_cat-pantolonlar-sortlar","9":"product_cat-yenidogan-0-12-ay","10":"product_cat-yenidogan-giyim","11":"product_tag-jogger-pantolon","12":"product_tag-kis","13":"pa_brand-cigit","14":"pa_color-fume","15":"pa_size-12-18-ay","16":"pa_size-18-24-ay","17":"pa_size-2-3-yas","18":"pa_size-3-4-yas","19":"pa_size-4-5-yas","20":"pa_size-5-6-yas","21":"pa_size-6-7-yas","22":"pa_size-7-8-yas","23":"pa_size-8-9-yas","24":"pa_size-9-10-yas","26":"first","27":"instock","28":"sale","29":"shipping-taxable","30":"purchasable","31":"product-type-variable"},"_links":{"self":[{"href":"https:\/\/mod.wisdar.net\/tr\/wp-json\/wp\/v2\/product\/109474","targetHints":{"allow":["GET"]}}],"collection":[{"href":"https:\/\/mod.wisdar.net\/tr\/wp-json\/wp\/v2\/product"}],"about":[{"href":"https:\/\/mod.wisdar.net\/tr\/wp-json\/wp\/v2\/types\/product"}],"replies":[{"embeddable":true,"href":"https:\/\/mod.wisdar.net\/tr\/wp-json\/wp\/v2\/comments?post=109474"}],"wp:featuredmedia":[{"embeddable":true,"href":"https:\/\/mod.wisdar.net\/tr\/wp-json\/wp\/v2\/media\/109468"}],"wp:attachment":[{"href":"https:\/\/mod.wisdar.net\/tr\/wp-json\/wp\/v2\/media?parent=109474"}],"wp:term":[{"taxonomy":"product_brand","embeddable":true,"href":"https:\/\/mod.wisdar.net\/tr\/wp-json\/wp\/v2\/product_brand?post=109474"},{"taxonomy":"product_cat","embeddable":true,"href":"https:\/\/mod.wisdar.net\/tr\/wp-json\/wp\/v2\/product_cat?post=109474"},{"taxonomy":"product_tag","embeddable":true,"href":"https:\/\/mod.wisdar.net\/tr\/wp-json\/wp\/v2\/product_tag?post=109474"}],"curies":[{"name":"wp","href":"https:\/\/api.w.org\/{rel}","templated":true}]}}