{"id":11012,"date":"2025-11-01T21:03:34","date_gmt":"2025-11-01T21:03:34","guid":{"rendered":"https:\/\/modesthanim.com\/product\/yuksek-bel-nervur-dikis-detayli-pantolon-ekru\/"},"modified":"2026-04-02T20:17:19","modified_gmt":"2026-04-02T20:17:19","slug":"yuksek-bel-nervur-dikis-detayli-pantolon-ekru","status":"publish","type":"product","link":"https:\/\/mod.wisdar.net\/tr\/urun\/yuksek-bel-nervur-dikis-detayli-pantolon-ekru\/","title":{"rendered":"Y\u00fcksek Bel Nerv\u00fcr Diki\u015f Detayl\u0131 Pantolon Ekru"},"content":{"rendered":"<p>Y\u00fcksek Bel Nerv\u00fcr Diki\u015f Detayl\u0131 Pantolon Ekru, \u00e7ift tarafl\u0131 interlok kuma\u015ftan \u00fcretilmi\u015f rahat ve \u015f\u0131k bir modeldir. Tam tur lastikli bel yap\u0131s\u0131 ve ayarlanabilir ba\u011fc\u0131k detay\u0131 ki\u015fiye \u00f6zel konfor sa\u011flar. Nerv\u00fcr diki\u015f detaylar\u0131 pantolona zarif bir dokunu\u015f katarken, rahat kesimi g\u00fcn boyu hareket \u00f6zg\u00fcrl\u00fc\u011f\u00fc sunar. Hem g\u00fcnl\u00fck hem de daha \u00f6zenli kombinlerde kolayca tercih edilebilecek, gard\u0131robunuzun vazge\u00e7ilmez par\u00e7alar\u0131ndan biridir.<\/p>\n<p>\u2014 Technical Details \u2014<br \/>\n\u00dcr\u00fcn Tipi: Rahat kesim pantolon<br \/>\nKuma\u015f: Double face interlok kuma\u015f<br \/>\nBel: Y\u00fcksek bel, tam tur lastikli<br \/>\nKapama: Ayarlanabilir bel ba\u011fc\u0131k detayl\u0131<br \/>\nDetay: Nerv\u00fcr diki\u015fli<\/p>\n","protected":false},"excerpt":{"rendered":"<p>Y\u00fcksek Bel Nerv\u00fcr Diki\u015f Detayl\u0131 Pantolon Ekru, \u00e7ift tarafl\u0131 interlok kuma\u015ftan \u00fcretilmi\u015f rahat ve \u015f\u0131k bir modeldir. Tam tur lastikli bel yap\u0131s\u0131 ve ayarlanabilir ba\u011fc\u0131k detay\u0131 ki\u015fiye \u00f6zel konfor sa\u011flar. Nerv\u00fcr diki\u015f detaylar\u0131 pantolona zarif bir dokunu\u015f katarken, rahat kesimi g\u00fcn boyu hareket \u00f6zg\u00fcrl\u00fc\u011f\u00fc sunar. Hem g\u00fcnl\u00fck hem de daha \u00f6zenli kombinlerde kolayca tercih edilebilecek, [&hellip;]<\/p>\n","protected":false},"featured_media":10994,"comment_status":"open","ping_status":"closed","template":"","meta":[],"product_brand":[],"product_cat":[1882],"product_tag":[6936,6759],"class_list":{"0":"post-11012","1":"product","2":"type-product","3":"status-publish","4":"has-post-thumbnail","6":"product_cat-alt-giyim","7":"product_tag-cok-yonlu","8":"product_tag-konfor","9":"pa_brand-kadriye-basturk","10":"pa_color-ekru","11":"pa_size-4446","12":"pa_size-4463","14":"first","15":"outofstock","16":"shipping-taxable","17":"product-type-variable"},"_links":{"self":[{"href":"https:\/\/mod.wisdar.net\/tr\/wp-json\/wp\/v2\/product\/11012","targetHints":{"allow":["GET"]}}],"collection":[{"href":"https:\/\/mod.wisdar.net\/tr\/wp-json\/wp\/v2\/product"}],"about":[{"href":"https:\/\/mod.wisdar.net\/tr\/wp-json\/wp\/v2\/types\/product"}],"replies":[{"embeddable":true,"href":"https:\/\/mod.wisdar.net\/tr\/wp-json\/wp\/v2\/comments?post=11012"}],"wp:featuredmedia":[{"embeddable":true,"href":"https:\/\/mod.wisdar.net\/tr\/wp-json\/wp\/v2\/media\/10994"}],"wp:attachment":[{"href":"https:\/\/mod.wisdar.net\/tr\/wp-json\/wp\/v2\/media?parent=11012"}],"wp:term":[{"taxonomy":"product_brand","embeddable":true,"href":"https:\/\/mod.wisdar.net\/tr\/wp-json\/wp\/v2\/product_brand?post=11012"},{"taxonomy":"product_cat","embeddable":true,"href":"https:\/\/mod.wisdar.net\/tr\/wp-json\/wp\/v2\/product_cat?post=11012"},{"taxonomy":"product_tag","embeddable":true,"href":"https:\/\/mod.wisdar.net\/tr\/wp-json\/wp\/v2\/product_tag?post=11012"}],"curies":[{"name":"wp","href":"https:\/\/api.w.org\/{rel}","templated":true}]}}