{"id":11015,"date":"2025-11-07T20:16:06","date_gmt":"2025-11-01T21:03:37","guid":{"rendered":"https:\/\/modesthanim.com\/product\/yuksek-bel-nervur-dikisli-deri-pantolon-ekru\/"},"modified":"2026-03-26T02:01:02","modified_gmt":"2026-03-26T02:01:02","slug":"yuksek-bel-nervur-dikisli-deri-pantolon-ekru","status":"publish","type":"product","link":"https:\/\/mod.wisdar.net\/tr\/urun\/yuksek-bel-nervur-dikisli-deri-pantolon-ekru\/","title":{"rendered":"Y\u00fcksek Bel Nerv\u00fcr Diki\u015fli Deri Pantolon Ekru"},"content":{"rendered":"<p>Y\u00fcksek Bel Nervur Diki\u015fli Deri Pantolon Ekru, suni deri kuma\u015f\u0131yla modern ve g\u00fc\u00e7l\u00fc bir g\u00f6r\u00fcn\u00fcm sunar. Y\u00fcksek bel kesimi v\u00fccudu toparlarken, \u00f6nden ge\u00e7en cima diki\u015fleri tasar\u0131ma yap\u0131 kazand\u0131r\u0131r. Fermuar kapamas\u0131 ve cepli formu g\u00fcnl\u00fck kullan\u0131mda pratiklik sa\u011flar. \u0130ddial\u0131 ama sade stiller i\u00e7in dolab\u0131n\u0131za farkl\u0131l\u0131k katacak tamamlay\u0131c\u0131 bir modeldir. \u00dcr\u00fcn Tipi: Deri pantolon. Kuma\u015f: Suni deri kuma\u015f. Bel: Y\u00fcksek bel. Kapama: Fermuar kapama. Cep: Cepli. Detaylar: \u00d6nden \u00e7ima diki\u015f detayl\u0131. Pa\u00e7a: Double pa\u00e7a. %95 PES, %5 Elastane. \u00c7ama\u015f\u0131r makinas\u0131nda d\u00fc\u015f\u00fck \u0131s\u0131da y\u0131kanabilir. D\u00fc\u015f\u00fck \u0131s\u0131da tersten \u00fct\u00fclenebilir, sererek kurutunuz. Elle \u00f6l\u00e7\u00fcmlerde 2-3 cm de\u011fi\u015fiklik g\u00f6sterebilir. Manken \u00d6l\u00e7\u00fcleri: Boy 177cm, G\u00f6\u011f\u00fcs 69cm, Basen 89cm. Manken \u00fczerindeki \u00fcr\u00fcn 36 bedendir.<\/p>\n<p>\u2014 Technical Details \u2014<br \/>\n\u00dcr\u00fcn Tipi: Deri pantolon<br \/>\nKuma\u015f: Suni deri kuma\u015f<br \/>\nBel: Y\u00fcksek bel<br \/>\nKapama: Fermuar kapama<br \/>\nCep: Cepli<br \/>\nDetaylar: \u00d6nden \u00e7ima diki\u015f detayl\u0131<br \/>\nPa\u00e7a: Double pa\u00e7a<\/p>\n","protected":false},"excerpt":{"rendered":"<p>Y\u00fcksek Bel Nervur Diki\u015fli Deri Pantolon Ekru, suni deri kuma\u015f\u0131yla modern ve g\u00fc\u00e7l\u00fc bir g\u00f6r\u00fcn\u00fcm sunar. Y\u00fcksek bel kesimi v\u00fccudu toparlarken, \u00f6nden ge\u00e7en cima diki\u015fleri tasar\u0131ma yap\u0131 kazand\u0131r\u0131r. Fermuar kapamas\u0131 ve cepli formu g\u00fcnl\u00fck kullan\u0131mda pratiklik sa\u011flar. \u0130ddial\u0131 ama sade stiller i\u00e7in dolab\u0131n\u0131za farkl\u0131l\u0131k katacak tamamlay\u0131c\u0131 bir modeldir. \u00dcr\u00fcn Tipi: Deri pantolon. Kuma\u015f: Suni deri [&hellip;]<\/p>\n","protected":false},"featured_media":0,"comment_status":"open","ping_status":"closed","template":"","meta":[],"product_brand":[],"product_cat":[1882],"product_tag":[5013,8107,6998,7650],"class_list":{"0":"post-11015","1":"product","2":"type-product","3":"status-publish","5":"product_cat-alt-giyim","6":"product_tag-modern","7":"product_tag-sik","8":"product_tag-suni-deri","9":"product_tag-yuksek-bel-3","10":"pa_brand-kadriye-basturk","11":"pa_color-ekru","12":"pa_size-4701","13":"pa_size-4706","14":"pa_size-4711","15":"pa_size-4713","17":"first","18":"outofstock","19":"shipping-taxable","20":"product-type-variable"},"_links":{"self":[{"href":"https:\/\/mod.wisdar.net\/tr\/wp-json\/wp\/v2\/product\/11015","targetHints":{"allow":["GET"]}}],"collection":[{"href":"https:\/\/mod.wisdar.net\/tr\/wp-json\/wp\/v2\/product"}],"about":[{"href":"https:\/\/mod.wisdar.net\/tr\/wp-json\/wp\/v2\/types\/product"}],"replies":[{"embeddable":true,"href":"https:\/\/mod.wisdar.net\/tr\/wp-json\/wp\/v2\/comments?post=11015"}],"wp:attachment":[{"href":"https:\/\/mod.wisdar.net\/tr\/wp-json\/wp\/v2\/media?parent=11015"}],"wp:term":[{"taxonomy":"product_brand","embeddable":true,"href":"https:\/\/mod.wisdar.net\/tr\/wp-json\/wp\/v2\/product_brand?post=11015"},{"taxonomy":"product_cat","embeddable":true,"href":"https:\/\/mod.wisdar.net\/tr\/wp-json\/wp\/v2\/product_cat?post=11015"},{"taxonomy":"product_tag","embeddable":true,"href":"https:\/\/mod.wisdar.net\/tr\/wp-json\/wp\/v2\/product_tag?post=11015"}],"curies":[{"name":"wp","href":"https:\/\/api.w.org\/{rel}","templated":true}]}}