{"id":110334,"date":"2026-02-16T20:47:45","date_gmt":"2026-02-16T20:47:45","guid":{"rendered":"https:\/\/modesthanim.com\/product\/organik-muslin-gomlek-2-10-yas-siyah-cift-cizgili\/"},"modified":"2026-03-06T13:58:57","modified_gmt":"2026-03-06T13:58:57","slug":"organik-muslin-gomlek-2-10-yas-siyah-cift-cizgili","status":"publish","type":"product","link":"https:\/\/mod.wisdar.net\/tr\/urun\/organik-muslin-gomlek-2-10-yas-siyah-cift-cizgili\/","title":{"rendered":"Organik M\u00fcslin G\u00f6mlek 2-10 Ya\u015f Siyah \u00c7ift \u00c7izgili"},"content":{"rendered":"<p>. %100 Gots sertifikal\u0131 organik saf natural pamuktan \u00fcretilmi\u015ftir<\/p>\n<p>. Nefes alan, yumu\u015fac\u0131k ve saf bir dokuya sahiptir<\/p>\n<p>. \u00c7ama\u015f\u0131r makinesinde maksimum 30\u00baC\u2019lik k\u0131sa programda y\u0131kay\u0131n\u0131z<\/p>\n","protected":false},"excerpt":{"rendered":"<p>. %100 Gots sertifikal\u0131 organik saf natural pamuktan \u00fcretilmi\u015ftir . Nefes alan, yumu\u015fac\u0131k ve saf bir dokuya sahiptir . \u00c7ama\u015f\u0131r makinesinde maksimum 30\u00baC\u2019lik k\u0131sa programda y\u0131kay\u0131n\u0131z<\/p>\n","protected":false},"featured_media":110329,"comment_status":"open","ping_status":"closed","template":"","meta":[],"product_brand":[],"product_cat":[8739,8694,8742],"product_tag":[7074],"class_list":{"0":"post-110334","1":"product","2":"type-product","3":"status-publish","4":"has-post-thumbnail","6":"product_cat-erkek-cocuklar-2-14-yas","7":"product_cat-cocuklar","8":"product_cat-tisortler-gomlekler","9":"product_tag-siyah","10":"pa_color-siyah-cift-cizgili","11":"pa_size-2-3-yas","12":"pa_size-3-4-yas","13":"pa_size-4-5-yas","14":"pa_size-5-6-yas","15":"pa_size-6-7-yas","16":"pa_size-7-8-yas","17":"pa_size-8-9-yas","18":"pa_size-9-10-yas","20":"first","21":"outofstock","22":"shipping-taxable","23":"product-type-variable"},"_links":{"self":[{"href":"https:\/\/mod.wisdar.net\/tr\/wp-json\/wp\/v2\/product\/110334","targetHints":{"allow":["GET"]}}],"collection":[{"href":"https:\/\/mod.wisdar.net\/tr\/wp-json\/wp\/v2\/product"}],"about":[{"href":"https:\/\/mod.wisdar.net\/tr\/wp-json\/wp\/v2\/types\/product"}],"replies":[{"embeddable":true,"href":"https:\/\/mod.wisdar.net\/tr\/wp-json\/wp\/v2\/comments?post=110334"}],"wp:featuredmedia":[{"embeddable":true,"href":"https:\/\/mod.wisdar.net\/tr\/wp-json\/wp\/v2\/media\/110329"}],"wp:attachment":[{"href":"https:\/\/mod.wisdar.net\/tr\/wp-json\/wp\/v2\/media?parent=110334"}],"wp:term":[{"taxonomy":"product_brand","embeddable":true,"href":"https:\/\/mod.wisdar.net\/tr\/wp-json\/wp\/v2\/product_brand?post=110334"},{"taxonomy":"product_cat","embeddable":true,"href":"https:\/\/mod.wisdar.net\/tr\/wp-json\/wp\/v2\/product_cat?post=110334"},{"taxonomy":"product_tag","embeddable":true,"href":"https:\/\/mod.wisdar.net\/tr\/wp-json\/wp\/v2\/product_tag?post=110334"}],"curies":[{"name":"wp","href":"https:\/\/api.w.org\/{rel}","templated":true}]}}