{"id":11047,"date":"2025-11-07T20:16:06","date_gmt":"2025-11-01T21:04:10","guid":{"rendered":"https:\/\/modesthanim.com\/product\/double-paca-gabardin-pantolon-lacivert\/"},"modified":"2026-04-02T22:03:14","modified_gmt":"2026-04-02T22:03:14","slug":"double-paca-gabardin-pantolon-lacivert","status":"publish","type":"product","link":"https:\/\/mod.wisdar.net\/tr\/urun\/double-paca-gabardin-pantolon-lacivert\/","title":{"rendered":"Double Pa\u00e7a Gabardin Pantolon Lacivert"},"content":{"rendered":"<p>\u00dcR\u00dcN TANIMI<br \/>\nDouble Pa\u00e7a Gabardin Pantolon Lacivert, pamuklu gabardin kuma\u015f\u0131yla hem dayan\u0131kl\u0131 hem de konforlu bir kullan\u0131m sunar. Y\u00fcksek bel tasar\u0131m\u0131, arka k\u0131sm\u0131ndaki lastik detay\u0131yla birle\u015ferek g\u00fcn boyu rahatl\u0131k sa\u011flar. Nerv\u00fcr diki\u015fler pantolona zarif bir g\u00f6r\u00fcn\u00fcm kazand\u0131r\u0131rken, double pa\u00e7a kesimi modern ve \u015f\u0131k bir duru\u015f yarat\u0131r. G\u00fcnl\u00fck stilinizden daha \u00f6zenli kombinlerinize kadar her ortamda keyifle kullanabilece\u011finiz, dolab\u0131n\u0131z\u0131n kurtar\u0131c\u0131 par\u00e7alar\u0131ndan biri olmaya aday.<\/p>\n<p>\u00dcR\u00dcN \u00d6ZELL\u0130KLER\u0130<br \/>\n\u00dcr\u00fcn Tipi: Double pa\u00e7a pantolon<br \/>\nKuma\u015f: Pamuklu gabardin kuma\u015f<br \/>\nBel: Y\u00fcksek bel, arka bel lastikli<br \/>\nDetay: Nerv\u00fcr diki\u015fli<\/p>\n<p>\u0130\u00c7ER\u0130K VE BAKIM<br \/>\n%100 Cotton.<br \/>\n\u00c7ama\u015f\u0131r makinas\u0131nda d\u00fc\u015f\u00fck \u0131s\u0131da y\u0131kanabilir.<br \/>\nD\u00fc\u015f\u00fck \u0131s\u0131da tersten \u00fct\u00fclenebilir, sererek kurutunuz.<br \/>\nElle \u00f6l\u00e7\u00fcmlerde 2-3 cm de\u011fi\u015fiklik g\u00f6sterebilir.<\/p>\n<p>Manken \u00d6l\u00e7\u00fcleri: Boy 177cm, G\u00f6\u011f\u00fcs 69cm, Basen 89cm.<br \/>\nManken \u00fczerindeki \u00fcr\u00fcn 36 bedendir.<\/p>\n<p>\u2014 Technical Details \u2014<br \/>\n\u00dcr\u00fcn Tipi: Double pa\u00e7a pantolon<br \/>\nKuma\u015f: Pamuklu gabardin kuma\u015f<br \/>\nBel: Y\u00fcksek bel, arka bel lastikli<br \/>\nDetay: Nerv\u00fcr diki\u015fli<\/p>\n","protected":false},"excerpt":{"rendered":"<p>\u00dcR\u00dcN TANIMI Double Pa\u00e7a Gabardin Pantolon Lacivert, pamuklu gabardin kuma\u015f\u0131yla hem dayan\u0131kl\u0131 hem de konforlu bir kullan\u0131m sunar. Y\u00fcksek bel tasar\u0131m\u0131, arka k\u0131sm\u0131ndaki lastik detay\u0131yla birle\u015ferek g\u00fcn boyu rahatl\u0131k sa\u011flar. Nerv\u00fcr diki\u015fler pantolona zarif bir g\u00f6r\u00fcn\u00fcm kazand\u0131r\u0131rken, double pa\u00e7a kesimi modern ve \u015f\u0131k bir duru\u015f yarat\u0131r. G\u00fcnl\u00fck stilinizden daha \u00f6zenli kombinlerinize kadar her ortamda keyifle [&hellip;]<\/p>\n","protected":false},"featured_media":0,"comment_status":"open","ping_status":"closed","template":"","meta":[],"product_brand":[],"product_cat":[1882],"product_tag":[],"class_list":{"0":"post-11047","1":"product","2":"type-product","3":"status-publish","5":"product_cat-alt-giyim","6":"pa_brand-kadriye-basturk","7":"pa_color-lacivert","8":"pa_size-4701","9":"pa_size-4706","10":"pa_size-4711","11":"pa_size-4713","13":"first","14":"outofstock","15":"shipping-taxable","16":"product-type-variable"},"_links":{"self":[{"href":"https:\/\/mod.wisdar.net\/tr\/wp-json\/wp\/v2\/product\/11047","targetHints":{"allow":["GET"]}}],"collection":[{"href":"https:\/\/mod.wisdar.net\/tr\/wp-json\/wp\/v2\/product"}],"about":[{"href":"https:\/\/mod.wisdar.net\/tr\/wp-json\/wp\/v2\/types\/product"}],"replies":[{"embeddable":true,"href":"https:\/\/mod.wisdar.net\/tr\/wp-json\/wp\/v2\/comments?post=11047"}],"wp:attachment":[{"href":"https:\/\/mod.wisdar.net\/tr\/wp-json\/wp\/v2\/media?parent=11047"}],"wp:term":[{"taxonomy":"product_brand","embeddable":true,"href":"https:\/\/mod.wisdar.net\/tr\/wp-json\/wp\/v2\/product_brand?post=11047"},{"taxonomy":"product_cat","embeddable":true,"href":"https:\/\/mod.wisdar.net\/tr\/wp-json\/wp\/v2\/product_cat?post=11047"},{"taxonomy":"product_tag","embeddable":true,"href":"https:\/\/mod.wisdar.net\/tr\/wp-json\/wp\/v2\/product_tag?post=11047"}],"curies":[{"name":"wp","href":"https:\/\/api.w.org\/{rel}","templated":true}]}}