{"id":11057,"date":"2025-11-07T20:16:06","date_gmt":"2025-11-01T21:04:14","guid":{"rendered":"https:\/\/modesthanim.com\/product\/yuksek-bel-duz-kesim-krep-pantolon-kahve\/"},"modified":"2026-04-02T22:02:58","modified_gmt":"2026-04-02T22:02:58","slug":"yuksek-bel-duz-kesim-krep-pantolon-kahve","status":"publish","type":"product","link":"https:\/\/mod.wisdar.net\/tr\/urun\/yuksek-bel-duz-kesim-krep-pantolon-kahve\/","title":{"rendered":"Y\u00fcksek Bel D\u00fcz Kesim Krep Pantolon Kahve"},"content":{"rendered":"<p>Y\u00fcksek Bel D\u00fcz Kesim Krep Pantolon Kahve, viskon kar\u0131\u015f\u0131ml\u0131 kal\u0131n krep kuma\u015f\u0131yla hem tok duru\u015flu hem rahat bir kullan\u0131m sunar. Y\u00fcksek bel formu ve beli toparlayan pens detaylar\u0131 pantolona zarif bir yap\u0131 kazand\u0131r\u0131rken, d\u00fcz kesimi klasik ve modern kombinlerle kolayca uyum sa\u011flar. Fermuar kapamas\u0131 sade ve \u015f\u0131k bir siluet tamamlar. Stilinizde zarif bir dokunu\u015f yaratacak konforlu bir par\u00e7ad\u0131r.<\/p>\n<p>\u00dcR\u00dcN \u00d6ZELL\u0130KLER\u0130<br \/>\n\u00dcr\u00fcn Tipi: D\u00fcz kesim pantolon<br \/>\nKuma\u015f: Viskon kar\u0131\u015f\u0131ml\u0131 kal\u0131n krep kuma\u015f<br \/>\nBel: Y\u00fcksek bel, beli pens detayl\u0131<br \/>\nKapama: Fermuar kapama<\/p>\n<p>\u0130\u00c7ER\u0130K VE BAKIM<br \/>\n%100 PES.<br \/>\n\u00c7ama\u015f\u0131r makinas\u0131nda d\u00fc\u015f\u00fck \u0131s\u0131da y\u0131kanabilir.<br \/>\nD\u00fc\u015f\u00fck \u0131s\u0131da tersten \u00fct\u00fclenebilir, sererek kurutunuz.<br \/>\nElle \u00f6l\u00e7\u00fcmlerde 2-3 cm de\u011fi\u015fiklik g\u00f6sterebilir.<br \/>\nManken \u00d6l\u00e7\u00fcleri: Boy 177cm, G\u00f6\u011f\u00fcs 69cm, Basen 89cm.<br \/>\nManken \u00fczerindeki \u00fcr\u00fcn 36 bedendir.<\/p>\n<p>\u2014 Technical Details \u2014<br \/>\n\u00dcr\u00fcn Tipi: D\u00fcz kesim pantolon<br \/>\nKuma\u015f: Viskon kar\u0131\u015f\u0131ml\u0131 kal\u0131n krep kuma\u015f<br \/>\nBel: Y\u00fcksek bel, beli pens detayl\u0131<br \/>\nKapama: Fermuar kapama<\/p>\n","protected":false},"excerpt":{"rendered":"<p>Y\u00fcksek Bel D\u00fcz Kesim Krep Pantolon Kahve, viskon kar\u0131\u015f\u0131ml\u0131 kal\u0131n krep kuma\u015f\u0131yla hem tok duru\u015flu hem rahat bir kullan\u0131m sunar. Y\u00fcksek bel formu ve beli toparlayan pens detaylar\u0131 pantolona zarif bir yap\u0131 kazand\u0131r\u0131rken, d\u00fcz kesimi klasik ve modern kombinlerle kolayca uyum sa\u011flar. Fermuar kapamas\u0131 sade ve \u015f\u0131k bir siluet tamamlar. Stilinizde zarif bir dokunu\u015f yaratacak [&hellip;]<\/p>\n","protected":false},"featured_media":0,"comment_status":"open","ping_status":"closed","template":"","meta":[],"product_brand":[],"product_cat":[1882],"product_tag":[5012,6749,6751,7466],"class_list":{"0":"post-11057","1":"product","2":"type-product","3":"status-publish","5":"product_cat-alt-giyim","6":"product_tag-elegant","7":"product_tag-pantolon","8":"product_tag-rahat","9":"product_tag-yuksek-bel","10":"pa_brand-kadriye-basturk","11":"pa_color-kahve","12":"pa_size-4701","13":"pa_size-4706","14":"pa_size-4711","15":"pa_size-4713","17":"first","18":"outofstock","19":"shipping-taxable","20":"product-type-variable"},"_links":{"self":[{"href":"https:\/\/mod.wisdar.net\/tr\/wp-json\/wp\/v2\/product\/11057","targetHints":{"allow":["GET"]}}],"collection":[{"href":"https:\/\/mod.wisdar.net\/tr\/wp-json\/wp\/v2\/product"}],"about":[{"href":"https:\/\/mod.wisdar.net\/tr\/wp-json\/wp\/v2\/types\/product"}],"replies":[{"embeddable":true,"href":"https:\/\/mod.wisdar.net\/tr\/wp-json\/wp\/v2\/comments?post=11057"}],"wp:attachment":[{"href":"https:\/\/mod.wisdar.net\/tr\/wp-json\/wp\/v2\/media?parent=11057"}],"wp:term":[{"taxonomy":"product_brand","embeddable":true,"href":"https:\/\/mod.wisdar.net\/tr\/wp-json\/wp\/v2\/product_brand?post=11057"},{"taxonomy":"product_cat","embeddable":true,"href":"https:\/\/mod.wisdar.net\/tr\/wp-json\/wp\/v2\/product_cat?post=11057"},{"taxonomy":"product_tag","embeddable":true,"href":"https:\/\/mod.wisdar.net\/tr\/wp-json\/wp\/v2\/product_tag?post=11057"}],"curies":[{"name":"wp","href":"https:\/\/api.w.org\/{rel}","templated":true}]}}