{"id":11081,"date":"2025-11-07T20:16:06","date_gmt":"2025-11-01T21:04:43","guid":{"rendered":"https:\/\/modesthanim.com\/product\/yuksek-bel-genis-paca-gabardin-pantolon-bordo\/"},"modified":"2026-04-10T12:33:42","modified_gmt":"2026-04-10T12:33:42","slug":"yuksek-bel-genis-paca-gabardin-pantolon-bordo","status":"publish","type":"product","link":"https:\/\/mod.wisdar.net\/tr\/urun\/yuksek-bel-genis-paca-gabardin-pantolon-bordo\/","title":{"rendered":"Y\u00fcksek Bel Geni\u015f Pa\u00e7a Gabardin Pantolon Bordo"},"content":{"rendered":"<p>\u00dcR\u00dcN TANIMI Y\u00fcksek Bel Geni\u015f Pa\u00e7a Gabardin Pantolon Bordo, pamuklu gabardin kuma\u015f\u0131yla hem dayan\u0131kl\u0131 hem de konforlu bir kullan\u0131m sunar. Y\u00fcksek bel kesimi, zarif bir duru\u015f sa\u011flarken fermuar kapamas\u0131 pratik bir kullan\u0131m imkan\u0131 tan\u0131r. Geni\u015f pa\u00e7a kesimiyle modern bir siluet olu\u015fturur ve hareket \u00f6zg\u00fcrl\u00fc\u011f\u00fc sa\u011flar. G\u00fcnl\u00fck kombinlerden ofis \u015f\u0131kl\u0131\u011f\u0131na kadar pek \u00e7ok stilde rahatl\u0131kla tercih edebilece\u011finiz, dolab\u0131n\u0131z\u0131n \u00e7ok y\u00f6nl\u00fc par\u00e7alar\u0131ndan biri olmaya aday. \u00dcR\u00dcN \u00d6ZELL\u0130KLER\u0130 \u00dcr\u00fcn Tipi: Geni\u015f pa\u00e7a kesim pantolon Kuma\u015f: Pamuklu gabardin kuma\u015f Bel: Y\u00fcksek bel Kapama: Fermuar kapama \u0130\u00c7ER\u0130K VE BAKIM %100 Cotton. \u00c7ama\u015f\u0131r makinas\u0131nda d\u00fc\u015f\u00fck \u0131s\u0131da y\u0131kanabilir. D\u00fc\u015f\u00fck \u0131s\u0131da tersten \u00fct\u00fclenebilir, sererek kurutunuz. Elle \u00f6l\u00e7\u00fcmlerde 2-3 cm de\u011fi\u015fiklik g\u00f6sterebilir. Manken \u00d6l\u00e7\u00fcleri: Boy 177cm, G\u00f6\u011f\u00fcs 69cm, Basen 89cm. Manken \u00fczerindeki \u00fcr\u00fcn 36 bedendir.<\/p>\n<p>\u2014 Technical Details \u2014<br \/>\n\u00dcr\u00fcn Tipi: Geni\u015f pa\u00e7a kesim pantolon<br \/>\nKuma\u015f: Pamuklu gabardin kuma\u015f<br \/>\nBel: Y\u00fcksek bel<br \/>\nKapama: Fermuar kapama<\/p>\n","protected":false},"excerpt":{"rendered":"<p>\u00dcR\u00dcN TANIMI Y\u00fcksek Bel Geni\u015f Pa\u00e7a Gabardin Pantolon Bordo, pamuklu gabardin kuma\u015f\u0131yla hem dayan\u0131kl\u0131 hem de konforlu bir kullan\u0131m sunar. Y\u00fcksek bel kesimi, zarif bir duru\u015f sa\u011flarken fermuar kapamas\u0131 pratik bir kullan\u0131m imkan\u0131 tan\u0131r. Geni\u015f pa\u00e7a kesimiyle modern bir siluet olu\u015fturur ve hareket \u00f6zg\u00fcrl\u00fc\u011f\u00fc sa\u011flar. G\u00fcnl\u00fck kombinlerden ofis \u015f\u0131kl\u0131\u011f\u0131na kadar pek \u00e7ok stilde rahatl\u0131kla tercih [&hellip;]<\/p>\n","protected":false},"featured_media":0,"comment_status":"open","ping_status":"closed","template":"","meta":[],"product_brand":[],"product_cat":[1882],"product_tag":[6761,7150,6749,7650],"class_list":{"0":"post-11081","1":"product","2":"type-product","3":"status-publish","5":"product_cat-alt-giyim","6":"product_tag-bol-paca","7":"product_tag-bordo","8":"product_tag-pantolon","9":"product_tag-yuksek-bel-3","10":"pa_brand-kadriye-basturk","11":"pa_color-bordo","12":"pa_size-4701","13":"pa_size-4706","14":"pa_size-4711","15":"pa_size-4713","17":"first","18":"instock","19":"sale","20":"shipping-taxable","21":"purchasable","22":"product-type-variable"},"_links":{"self":[{"href":"https:\/\/mod.wisdar.net\/tr\/wp-json\/wp\/v2\/product\/11081","targetHints":{"allow":["GET"]}}],"collection":[{"href":"https:\/\/mod.wisdar.net\/tr\/wp-json\/wp\/v2\/product"}],"about":[{"href":"https:\/\/mod.wisdar.net\/tr\/wp-json\/wp\/v2\/types\/product"}],"replies":[{"embeddable":true,"href":"https:\/\/mod.wisdar.net\/tr\/wp-json\/wp\/v2\/comments?post=11081"}],"wp:attachment":[{"href":"https:\/\/mod.wisdar.net\/tr\/wp-json\/wp\/v2\/media?parent=11081"}],"wp:term":[{"taxonomy":"product_brand","embeddable":true,"href":"https:\/\/mod.wisdar.net\/tr\/wp-json\/wp\/v2\/product_brand?post=11081"},{"taxonomy":"product_cat","embeddable":true,"href":"https:\/\/mod.wisdar.net\/tr\/wp-json\/wp\/v2\/product_cat?post=11081"},{"taxonomy":"product_tag","embeddable":true,"href":"https:\/\/mod.wisdar.net\/tr\/wp-json\/wp\/v2\/product_tag?post=11081"}],"curies":[{"name":"wp","href":"https:\/\/api.w.org\/{rel}","templated":true}]}}