{"id":110849,"date":"2026-02-16T21:04:34","date_gmt":"2026-02-16T21:04:34","guid":{"rendered":"https:\/\/modesthanim.com\/product\/desenli-tulum-0-4-yas-kirik-beyaz\/"},"modified":"2026-04-11T17:52:41","modified_gmt":"2026-04-11T17:52:41","slug":"desenli-tulum-0-4-yas-kirik-beyaz","status":"publish","type":"product","link":"https:\/\/mod.wisdar.net\/tr\/urun\/desenli-tulum-0-4-yas-kirik-beyaz\/","title":{"rendered":"Desenli Tulum 0-4 Ya\u015f K\u0131r\u0131k Beyaz"},"content":{"rendered":"<p>. %100 saf natural pamuktan \u00fcretilmi\u015ftir<\/p>\n<p>. S\u0131cak yaz g\u00fcnleri i\u00e7in uygundur<\/p>\n<p>. Nefes alan, yumu\u015fac\u0131k ve saf bir dokuya sahiptir<\/p>\n<p>. \u00c7ama\u015f\u0131r makinesinde maksimum 30\u00baC\u2019lik k\u0131sa programda y\u0131kay\u0131n\u0131z<\/p>\n","protected":false},"excerpt":{"rendered":"<p>. %100 saf natural pamuktan \u00fcretilmi\u015ftir . S\u0131cak yaz g\u00fcnleri i\u00e7in uygundur . Nefes alan, yumu\u015fac\u0131k ve saf bir dokuya sahiptir . \u00c7ama\u015f\u0131r makinesinde maksimum 30\u00baC\u2019lik k\u0131sa programda y\u0131kay\u0131n\u0131z<\/p>\n","protected":false},"featured_media":110844,"comment_status":"open","ping_status":"closed","template":"","meta":[],"product_brand":[],"product_cat":[8745,8739,8694,8697,8700],"product_tag":[8849,9033,9248,9246,4956],"class_list":{"0":"post-110849","1":"product","2":"type-product","3":"status-publish","4":"has-post-thumbnail","6":"product_cat-erkek-cocuk-takimlari","7":"product_cat-erkek-cocuklar-2-14-yas","8":"product_cat-cocuklar","9":"product_cat-yenidogan-0-12-ay","10":"product_cat-yenidogan-giyim","11":"product_tag-baby-romper","12":"product_tag-infant-fashion","13":"product_tag-natural-cotton","14":"product_tag-patterned-clothing","15":"product_tag-summer-wear","16":"pa_brand-cigit","17":"pa_color-kirik-beyaz-2","18":"pa_size-12-18-ay","19":"pa_size-18-24-ay","20":"pa_size-2-3-yas","21":"pa_size-3-4-yas","22":"pa_size-6-9-ay","23":"pa_size-9-12-ay","25":"first","26":"instock","27":"sale","28":"shipping-taxable","29":"purchasable","30":"product-type-variable"},"_links":{"self":[{"href":"https:\/\/mod.wisdar.net\/tr\/wp-json\/wp\/v2\/product\/110849","targetHints":{"allow":["GET"]}}],"collection":[{"href":"https:\/\/mod.wisdar.net\/tr\/wp-json\/wp\/v2\/product"}],"about":[{"href":"https:\/\/mod.wisdar.net\/tr\/wp-json\/wp\/v2\/types\/product"}],"replies":[{"embeddable":true,"href":"https:\/\/mod.wisdar.net\/tr\/wp-json\/wp\/v2\/comments?post=110849"}],"wp:featuredmedia":[{"embeddable":true,"href":"https:\/\/mod.wisdar.net\/tr\/wp-json\/wp\/v2\/media\/110844"}],"wp:attachment":[{"href":"https:\/\/mod.wisdar.net\/tr\/wp-json\/wp\/v2\/media?parent=110849"}],"wp:term":[{"taxonomy":"product_brand","embeddable":true,"href":"https:\/\/mod.wisdar.net\/tr\/wp-json\/wp\/v2\/product_brand?post=110849"},{"taxonomy":"product_cat","embeddable":true,"href":"https:\/\/mod.wisdar.net\/tr\/wp-json\/wp\/v2\/product_cat?post=110849"},{"taxonomy":"product_tag","embeddable":true,"href":"https:\/\/mod.wisdar.net\/tr\/wp-json\/wp\/v2\/product_tag?post=110849"}],"curies":[{"name":"wp","href":"https:\/\/api.w.org\/{rel}","templated":true}]}}