{"id":110926,"date":"2026-02-16T21:05:45","date_gmt":"2026-02-16T21:05:45","guid":{"rendered":"https:\/\/modesthanim.com\/product\/planor-baskili-sweatshirt-takim-2-10-yas-haki-yesil\/"},"modified":"2026-03-20T12:24:42","modified_gmt":"2026-03-20T12:24:42","slug":"planor-baskili-sweatshirt-takim-2-10-yas-haki-yesil","status":"publish","type":"product","link":"https:\/\/mod.wisdar.net\/tr\/urun\/planor-baskili-sweatshirt-takim-2-10-yas-haki-yesil\/","title":{"rendered":"Plan\u00f6r Bask\u0131l\u0131 Sweatshirt Tak\u0131m 2-10 Ya\u015f Haki Ye\u015fil"},"content":{"rendered":"<p>. %67 Pamuk %33 Polyester<br \/>\n. 3 iplik \u015fardonsuz<br \/>\n. So\u011fuk k\u0131\u015f g\u00fcnleri i\u00e7in uygundur<br \/>\n. Nefes alan, yumu\u015fac\u0131k ve saf bir dokuya sahiptir<br \/>\n. \u00c7ama\u015f\u0131r makinesinde maksimum 30\u00baC\u2019lik k\u0131sa programda y\u0131kay\u0131n\u0131z<\/p>\n","protected":false},"excerpt":{"rendered":"<p>. %67 Pamuk %33 Polyester . 3 iplik \u015fardonsuz . So\u011fuk k\u0131\u015f g\u00fcnleri i\u00e7in uygundur . Nefes alan, yumu\u015fac\u0131k ve saf bir dokuya sahiptir . \u00c7ama\u015f\u0131r makinesinde maksimum 30\u00baC\u2019lik k\u0131sa programda y\u0131kay\u0131n\u0131z<\/p>\n","protected":false},"featured_media":110922,"comment_status":"open","ping_status":"closed","template":"","meta":[],"product_brand":[],"product_cat":[8745,8739,8694],"product_tag":[7758,7425],"class_list":{"0":"post-110926","1":"product","2":"type-product","3":"status-publish","4":"has-post-thumbnail","6":"product_cat-erkek-cocuk-takimlari","7":"product_cat-erkek-cocuklar-2-14-yas","8":"product_cat-cocuklar","9":"product_tag-kis-giyim","10":"product_tag-pamuk-karisimi","11":"pa_color-haki-yesil","12":"pa_size-2-3-yas","13":"pa_size-3-4-yas","14":"pa_size-4-5-yas","15":"pa_size-5-6-yas","16":"pa_size-6-7-yas","17":"pa_size-7-8-yas","18":"pa_size-8-9-yas","19":"pa_size-9-10-yas","21":"first","22":"outofstock","23":"shipping-taxable","24":"product-type-variable"},"_links":{"self":[{"href":"https:\/\/mod.wisdar.net\/tr\/wp-json\/wp\/v2\/product\/110926","targetHints":{"allow":["GET"]}}],"collection":[{"href":"https:\/\/mod.wisdar.net\/tr\/wp-json\/wp\/v2\/product"}],"about":[{"href":"https:\/\/mod.wisdar.net\/tr\/wp-json\/wp\/v2\/types\/product"}],"replies":[{"embeddable":true,"href":"https:\/\/mod.wisdar.net\/tr\/wp-json\/wp\/v2\/comments?post=110926"}],"wp:featuredmedia":[{"embeddable":true,"href":"https:\/\/mod.wisdar.net\/tr\/wp-json\/wp\/v2\/media\/110922"}],"wp:attachment":[{"href":"https:\/\/mod.wisdar.net\/tr\/wp-json\/wp\/v2\/media?parent=110926"}],"wp:term":[{"taxonomy":"product_brand","embeddable":true,"href":"https:\/\/mod.wisdar.net\/tr\/wp-json\/wp\/v2\/product_brand?post=110926"},{"taxonomy":"product_cat","embeddable":true,"href":"https:\/\/mod.wisdar.net\/tr\/wp-json\/wp\/v2\/product_cat?post=110926"},{"taxonomy":"product_tag","embeddable":true,"href":"https:\/\/mod.wisdar.net\/tr\/wp-json\/wp\/v2\/product_tag?post=110926"}],"curies":[{"name":"wp","href":"https:\/\/api.w.org\/{rel}","templated":true}]}}