{"id":111226,"date":"2026-02-16T21:17:23","date_gmt":"2026-02-16T21:17:23","guid":{"rendered":"https:\/\/modesthanim.com\/product\/basic-baskili-esofman-takim-2-7-yas-kirik-beyaz\/"},"modified":"2026-03-03T12:16:28","modified_gmt":"2026-03-03T12:16:28","slug":"basic-baskili-esofman-takim-2-7-yas-kirik-beyaz","status":"publish","type":"product","link":"https:\/\/mod.wisdar.net\/tr\/urun\/basic-baskili-esofman-takim-2-7-yas-kirik-beyaz\/","title":{"rendered":"Basic Bask\u0131l\u0131 E\u015fofman Tak\u0131m 2-7 Ya\u015f K\u0131r\u0131k Beyaz"},"content":{"rendered":"<p>. %95 Pamuk %5 oeko-tex sertifikal\u0131 Elastan<\/p>\n<p>. So\u011fuk k\u0131\u015f g\u00fcnleri i\u00e7in uygundur<\/p>\n<p>. Nefes alan, yumu\u015fac\u0131k ve saf bir dokuya sahiptir<\/p>\n<p>. \u00c7ama\u015f\u0131r makinesinde maksimum 30\u00baC\u2019lik k\u0131sa programda y\u0131kay\u0131n\u0131z<\/p>\n","protected":false},"excerpt":{"rendered":"<p>. %95 Pamuk %5 oeko-tex sertifikal\u0131 Elastan . So\u011fuk k\u0131\u015f g\u00fcnleri i\u00e7in uygundur . Nefes alan, yumu\u015fac\u0131k ve saf bir dokuya sahiptir . \u00c7ama\u015f\u0131r makinesinde maksimum 30\u00baC\u2019lik k\u0131sa programda y\u0131kay\u0131n\u0131z<\/p>\n","protected":false},"featured_media":111222,"comment_status":"open","ping_status":"closed","template":"","meta":[],"product_brand":[],"product_cat":[8745,8739,8694],"product_tag":[],"class_list":{"0":"post-111226","1":"product","2":"type-product","3":"status-publish","4":"has-post-thumbnail","6":"product_cat-erkek-cocuk-takimlari","7":"product_cat-erkek-cocuklar-2-14-yas","8":"product_cat-cocuklar","9":"pa_color-kirik-beyaz-2","10":"pa_size-2-3-yas","11":"pa_size-3-4-yas","12":"pa_size-4-5-yas","13":"pa_size-5-6-yas","14":"pa_size-6-7-yas","16":"first","17":"instock","18":"sale","19":"shipping-taxable","20":"purchasable","21":"product-type-variable"},"_links":{"self":[{"href":"https:\/\/mod.wisdar.net\/tr\/wp-json\/wp\/v2\/product\/111226","targetHints":{"allow":["GET"]}}],"collection":[{"href":"https:\/\/mod.wisdar.net\/tr\/wp-json\/wp\/v2\/product"}],"about":[{"href":"https:\/\/mod.wisdar.net\/tr\/wp-json\/wp\/v2\/types\/product"}],"replies":[{"embeddable":true,"href":"https:\/\/mod.wisdar.net\/tr\/wp-json\/wp\/v2\/comments?post=111226"}],"wp:featuredmedia":[{"embeddable":true,"href":"https:\/\/mod.wisdar.net\/tr\/wp-json\/wp\/v2\/media\/111222"}],"wp:attachment":[{"href":"https:\/\/mod.wisdar.net\/tr\/wp-json\/wp\/v2\/media?parent=111226"}],"wp:term":[{"taxonomy":"product_brand","embeddable":true,"href":"https:\/\/mod.wisdar.net\/tr\/wp-json\/wp\/v2\/product_brand?post=111226"},{"taxonomy":"product_cat","embeddable":true,"href":"https:\/\/mod.wisdar.net\/tr\/wp-json\/wp\/v2\/product_cat?post=111226"},{"taxonomy":"product_tag","embeddable":true,"href":"https:\/\/mod.wisdar.net\/tr\/wp-json\/wp\/v2\/product_tag?post=111226"}],"curies":[{"name":"wp","href":"https:\/\/api.w.org\/{rel}","templated":true}]}}