{"id":111293,"date":"2026-02-16T21:18:35","date_gmt":"2026-02-16T21:18:35","guid":{"rendered":"https:\/\/modesthanim.com\/product\/araba-nakisli-zibin-takim-0-3-yas-acik-bej\/"},"modified":"2026-03-06T15:47:46","modified_gmt":"2026-03-06T15:47:46","slug":"araba-nakisli-zibin-takim-0-3-yas-acik-bej","status":"publish","type":"product","link":"https:\/\/mod.wisdar.net\/tr\/urun\/araba-nakisli-zibin-takim-0-3-yas-acik-bej\/","title":{"rendered":"Araba Nak\u0131\u015fli Z\u0131b\u0131n Tak\u0131m 0-3 Ya\u015f A\u00e7\u0131k Bej"},"content":{"rendered":"<p>. %97 Pamuk %3 oeko-tex sertifikal\u0131 Elastan<\/p>\n<p>. Mevsimlik kal\u0131nl\u0131\u011fa sahiptir<\/p>\n<p>. Nefes alan, yumu\u015fac\u0131k ve saf bir dokuya sahiptir<\/p>\n<p>. \u00c7ama\u015f\u0131r makinesinde maksimum 30\u00baC\u2019lik k\u0131sa programda y\u0131kay\u0131n\u0131z<\/p>\n","protected":false},"excerpt":{"rendered":"<p>. %97 Pamuk %3 oeko-tex sertifikal\u0131 Elastan . Mevsimlik kal\u0131nl\u0131\u011fa sahiptir . Nefes alan, yumu\u015fac\u0131k ve saf bir dokuya sahiptir . \u00c7ama\u015f\u0131r makinesinde maksimum 30\u00baC\u2019lik k\u0131sa programda y\u0131kay\u0131n\u0131z<\/p>\n","protected":false},"featured_media":111283,"comment_status":"open","ping_status":"closed","template":"","meta":[],"product_brand":[],"product_cat":[8709,8745,8739,8694,8697],"product_tag":[],"class_list":{"0":"post-111293","1":"product","2":"type-product","3":"status-publish","4":"has-post-thumbnail","6":"product_cat-bodyler-tulumlar","7":"product_cat-erkek-cocuk-takimlari","8":"product_cat-erkek-cocuklar-2-14-yas","9":"product_cat-cocuklar","10":"product_cat-yenidogan-0-12-ay","11":"pa_color-a-bej","12":"pa_size-0-3-ay","13":"pa_size-12-18-ay","14":"pa_size-18-24-ay","15":"pa_size-2-3-yas","16":"pa_size-3-6-ay","17":"pa_size-6-12-ay","19":"first","20":"outofstock","21":"shipping-taxable","22":"product-type-variable"},"_links":{"self":[{"href":"https:\/\/mod.wisdar.net\/tr\/wp-json\/wp\/v2\/product\/111293","targetHints":{"allow":["GET"]}}],"collection":[{"href":"https:\/\/mod.wisdar.net\/tr\/wp-json\/wp\/v2\/product"}],"about":[{"href":"https:\/\/mod.wisdar.net\/tr\/wp-json\/wp\/v2\/types\/product"}],"replies":[{"embeddable":true,"href":"https:\/\/mod.wisdar.net\/tr\/wp-json\/wp\/v2\/comments?post=111293"}],"wp:featuredmedia":[{"embeddable":true,"href":"https:\/\/mod.wisdar.net\/tr\/wp-json\/wp\/v2\/media\/111283"}],"wp:attachment":[{"href":"https:\/\/mod.wisdar.net\/tr\/wp-json\/wp\/v2\/media?parent=111293"}],"wp:term":[{"taxonomy":"product_brand","embeddable":true,"href":"https:\/\/mod.wisdar.net\/tr\/wp-json\/wp\/v2\/product_brand?post=111293"},{"taxonomy":"product_cat","embeddable":true,"href":"https:\/\/mod.wisdar.net\/tr\/wp-json\/wp\/v2\/product_cat?post=111293"},{"taxonomy":"product_tag","embeddable":true,"href":"https:\/\/mod.wisdar.net\/tr\/wp-json\/wp\/v2\/product_tag?post=111293"}],"curies":[{"name":"wp","href":"https:\/\/api.w.org\/{rel}","templated":true}]}}