{"id":111356,"date":"2026-02-16T21:19:31","date_gmt":"2026-02-16T21:19:31","guid":{"rendered":"https:\/\/modesthanim.com\/product\/organik-muslin-kisa-kol-sortlu-takim-2-7-yas-ekru\/"},"modified":"2026-04-01T05:33:17","modified_gmt":"2026-04-01T05:33:17","slug":"organik-muslin-kisa-kol-sortlu-takim-2-7-yas-ekru","status":"publish","type":"product","link":"https:\/\/mod.wisdar.net\/tr\/urun\/organik-muslin-kisa-kol-sortlu-takim-2-7-yas-ekru\/","title":{"rendered":"Organik M\u00fcslin K\u0131sa Kol \u015eortlu Tak\u0131m 2-7 Ya\u015f Ekru"},"content":{"rendered":"<p>. %100 saf natural pamuktan \u00fcretilmi\u015ftir<\/p>\n<p>. S\u0131cak yaz g\u00fcnleri i\u00e7in uygundur<\/p>\n<p>. Nefes alan, yumu\u015fac\u0131k ve saf bir dokuya sahiptir<\/p>\n<p>. \u00c7ama\u015f\u0131r makinesinde maksimum 30\u00baC\u2019lik k\u0131sa programda y\u0131kay\u0131n\u0131z<\/p>\n","protected":false},"excerpt":{"rendered":"<p>. %100 saf natural pamuktan \u00fcretilmi\u015ftir . S\u0131cak yaz g\u00fcnleri i\u00e7in uygundur . Nefes alan, yumu\u015fac\u0131k ve saf bir dokuya sahiptir . \u00c7ama\u015f\u0131r makinesinde maksimum 30\u00baC\u2019lik k\u0131sa programda y\u0131kay\u0131n\u0131z<\/p>\n","protected":false},"featured_media":111350,"comment_status":"open","ping_status":"closed","template":"","meta":[],"product_brand":[],"product_cat":[8745,8739,8694],"product_tag":[7565],"class_list":{"0":"post-111356","1":"product","2":"type-product","3":"status-publish","4":"has-post-thumbnail","6":"product_cat-erkek-cocuk-takimlari","7":"product_cat-erkek-cocuklar-2-14-yas","8":"product_cat-cocuklar","9":"product_tag-muslin-kumas","10":"pa_brand-cigit","11":"pa_color-ekru","12":"pa_size-2-3-yas","13":"pa_size-3-4-yas","14":"pa_size-4-5-yas","15":"pa_size-5-6-yas","16":"pa_size-6-7-yas","18":"first","19":"instock","20":"sale","21":"shipping-taxable","22":"purchasable","23":"product-type-variable"},"_links":{"self":[{"href":"https:\/\/mod.wisdar.net\/tr\/wp-json\/wp\/v2\/product\/111356","targetHints":{"allow":["GET"]}}],"collection":[{"href":"https:\/\/mod.wisdar.net\/tr\/wp-json\/wp\/v2\/product"}],"about":[{"href":"https:\/\/mod.wisdar.net\/tr\/wp-json\/wp\/v2\/types\/product"}],"replies":[{"embeddable":true,"href":"https:\/\/mod.wisdar.net\/tr\/wp-json\/wp\/v2\/comments?post=111356"}],"wp:featuredmedia":[{"embeddable":true,"href":"https:\/\/mod.wisdar.net\/tr\/wp-json\/wp\/v2\/media\/111350"}],"wp:attachment":[{"href":"https:\/\/mod.wisdar.net\/tr\/wp-json\/wp\/v2\/media?parent=111356"}],"wp:term":[{"taxonomy":"product_brand","embeddable":true,"href":"https:\/\/mod.wisdar.net\/tr\/wp-json\/wp\/v2\/product_brand?post=111356"},{"taxonomy":"product_cat","embeddable":true,"href":"https:\/\/mod.wisdar.net\/tr\/wp-json\/wp\/v2\/product_cat?post=111356"},{"taxonomy":"product_tag","embeddable":true,"href":"https:\/\/mod.wisdar.net\/tr\/wp-json\/wp\/v2\/product_tag?post=111356"}],"curies":[{"name":"wp","href":"https:\/\/api.w.org\/{rel}","templated":true}]}}