{"id":111466,"date":"2026-02-16T21:21:17","date_gmt":"2026-02-16T21:21:17","guid":{"rendered":"https:\/\/modesthanim.com\/product\/kollari-nakisli-gomlek-sort-keten-takim-2-7-yas-haki-yesil\/"},"modified":"2026-04-09T07:03:10","modified_gmt":"2026-04-09T07:03:10","slug":"kollari-nakisli-gomlek-sort-keten-takim-2-7-yas-haki-yesil","status":"publish","type":"product","link":"https:\/\/mod.wisdar.net\/tr\/urun\/kollari-nakisli-gomlek-sort-keten-takim-2-7-yas-haki-yesil\/","title":{"rendered":"Kollar\u0131 Nak\u0131\u015fl\u0131 G\u00f6mlek \u015eort Keten Tak\u0131m 2-7 Ya\u015f Haki Ye\u015fil"},"content":{"rendered":"<p>. %100 saf natural pamuktan \u00fcretilmi\u015ftir<\/p>\n<p>. S\u0131cak yaz g\u00fcnleri i\u00e7in uygundur<\/p>\n<p>. Nefes alan, yumu\u015fac\u0131k ve saf bir dokuya sahiptir<\/p>\n<p>. \u00c7ama\u015f\u0131r makinesinde maksimum 30\u00baC\u2019lik k\u0131sa programda y\u0131kay\u0131n\u0131z<\/p>\n","protected":false},"excerpt":{"rendered":"<p>. %100 saf natural pamuktan \u00fcretilmi\u015ftir . S\u0131cak yaz g\u00fcnleri i\u00e7in uygundur . Nefes alan, yumu\u015fac\u0131k ve saf bir dokuya sahiptir . \u00c7ama\u015f\u0131r makinesinde maksimum 30\u00baC\u2019lik k\u0131sa programda y\u0131kay\u0131n\u0131z<\/p>\n","protected":false},"featured_media":111463,"comment_status":"open","ping_status":"closed","template":"","meta":[],"product_brand":[],"product_cat":[8745,8739,8694],"product_tag":[5163,9277,9281,8793,9280],"class_list":{"0":"post-111466","1":"product","2":"type-product","3":"status-publish","4":"has-post-thumbnail","6":"product_cat-erkek-cocuk-takimlari","7":"product_cat-erkek-cocuklar-2-14-yas","8":"product_cat-cocuklar","9":"product_tag-cotton-clothing","10":"product_tag-embroidered-shirt","11":"product_tag-kids-linen-set","12":"product_tag-summer-outfit","13":"product_tag-toddler-fashion","14":"pa_brand-cigit","15":"pa_color-haki-yesil","16":"pa_size-2-3-yas","17":"pa_size-3-4-yas","18":"pa_size-4-5-yas","19":"pa_size-5-6-yas","20":"pa_size-6-7-yas","22":"first","23":"instock","24":"sale","25":"shipping-taxable","26":"purchasable","27":"product-type-variable"},"_links":{"self":[{"href":"https:\/\/mod.wisdar.net\/tr\/wp-json\/wp\/v2\/product\/111466","targetHints":{"allow":["GET"]}}],"collection":[{"href":"https:\/\/mod.wisdar.net\/tr\/wp-json\/wp\/v2\/product"}],"about":[{"href":"https:\/\/mod.wisdar.net\/tr\/wp-json\/wp\/v2\/types\/product"}],"replies":[{"embeddable":true,"href":"https:\/\/mod.wisdar.net\/tr\/wp-json\/wp\/v2\/comments?post=111466"}],"wp:featuredmedia":[{"embeddable":true,"href":"https:\/\/mod.wisdar.net\/tr\/wp-json\/wp\/v2\/media\/111463"}],"wp:attachment":[{"href":"https:\/\/mod.wisdar.net\/tr\/wp-json\/wp\/v2\/media?parent=111466"}],"wp:term":[{"taxonomy":"product_brand","embeddable":true,"href":"https:\/\/mod.wisdar.net\/tr\/wp-json\/wp\/v2\/product_brand?post=111466"},{"taxonomy":"product_cat","embeddable":true,"href":"https:\/\/mod.wisdar.net\/tr\/wp-json\/wp\/v2\/product_cat?post=111466"},{"taxonomy":"product_tag","embeddable":true,"href":"https:\/\/mod.wisdar.net\/tr\/wp-json\/wp\/v2\/product_tag?post=111466"}],"curies":[{"name":"wp","href":"https:\/\/api.w.org\/{rel}","templated":true}]}}