{"id":111485,"date":"2026-02-16T21:21:24","date_gmt":"2026-02-16T21:21:24","guid":{"rendered":"https:\/\/modesthanim.com\/product\/organik-bohem-garnili-muslin-mevsimlik-takim-2-8-yas-naturel\/"},"modified":"2026-04-09T07:07:24","modified_gmt":"2026-04-09T07:07:24","slug":"organik-bohem-garnili-muslin-mevsimlik-takim-2-8-yas-naturel","status":"publish","type":"product","link":"https:\/\/mod.wisdar.net\/tr\/urun\/organik-bohem-garnili-muslin-mevsimlik-takim-2-8-yas-naturel\/","title":{"rendered":"Organik Bohem Garnili M\u00fcslin Mevsimlik Tak\u0131m 2-8 Ya\u015f Naturel"},"content":{"rendered":"<p>. %100 Gots sertifikal\u0131 organik saf natural pamuktan \u00fcretilmi\u015ftir<\/p>\n<p>. Nefes alan, yumu\u015fac\u0131k ve saf bir dokuya sahiptir<\/p>\n<p>. Maksimum rahatl\u0131k i\u00e7in bebe\u011finizin \u015feklini almak \u00fczere nazik\u00e7e esner<\/p>\n<p>. \u00c7ama\u015f\u0131r makinesinde maksimum 30\u00baC\u2019lik k\u0131sa programda y\u0131kay\u0131n\u0131z<\/p>\n","protected":false},"excerpt":{"rendered":"<p>. %100 Gots sertifikal\u0131 organik saf natural pamuktan \u00fcretilmi\u015ftir . Nefes alan, yumu\u015fac\u0131k ve saf bir dokuya sahiptir . Maksimum rahatl\u0131k i\u00e7in bebe\u011finizin \u015feklini almak \u00fczere nazik\u00e7e esner . \u00c7ama\u015f\u0131r makinesinde maksimum 30\u00baC\u2019lik k\u0131sa programda y\u0131kay\u0131n\u0131z<\/p>\n","protected":false},"featured_media":111472,"comment_status":"open","ping_status":"closed","template":"","meta":[],"product_brand":[],"product_cat":[8745,8739,8694],"product_tag":[7576],"class_list":{"0":"post-111485","1":"product","2":"type-product","3":"status-publish","4":"has-post-thumbnail","6":"product_cat-erkek-cocuk-takimlari","7":"product_cat-erkek-cocuklar-2-14-yas","8":"product_cat-cocuklar","9":"product_tag-muslin","10":"pa_brand-cigit","11":"pa_color-naturel","12":"pa_size-2-3-yas","13":"pa_size-3-4-yas","14":"pa_size-4-5-yas","15":"pa_size-5-6-yas","16":"pa_size-6-7-yas","17":"pa_size-7-8-yas","19":"first","20":"instock","21":"sale","22":"shipping-taxable","23":"purchasable","24":"product-type-variable"},"_links":{"self":[{"href":"https:\/\/mod.wisdar.net\/tr\/wp-json\/wp\/v2\/product\/111485","targetHints":{"allow":["GET"]}}],"collection":[{"href":"https:\/\/mod.wisdar.net\/tr\/wp-json\/wp\/v2\/product"}],"about":[{"href":"https:\/\/mod.wisdar.net\/tr\/wp-json\/wp\/v2\/types\/product"}],"replies":[{"embeddable":true,"href":"https:\/\/mod.wisdar.net\/tr\/wp-json\/wp\/v2\/comments?post=111485"}],"wp:featuredmedia":[{"embeddable":true,"href":"https:\/\/mod.wisdar.net\/tr\/wp-json\/wp\/v2\/media\/111472"}],"wp:attachment":[{"href":"https:\/\/mod.wisdar.net\/tr\/wp-json\/wp\/v2\/media?parent=111485"}],"wp:term":[{"taxonomy":"product_brand","embeddable":true,"href":"https:\/\/mod.wisdar.net\/tr\/wp-json\/wp\/v2\/product_brand?post=111485"},{"taxonomy":"product_cat","embeddable":true,"href":"https:\/\/mod.wisdar.net\/tr\/wp-json\/wp\/v2\/product_cat?post=111485"},{"taxonomy":"product_tag","embeddable":true,"href":"https:\/\/mod.wisdar.net\/tr\/wp-json\/wp\/v2\/product_tag?post=111485"}],"curies":[{"name":"wp","href":"https:\/\/api.w.org\/{rel}","templated":true}]}}