{"id":111654,"date":"2026-02-16T21:24:38","date_gmt":"2026-02-16T21:24:38","guid":{"rendered":"https:\/\/modesthanim.com\/product\/reglan-kol-patli-erkek-basic-takim-1-8-yas-bej\/"},"modified":"2026-04-04T08:33:25","modified_gmt":"2026-04-04T08:33:25","slug":"reglan-kol-patli-erkek-basic-takim-1-8-yas-bej","status":"publish","type":"product","link":"https:\/\/mod.wisdar.net\/tr\/urun\/reglan-kol-patli-erkek-basic-takim-1-8-yas-bej\/","title":{"rendered":"Reglan Kol Patl\u0131 Erkek Bas\u0131c Tak\u0131m 1-8 Ya\u015f Bej"},"content":{"rendered":"<p>. %97 Pamuk %3 oeko-tex sertifikal\u0131 Elastan<\/p>\n<p>. Mevsimlik kal\u0131nl\u0131\u011fa sahiptir<\/p>\n<p>. Nefes alan, yumu\u015fac\u0131k ve saf bir dokuya sahiptir<\/p>\n<p>. \u00c7ama\u015f\u0131r makinesinde maksimum 30\u00baC\u2019lik k\u0131sa programda y\u0131kay\u0131n\u0131z<\/p>\n","protected":false},"excerpt":{"rendered":"<p>. %97 Pamuk %3 oeko-tex sertifikal\u0131 Elastan . Mevsimlik kal\u0131nl\u0131\u011fa sahiptir . Nefes alan, yumu\u015fac\u0131k ve saf bir dokuya sahiptir . \u00c7ama\u015f\u0131r makinesinde maksimum 30\u00baC\u2019lik k\u0131sa programda y\u0131kay\u0131n\u0131z<\/p>\n","protected":false},"featured_media":111650,"comment_status":"open","ping_status":"closed","template":"","meta":[],"product_brand":[],"product_cat":[8703,8745,8739,8694,8697],"product_tag":[9290,9262,9261,9289,9287],"class_list":{"0":"post-111654","1":"product","2":"type-product","3":"status-publish","4":"has-post-thumbnail","6":"product_cat-bebek-setleri","7":"product_cat-erkek-cocuk-takimlari","8":"product_cat-erkek-cocuklar-2-14-yas","9":"product_cat-cocuklar","10":"product_cat-yenidogan-0-12-ay","11":"product_tag-beige-tracksuit","12":"product_tag-boys-tracksuit","13":"product_tag-cotton-tracksuit","14":"product_tag-kids-sportswear","15":"product_tag-raglan-sleeve","16":"pa_brand-cigit","17":"pa_color-bej","18":"pa_size-12-18-ay","19":"pa_size-18-24-ay","20":"pa_size-2-3-yas","21":"pa_size-3-4-yas","22":"pa_size-4-5-yas","23":"pa_size-5-6-yas","24":"pa_size-6-7-yas","25":"pa_size-7-8-yas","27":"first","28":"outofstock","29":"shipping-taxable","30":"product-type-variable"},"_links":{"self":[{"href":"https:\/\/mod.wisdar.net\/tr\/wp-json\/wp\/v2\/product\/111654","targetHints":{"allow":["GET"]}}],"collection":[{"href":"https:\/\/mod.wisdar.net\/tr\/wp-json\/wp\/v2\/product"}],"about":[{"href":"https:\/\/mod.wisdar.net\/tr\/wp-json\/wp\/v2\/types\/product"}],"replies":[{"embeddable":true,"href":"https:\/\/mod.wisdar.net\/tr\/wp-json\/wp\/v2\/comments?post=111654"}],"wp:featuredmedia":[{"embeddable":true,"href":"https:\/\/mod.wisdar.net\/tr\/wp-json\/wp\/v2\/media\/111650"}],"wp:attachment":[{"href":"https:\/\/mod.wisdar.net\/tr\/wp-json\/wp\/v2\/media?parent=111654"}],"wp:term":[{"taxonomy":"product_brand","embeddable":true,"href":"https:\/\/mod.wisdar.net\/tr\/wp-json\/wp\/v2\/product_brand?post=111654"},{"taxonomy":"product_cat","embeddable":true,"href":"https:\/\/mod.wisdar.net\/tr\/wp-json\/wp\/v2\/product_cat?post=111654"},{"taxonomy":"product_tag","embeddable":true,"href":"https:\/\/mod.wisdar.net\/tr\/wp-json\/wp\/v2\/product_tag?post=111654"}],"curies":[{"name":"wp","href":"https:\/\/api.w.org\/{rel}","templated":true}]}}