{"id":111832,"date":"2026-02-16T21:28:45","date_gmt":"2026-02-16T21:28:45","guid":{"rendered":"https:\/\/modesthanim.com\/product\/uclu-zibin-0-3-yas-beyaz\/"},"modified":"2026-04-11T16:05:00","modified_gmt":"2026-04-11T16:05:00","slug":"uclu-zibin-0-3-yas-beyaz","status":"publish","type":"product","link":"https:\/\/mod.wisdar.net\/tr\/urun\/uclu-zibin-0-3-yas-beyaz\/","title":{"rendered":"\u00dc\u00e7l\u00fc Z\u0131b\u0131n 0-3 Ya\u015f Beyaz"},"content":{"rendered":"<p>. %100 pamuktan \u00fcretilmi\u015ftir<\/p>\n<p>. S\u0131cak yaz g\u00fcnleri i\u00e7in uygundur<\/p>\n<p>. Nefes alan, yumu\u015fac\u0131k ve saf bir dokuya sahiptir<\/p>\n<p>. \u00c7ama\u015f\u0131r makinesinde maksimum 30\u00baC\u2019lik k\u0131sa programda y\u0131kay\u0131n\u0131z<\/p>\n","protected":false},"excerpt":{"rendered":"<p>. %100 pamuktan \u00fcretilmi\u015ftir . S\u0131cak yaz g\u00fcnleri i\u00e7in uygundur . Nefes alan, yumu\u015fac\u0131k ve saf bir dokuya sahiptir . \u00c7ama\u015f\u0131r makinesinde maksimum 30\u00baC\u2019lik k\u0131sa programda y\u0131kay\u0131n\u0131z<\/p>\n","protected":false},"featured_media":111821,"comment_status":"open","ping_status":"closed","template":"","meta":[],"product_brand":[],"product_cat":[8709,8694,8697],"product_tag":[7488],"class_list":{"0":"post-111832","1":"product","2":"type-product","3":"status-publish","4":"has-post-thumbnail","6":"product_cat-bodyler-tulumlar","7":"product_cat-cocuklar","8":"product_cat-yenidogan-0-12-ay","9":"product_tag-pamuk","10":"pa_brand-cigit","11":"pa_color-beyaz","12":"pa_size-0-3-ay","13":"pa_size-12-18-ay","14":"pa_size-18-24-ay","15":"pa_size-2-3-yas","16":"pa_size-3-6-ay","17":"pa_size-6-9-ay","18":"pa_size-9-12-ay","20":"first","21":"instock","22":"sale","23":"shipping-taxable","24":"purchasable","25":"product-type-variable"},"_links":{"self":[{"href":"https:\/\/mod.wisdar.net\/tr\/wp-json\/wp\/v2\/product\/111832","targetHints":{"allow":["GET"]}}],"collection":[{"href":"https:\/\/mod.wisdar.net\/tr\/wp-json\/wp\/v2\/product"}],"about":[{"href":"https:\/\/mod.wisdar.net\/tr\/wp-json\/wp\/v2\/types\/product"}],"replies":[{"embeddable":true,"href":"https:\/\/mod.wisdar.net\/tr\/wp-json\/wp\/v2\/comments?post=111832"}],"wp:featuredmedia":[{"embeddable":true,"href":"https:\/\/mod.wisdar.net\/tr\/wp-json\/wp\/v2\/media\/111821"}],"wp:attachment":[{"href":"https:\/\/mod.wisdar.net\/tr\/wp-json\/wp\/v2\/media?parent=111832"}],"wp:term":[{"taxonomy":"product_brand","embeddable":true,"href":"https:\/\/mod.wisdar.net\/tr\/wp-json\/wp\/v2\/product_brand?post=111832"},{"taxonomy":"product_cat","embeddable":true,"href":"https:\/\/mod.wisdar.net\/tr\/wp-json\/wp\/v2\/product_cat?post=111832"},{"taxonomy":"product_tag","embeddable":true,"href":"https:\/\/mod.wisdar.net\/tr\/wp-json\/wp\/v2\/product_tag?post=111832"}],"curies":[{"name":"wp","href":"https:\/\/api.w.org\/{rel}","templated":true}]}}