{"id":111961,"date":"2026-02-16T21:32:32","date_gmt":"2026-02-16T21:32:32","guid":{"rendered":"https:\/\/modesthanim.com\/product\/oranj-etnik-desenli-sifon-elbise\/"},"modified":"2026-04-15T21:03:17","modified_gmt":"2026-04-15T21:03:17","slug":"oranj-etnik-desenli-sifon-elbise","status":"publish","type":"product","link":"https:\/\/mod.wisdar.net\/tr\/urun\/oranj-etnik-desenli-sifon-elbise\/","title":{"rendered":"Oranj Etnik Desenli \u015eifon Elbise"},"content":{"rendered":"<p>BAKIMI:<br \/>\n\u00dcr\u00fcn\u00fcm\u00fcz\u00fc tersinden hassas programda tek y\u0131kay\u0131n\u0131z.<br \/>\n S\u0131v\u0131 deterjanla y\u0131kamal\u0131 ve d\u00fc\u015f\u00fck devirde s\u0131kma yapmal\u0131s\u0131n\u0131z.<br \/>\n Sererek kurutmal\u0131 ve d\u00fc\u015f\u00fck s\u0131cakl\u0131kta \u00fct\u00fc yapmal\u0131s\u0131n\u0131z.<br \/>\nED\u0130T\u00d6R\u00dcN YORUMU<br \/>\n Moda bazen k\u00f6klere duyulan bir \u00f6zlemin k\u00fclt\u00fcrel miras\u0131n ve modern \u00e7izgilerin zarif bir bulu\u015fmas\u0131d\u0131r.<br \/>\nEtnik desenli \u015fifon elbisenin omuzlar\u0131nda bulunan \u015fifon mini pelerini her ortamda ihti\u015fam katarken; b\u00fczg\u00fcl\u00fc katl\u0131 etek k\u0131sm\u0131 ise tasar\u0131ma ola\u011fan\u00fcst\u00fc g\u00f6r\u00fcn\u00fcm sunuyor. Kollar\u0131 lastikli f\u0131rf\u0131rl\u0131 elbisemiz hem hafifli\u011fi hem de yumu\u015fak dokusuyla ciltte ferahl\u0131k hissi olu\u015fturuyor. V\u00fccut hatlar\u0131n\u0131z\u0131 belli etmeyen abart\u0131ya ka\u00e7mayan bu \u015fifon elbise hem sade hem de dikkat \u00e7ekici bir g\u00f6r\u00fcn\u00fcm sunuyor.<\/p>\n<p>\u2014 Teknik Detaylar \u2014<br \/>\nKuma\u015f: \u015eifon<br \/>\nDesen: Etnik<br \/>\nManken \u00d6l\u00e7\u00fcs\u00fc: Boy:174 cm, G\u00f6\u011f\u00fcs: 87 cm, Basen: 100 cm, Kol Boyu: 60 cm<br \/>\nKapama Tarz\u0131: D\u00fc\u011fmeli<br \/>\nAstar Durumu: Astarl\u0131<br \/>\n\u00dcr\u00fcn Detay\u0131: Ba\u011flama Detay<\/p>\n","protected":false},"excerpt":{"rendered":"<p>BAKIMI: \u00dcr\u00fcn\u00fcm\u00fcz\u00fc tersinden hassas programda tek y\u0131kay\u0131n\u0131z. S\u0131v\u0131 deterjanla y\u0131kamal\u0131 ve d\u00fc\u015f\u00fck devirde s\u0131kma yapmal\u0131s\u0131n\u0131z. Sererek kurutmal\u0131 ve d\u00fc\u015f\u00fck s\u0131cakl\u0131kta \u00fct\u00fc yapmal\u0131s\u0131n\u0131z. ED\u0130T\u00d6R\u00dcN YORUMU Moda bazen k\u00f6klere duyulan bir \u00f6zlemin k\u00fclt\u00fcrel miras\u0131n ve modern \u00e7izgilerin zarif bir bulu\u015fmas\u0131d\u0131r. Etnik desenli \u015fifon elbisenin omuzlar\u0131nda bulunan \u015fifon mini pelerini her ortamda ihti\u015fam katarken; b\u00fczg\u00fcl\u00fc katl\u0131 etek k\u0131sm\u0131 [&hellip;]<\/p>\n","protected":false},"featured_media":111953,"comment_status":"open","ping_status":"closed","template":"","meta":[],"product_brand":[],"product_cat":[6249,1933],"product_tag":[],"class_list":{"0":"post-111961","1":"product","2":"type-product","3":"status-publish","4":"has-post-thumbnail","6":"product_cat-elbiseler","7":"product_cat-gunluk-ve-gunduz-elbiseleri","8":"pa_brand-levidor","9":"pa_color-oranj","10":"pa_size-4706","11":"pa_size-4711","12":"pa_size-4713","13":"pa_size-4751","15":"first","16":"instock","17":"sale","18":"shipping-taxable","19":"purchasable","20":"product-type-variable"},"_links":{"self":[{"href":"https:\/\/mod.wisdar.net\/tr\/wp-json\/wp\/v2\/product\/111961","targetHints":{"allow":["GET"]}}],"collection":[{"href":"https:\/\/mod.wisdar.net\/tr\/wp-json\/wp\/v2\/product"}],"about":[{"href":"https:\/\/mod.wisdar.net\/tr\/wp-json\/wp\/v2\/types\/product"}],"replies":[{"embeddable":true,"href":"https:\/\/mod.wisdar.net\/tr\/wp-json\/wp\/v2\/comments?post=111961"}],"wp:featuredmedia":[{"embeddable":true,"href":"https:\/\/mod.wisdar.net\/tr\/wp-json\/wp\/v2\/media\/111953"}],"wp:attachment":[{"href":"https:\/\/mod.wisdar.net\/tr\/wp-json\/wp\/v2\/media?parent=111961"}],"wp:term":[{"taxonomy":"product_brand","embeddable":true,"href":"https:\/\/mod.wisdar.net\/tr\/wp-json\/wp\/v2\/product_brand?post=111961"},{"taxonomy":"product_cat","embeddable":true,"href":"https:\/\/mod.wisdar.net\/tr\/wp-json\/wp\/v2\/product_cat?post=111961"},{"taxonomy":"product_tag","embeddable":true,"href":"https:\/\/mod.wisdar.net\/tr\/wp-json\/wp\/v2\/product_tag?post=111961"}],"curies":[{"name":"wp","href":"https:\/\/api.w.org\/{rel}","templated":true}]}}