{"id":111996,"date":"2026-02-16T21:33:31","date_gmt":"2026-02-16T21:33:31","guid":{"rendered":"https:\/\/modesthanim.com\/product\/vizon-etnik-desenli-sifon-elbise\/"},"modified":"2026-04-10T20:44:15","modified_gmt":"2026-04-10T20:44:15","slug":"vizon-etnik-desenli-sifon-elbise","status":"publish","type":"product","link":"https:\/\/mod.wisdar.net\/tr\/urun\/vizon-etnik-desenli-sifon-elbise\/","title":{"rendered":"Vizon Etnik Desenli \u015eifon Elbise"},"content":{"rendered":"<p>BAKIM B\u0130LG\u0130LER\u0130:<br \/>\n\u00dcr\u00fcn\u00fc ters \u00e7evirerek hassas programda y\u0131kay\u0131n\u0131z.<br \/>\nS\u0131v\u0131 deterjan kullan\u0131n ve d\u00fc\u015f\u00fck devirde s\u0131kma yap\u0131n.<br \/>\nAsk\u0131da kurutun ve d\u00fc\u015f\u00fck \u0131s\u0131da \u00fct\u00fcleyin.<\/p>\n<p>EDIT\u00d6R YORUMU:<br \/>\nModa, bazen k\u00f6klere duyulan \u00f6zlemin, k\u00fclt\u00fcrel miras\u0131n ve modern \u00e7izgilerin zarif bir bulu\u015fmas\u0131d\u0131r.<br \/>\nEtnik desenli \u015fifon elbisenin omuzlar\u0131ndaki mini \u015fifon pelerin her ortamda ihti\u015fam katarken, b\u00fczg\u00fcl\u00fc ve katl\u0131 etek k\u0131sm\u0131 tasar\u0131ma ola\u011fan\u00fcst\u00fc bir g\u00f6r\u00fcn\u00fcm kazand\u0131r\u0131yor. Lastikli f\u0131rf\u0131rl\u0131 kollara sahip bu hafif elbise, yumu\u015fak dokusuyla cildinize ferahl\u0131k hissi veriyor. V\u00fccut hatlar\u0131n\u0131z\u0131 abart\u0131l\u0131 \u015fekilde belli etmeden, hem sade hem de dikkat \u00e7ekici bir siluet sunan bu \u015fifon elbise, \u015f\u0131kl\u0131\u011f\u0131n\u0131z\u0131 tamaml\u0131yor.<\/p>\n<p>\u2014 TEKN\u0130K DETAYLAR \u2014<br \/>\nKuma\u015f: \u015eifon<br \/>\nDesen: Etnik<br \/>\nModel \u00d6l\u00e7\u00fcleri: Boy: 174 cm, G\u00f6\u011f\u00fcs: 87 cm, Basen: 100 cm, Kol Boyu: 60 cm<br \/>\nKapama \u015eekli: D\u00fc\u011fmeli<br \/>\nAstar Durumu: Astarl\u0131<br \/>\n\u00dcr\u00fcn Detay\u0131: Ba\u011flama Detayl\u0131<\/p>\n","protected":false},"excerpt":{"rendered":"<p>BAKIM B\u0130LG\u0130LER\u0130: \u00dcr\u00fcn\u00fc ters \u00e7evirerek hassas programda y\u0131kay\u0131n\u0131z. S\u0131v\u0131 deterjan kullan\u0131n ve d\u00fc\u015f\u00fck devirde s\u0131kma yap\u0131n. Ask\u0131da kurutun ve d\u00fc\u015f\u00fck \u0131s\u0131da \u00fct\u00fcleyin. EDIT\u00d6R YORUMU: Moda, bazen k\u00f6klere duyulan \u00f6zlemin, k\u00fclt\u00fcrel miras\u0131n ve modern \u00e7izgilerin zarif bir bulu\u015fmas\u0131d\u0131r. Etnik desenli \u015fifon elbisenin omuzlar\u0131ndaki mini \u015fifon pelerin her ortamda ihti\u015fam katarken, b\u00fczg\u00fcl\u00fc ve katl\u0131 etek k\u0131sm\u0131 tasar\u0131ma [&hellip;]<\/p>\n","protected":false},"featured_media":111990,"comment_status":"open","ping_status":"closed","template":"","meta":[],"product_brand":[],"product_cat":[6249,1933],"product_tag":[],"class_list":{"0":"post-111996","1":"product","2":"type-product","3":"status-publish","4":"has-post-thumbnail","6":"product_cat-elbiseler","7":"product_cat-gunluk-ve-gunduz-elbiseleri","8":"pa_brand-levidor","9":"pa_color-vizon","10":"pa_size-4706","11":"pa_size-4711","12":"pa_size-4713","13":"pa_size-4751","15":"first","16":"instock","17":"sale","18":"shipping-taxable","19":"purchasable","20":"product-type-variable"},"_links":{"self":[{"href":"https:\/\/mod.wisdar.net\/tr\/wp-json\/wp\/v2\/product\/111996","targetHints":{"allow":["GET"]}}],"collection":[{"href":"https:\/\/mod.wisdar.net\/tr\/wp-json\/wp\/v2\/product"}],"about":[{"href":"https:\/\/mod.wisdar.net\/tr\/wp-json\/wp\/v2\/types\/product"}],"replies":[{"embeddable":true,"href":"https:\/\/mod.wisdar.net\/tr\/wp-json\/wp\/v2\/comments?post=111996"}],"wp:featuredmedia":[{"embeddable":true,"href":"https:\/\/mod.wisdar.net\/tr\/wp-json\/wp\/v2\/media\/111990"}],"wp:attachment":[{"href":"https:\/\/mod.wisdar.net\/tr\/wp-json\/wp\/v2\/media?parent=111996"}],"wp:term":[{"taxonomy":"product_brand","embeddable":true,"href":"https:\/\/mod.wisdar.net\/tr\/wp-json\/wp\/v2\/product_brand?post=111996"},{"taxonomy":"product_cat","embeddable":true,"href":"https:\/\/mod.wisdar.net\/tr\/wp-json\/wp\/v2\/product_cat?post=111996"},{"taxonomy":"product_tag","embeddable":true,"href":"https:\/\/mod.wisdar.net\/tr\/wp-json\/wp\/v2\/product_tag?post=111996"}],"curies":[{"name":"wp","href":"https:\/\/api.w.org\/{rel}","templated":true}]}}