{"id":112046,"date":"2026-02-16T21:34:19","date_gmt":"2026-02-16T21:34:19","guid":{"rendered":"https:\/\/modesthanim.com\/product\/siyah-fiyonk-detayli-ceketli-elbise\/"},"modified":"2026-02-16T21:52:03","modified_gmt":"2026-02-16T21:52:03","slug":"siyah-fiyonk-detayli-ceketli-elbise","status":"publish","type":"product","link":"https:\/\/mod.wisdar.net\/tr\/urun\/siyah-fiyonk-detayli-ceketli-elbise\/","title":{"rendered":"Siyah Fiyonk Detayl\u0131 Ceketli Elbise"},"content":{"rendered":"<p>BAKIMI:<br \/>\n\u00dcr\u00fcn\u00fcm\u00fcz\u00fc tersinden hassas programda tek y\u0131kay\u0131n\u0131z.<br \/>\n S\u0131v\u0131 deterjanla y\u0131kamal\u0131 ve d\u00fc\u015f\u00fck devirde s\u0131kma yapmal\u0131s\u0131n\u0131z.<br \/>\n Sererek kurutmal\u0131 ve d\u00fc\u015f\u00fck s\u0131cakl\u0131kta \u00fct\u00fc yapmal\u0131s\u0131n\u0131z.<br \/>\nED\u0130T\u00d6R\u00dcN YORUMU<br \/>\nTarz sahibi bayanlar\u0131n gard\u0131roplar\u0131n\u0131n olmazsa olmaz\u0131 fiyonk detayl\u0131 ceketli elbise modelleridir. Kullan\u0131\u015fl\u0131 bir omuz \u00e7anta ile kombinlendi\u011finde g\u00fcnl\u00fck \u015f\u0131kl\u0131\u011f\u0131n\u0131z\u0131 yakal\u0131yor. \u015e\u0131k g\u00f6r\u00fcnmek isterken konfordan da \u00f6d\u00fcn vermek istemeyen bayanlar i\u00e7in ideal bir se\u00e7imdir. Levidor fark\u0131 ve g\u00fcvencesiyle birbirinden \u015f\u0131k ve kaliteli modellere sahip olmak art\u0131k \u00e7ok kolay.<\/p>\n<p>\u2014 Technical Details \u2014<br \/>\nKuma\u015f: Dokuma<br \/>\nDesen: D\u00fcz<br \/>\nY\u0131l: 2025<br \/>\nSezon: Yaz<br \/>\nManken \u00d6l\u00e7\u00fcs\u00fc: Boy:174 cm, G\u00f6\u011f\u00fcs: 87 cm, Basen: 100 cm, Kol Boyu: 60 cm<br \/>\nKapama Tarz\u0131: Ba\u011fc\u0131kl\u0131<br \/>\n\u00dcr\u00fcn Detay\u0131: Ba\u011flama Detay<\/p>\n","protected":false},"excerpt":{"rendered":"<p>BAKIMI: \u00dcr\u00fcn\u00fcm\u00fcz\u00fc tersinden hassas programda tek y\u0131kay\u0131n\u0131z. S\u0131v\u0131 deterjanla y\u0131kamal\u0131 ve d\u00fc\u015f\u00fck devirde s\u0131kma yapmal\u0131s\u0131n\u0131z. Sererek kurutmal\u0131 ve d\u00fc\u015f\u00fck s\u0131cakl\u0131kta \u00fct\u00fc yapmal\u0131s\u0131n\u0131z. ED\u0130T\u00d6R\u00dcN YORUMU Tarz sahibi bayanlar\u0131n gard\u0131roplar\u0131n\u0131n olmazsa olmaz\u0131 fiyonk detayl\u0131 ceketli elbise modelleridir. Kullan\u0131\u015fl\u0131 bir omuz \u00e7anta ile kombinlendi\u011finde g\u00fcnl\u00fck \u015f\u0131kl\u0131\u011f\u0131n\u0131z\u0131 yakal\u0131yor. \u015e\u0131k g\u00f6r\u00fcnmek isterken konfordan da \u00f6d\u00fcn vermek istemeyen bayanlar i\u00e7in ideal [&hellip;]<\/p>\n","protected":false},"featured_media":112032,"comment_status":"open","ping_status":"closed","template":"","meta":[],"product_brand":[],"product_cat":[6249,1933],"product_tag":[5012,7959,6937],"class_list":{"0":"post-112046","1":"product","2":"type-product","3":"status-publish","4":"has-post-thumbnail","6":"product_cat-elbiseler","7":"product_cat-gunluk-ve-gunduz-elbiseleri","8":"product_tag-elegant","9":"product_tag-resmi-giyim","10":"product_tag-siyah-elbise","11":"pa_brand-levidor","12":"pa_color-siyah","13":"pa_size-4706","14":"pa_size-4711","15":"pa_size-4713","16":"pa_size-4751","18":"first","19":"instock","20":"sale","21":"shipping-taxable","22":"purchasable","23":"product-type-variable"},"_links":{"self":[{"href":"https:\/\/mod.wisdar.net\/tr\/wp-json\/wp\/v2\/product\/112046","targetHints":{"allow":["GET"]}}],"collection":[{"href":"https:\/\/mod.wisdar.net\/tr\/wp-json\/wp\/v2\/product"}],"about":[{"href":"https:\/\/mod.wisdar.net\/tr\/wp-json\/wp\/v2\/types\/product"}],"replies":[{"embeddable":true,"href":"https:\/\/mod.wisdar.net\/tr\/wp-json\/wp\/v2\/comments?post=112046"}],"wp:featuredmedia":[{"embeddable":true,"href":"https:\/\/mod.wisdar.net\/tr\/wp-json\/wp\/v2\/media\/112032"}],"wp:attachment":[{"href":"https:\/\/mod.wisdar.net\/tr\/wp-json\/wp\/v2\/media?parent=112046"}],"wp:term":[{"taxonomy":"product_brand","embeddable":true,"href":"https:\/\/mod.wisdar.net\/tr\/wp-json\/wp\/v2\/product_brand?post=112046"},{"taxonomy":"product_cat","embeddable":true,"href":"https:\/\/mod.wisdar.net\/tr\/wp-json\/wp\/v2\/product_cat?post=112046"},{"taxonomy":"product_tag","embeddable":true,"href":"https:\/\/mod.wisdar.net\/tr\/wp-json\/wp\/v2\/product_tag?post=112046"}],"curies":[{"name":"wp","href":"https:\/\/api.w.org\/{rel}","templated":true}]}}