{"id":112156,"date":"2026-02-16T21:35:34","date_gmt":"2026-02-16T21:35:34","guid":{"rendered":"https:\/\/modesthanim.com\/product\/acik-bej-yakasi-cicek-detayli-cupra-elbise\/"},"modified":"2026-02-16T21:51:34","modified_gmt":"2026-02-16T21:51:34","slug":"acik-bej-yakasi-cicek-detayli-cupra-elbise","status":"publish","type":"product","link":"https:\/\/mod.wisdar.net\/tr\/urun\/acik-bej-yakasi-cicek-detayli-cupra-elbise\/","title":{"rendered":"A\u00e7\u0131k Bej Yakas\u0131 \u00c7i\u00e7ek Detayl\u0131 Cupra Elbise"},"content":{"rendered":"<p>BAKIMI:<br \/>\n\u00dcr\u00fcn\u00fcm\u00fcz\u00fc tersinden hassas programda tek y\u0131kay\u0131n\u0131z.<br \/>\n S\u0131v\u0131 deterjanla y\u0131kamal\u0131 ve d\u00fc\u015f\u00fck devirde s\u0131kma yapmal\u0131s\u0131n\u0131z.<br \/>\n Sererek kurutmal\u0131 ve d\u00fc\u015f\u00fck s\u0131cakl\u0131kta \u00fct\u00fc yapmal\u0131s\u0131n\u0131z.<br \/>\nED\u0130T\u00d6R\u00dcN YORUMU<br \/>\n \u015e\u0131kl\u0131\u011f\u0131 ve konforu \u00f6n plana ta\u015f\u0131yan yakas\u0131 \u00e7i\u00e7ek detayl\u0131 cupra elbise modelimiz be\u011feninize sunuluyor. G\u00f6\u011f\u00fcs k\u0131sm\u0131ndaki \u00e7i\u00e7ek ve f\u0131rf\u0131r detay\u0131yla her ortamda \u015f\u0131kl\u0131\u011f\u0131n\u0131z\u0131 yans\u0131t\u0131yor. Levidor bayan omuz \u00e7anta ile kombinlendi\u011finde sofistike bir g\u00f6r\u00fcn\u00fcm sunuyor.  Levidor fark\u0131 ve g\u00fcvencesiyle birbirinden \u015f\u0131k ve kaliteli modellere sahip olmak art\u0131k \u00e7ok kolay.<\/p>\n<p>\u2014 Technical Details \u2014<br \/>\nKuma\u015f: Cupra<br \/>\nDesen: D\u00fcz<br \/>\nManken \u00d6l\u00e7\u00fcs\u00fc: Boy:174 cm,G\u00f6g\u00fcs 90 cm, Bel 65 cm, Basen 95 cm, Kol Boyu 60 cm.<br \/>\nKapama Tarz\u0131: D\u00fc\u011fmeli<br \/>\n\u00dcr\u00fcn Detay\u0131: F\u0131rf\u0131r<br \/>\nKemer\/Ku\u015fak Durumu: Ku\u015fakl\u0131<\/p>\n","protected":false},"excerpt":{"rendered":"<p>BAKIMI: \u00dcr\u00fcn\u00fcm\u00fcz\u00fc tersinden hassas programda tek y\u0131kay\u0131n\u0131z. S\u0131v\u0131 deterjanla y\u0131kamal\u0131 ve d\u00fc\u015f\u00fck devirde s\u0131kma yapmal\u0131s\u0131n\u0131z. Sererek kurutmal\u0131 ve d\u00fc\u015f\u00fck s\u0131cakl\u0131kta \u00fct\u00fc yapmal\u0131s\u0131n\u0131z. ED\u0130T\u00d6R\u00dcN YORUMU \u015e\u0131kl\u0131\u011f\u0131 ve konforu \u00f6n plana ta\u015f\u0131yan yakas\u0131 \u00e7i\u00e7ek detayl\u0131 cupra elbise modelimiz be\u011feninize sunuluyor. G\u00f6\u011f\u00fcs k\u0131sm\u0131ndaki \u00e7i\u00e7ek ve f\u0131rf\u0131r detay\u0131yla her ortamda \u015f\u0131kl\u0131\u011f\u0131n\u0131z\u0131 yans\u0131t\u0131yor. Levidor bayan omuz \u00e7anta ile kombinlendi\u011finde sofistike [&hellip;]<\/p>\n","protected":false},"featured_media":112144,"comment_status":"open","ping_status":"closed","template":"","meta":[],"product_brand":[],"product_cat":[6249,1933],"product_tag":[6884,6744,6745],"class_list":{"0":"post-112156","1":"product","2":"type-product","3":"status-publish","4":"has-post-thumbnail","6":"product_cat-elbiseler","7":"product_cat-gunluk-ve-gunduz-elbiseleri","8":"product_tag-cupro-elbise","9":"product_tag-kadin-modasi","10":"product_tag-zarif-elbise","11":"pa_brand-levidor","12":"pa_color-acik-bej","13":"pa_size-4706","14":"pa_size-4711","15":"pa_size-4713","16":"pa_size-4751","18":"first","19":"instock","20":"sale","21":"shipping-taxable","22":"purchasable","23":"product-type-variable"},"_links":{"self":[{"href":"https:\/\/mod.wisdar.net\/tr\/wp-json\/wp\/v2\/product\/112156","targetHints":{"allow":["GET"]}}],"collection":[{"href":"https:\/\/mod.wisdar.net\/tr\/wp-json\/wp\/v2\/product"}],"about":[{"href":"https:\/\/mod.wisdar.net\/tr\/wp-json\/wp\/v2\/types\/product"}],"replies":[{"embeddable":true,"href":"https:\/\/mod.wisdar.net\/tr\/wp-json\/wp\/v2\/comments?post=112156"}],"wp:featuredmedia":[{"embeddable":true,"href":"https:\/\/mod.wisdar.net\/tr\/wp-json\/wp\/v2\/media\/112144"}],"wp:attachment":[{"href":"https:\/\/mod.wisdar.net\/tr\/wp-json\/wp\/v2\/media?parent=112156"}],"wp:term":[{"taxonomy":"product_brand","embeddable":true,"href":"https:\/\/mod.wisdar.net\/tr\/wp-json\/wp\/v2\/product_brand?post=112156"},{"taxonomy":"product_cat","embeddable":true,"href":"https:\/\/mod.wisdar.net\/tr\/wp-json\/wp\/v2\/product_cat?post=112156"},{"taxonomy":"product_tag","embeddable":true,"href":"https:\/\/mod.wisdar.net\/tr\/wp-json\/wp\/v2\/product_tag?post=112156"}],"curies":[{"name":"wp","href":"https:\/\/api.w.org\/{rel}","templated":true}]}}