{"id":112216,"date":"2026-02-16T21:36:49","date_gmt":"2026-02-16T21:36:49","guid":{"rendered":"https:\/\/modesthanim.com\/product\/oranj-cizgi-cep-detayli-elbise\/"},"modified":"2026-02-16T21:51:17","modified_gmt":"2026-02-16T21:51:17","slug":"oranj-cizgi-cep-detayli-elbise","status":"publish","type":"product","link":"https:\/\/mod.wisdar.net\/tr\/urun\/oranj-cizgi-cep-detayli-elbise\/","title":{"rendered":"Oranj \u00c7izgi Cep Detayl\u0131 Elbise"},"content":{"rendered":"<p>BAKIMI:<br \/>\n\u00dcr\u00fcn\u00fcm\u00fcz\u00fc tersinden hassas programda tek y\u0131kay\u0131n\u0131z.<br \/>\n S\u0131v\u0131 deterjanla y\u0131kamal\u0131 ve d\u00fc\u015f\u00fck devirde s\u0131kma yapmal\u0131s\u0131n\u0131z.<br \/>\n Sererek kurutmal\u0131 ve d\u00fc\u015f\u00fck s\u0131cakl\u0131kta \u00fct\u00fc yapmal\u0131s\u0131n\u0131z.<br \/>\nED\u0130T\u00d6R\u00dcN YORUMU<br \/>\n\u00c7izgi cep detayl\u0131 elbise zarif tasar\u0131m\u0131yla g\u00fcnl\u00fck \u015f\u0131kl\u0131\u011f\u0131 modern bir dokunu\u015fla bulu\u015fturan \u00f6zel bir par\u00e7ad\u0131r. Elbisenin \u00f6n k\u0131sm\u0131ndaki \u00e7izgi formundaki cep detaylar\u0131 modele hem dinamizm hem de \u00f6zg\u00fcn bir stil kazand\u0131r\u0131yor. D\u00f6k\u00fcml\u00fc kuma\u015f\u0131 sayesinde g\u00fcn boyu rahat hareket etmenize olanak tan\u0131yor.  V\u00fccuda uyum sa\u011flayan yap\u0131s\u0131 estetik bir duru\u015f sunuyor. Kolayca aksesuarla tamamlanabilen bu model dolab\u0131n\u0131zdaki zamans\u0131z par\u00e7alar aras\u0131nda yer almaya adayd\u0131r.  Zarif bir \u015fal topuklu ayakkab\u0131 ya da  desenli e\u015farp modelleri ile kombinleyerek hem g\u00fcnl\u00fck hayat\u0131n\u0131zda hem de \u00f6zel davetlerde g\u00f6z al\u0131c\u0131 bir stil olu\u015fturabilirsiniz.<\/p>\n<p>\u2014 Technical Details \u2014<br \/>\nKuma\u015f: Modal<br \/>\nDesen: D\u00fcz<br \/>\nY\u0131l: 2025<br \/>\nManken \u00d6l\u00e7\u00fcs\u00fc: Boy:170 cm,Gog\u00fcs:86 cm,Bel:64 cm,Basen:95 cm,Kol Boyu:60 cm.<br \/>\nKapama Tarz\u0131: Fermuarl\u0131<br \/>\nKuma\u015f Tipi: Scuba<br \/>\nCep Tipi: Cepli<br \/>\nYaka Tipi: Dik Yaka<\/p>\n","protected":false},"excerpt":{"rendered":"<p>BAKIMI: \u00dcr\u00fcn\u00fcm\u00fcz\u00fc tersinden hassas programda tek y\u0131kay\u0131n\u0131z. S\u0131v\u0131 deterjanla y\u0131kamal\u0131 ve d\u00fc\u015f\u00fck devirde s\u0131kma yapmal\u0131s\u0131n\u0131z. Sererek kurutmal\u0131 ve d\u00fc\u015f\u00fck s\u0131cakl\u0131kta \u00fct\u00fc yapmal\u0131s\u0131n\u0131z. ED\u0130T\u00d6R\u00dcN YORUMU \u00c7izgi cep detayl\u0131 elbise zarif tasar\u0131m\u0131yla g\u00fcnl\u00fck \u015f\u0131kl\u0131\u011f\u0131 modern bir dokunu\u015fla bulu\u015fturan \u00f6zel bir par\u00e7ad\u0131r. Elbisenin \u00f6n k\u0131sm\u0131ndaki \u00e7izgi formundaki cep detaylar\u0131 modele hem dinamizm hem de \u00f6zg\u00fcn bir stil kazand\u0131r\u0131yor. [&hellip;]<\/p>\n","protected":false},"featured_media":112206,"comment_status":"open","ping_status":"closed","template":"","meta":[],"product_brand":[],"product_cat":[6249,1933],"product_tag":[8048,6845],"class_list":{"0":"post-112216","1":"product","2":"type-product","3":"status-publish","4":"has-post-thumbnail","6":"product_cat-elbiseler","7":"product_cat-gunluk-ve-gunduz-elbiseleri","8":"product_tag-cep-detayi","9":"product_tag-modern-stil","10":"pa_brand-levidor","11":"pa_color-oranj","12":"pa_size-4706","13":"pa_size-4711","14":"pa_size-4713","15":"pa_size-4751","16":"pa_size-4749","17":"pa_size-4747","19":"first","20":"instock","21":"shipping-taxable","22":"purchasable","23":"product-type-variable"},"_links":{"self":[{"href":"https:\/\/mod.wisdar.net\/tr\/wp-json\/wp\/v2\/product\/112216","targetHints":{"allow":["GET"]}}],"collection":[{"href":"https:\/\/mod.wisdar.net\/tr\/wp-json\/wp\/v2\/product"}],"about":[{"href":"https:\/\/mod.wisdar.net\/tr\/wp-json\/wp\/v2\/types\/product"}],"replies":[{"embeddable":true,"href":"https:\/\/mod.wisdar.net\/tr\/wp-json\/wp\/v2\/comments?post=112216"}],"wp:featuredmedia":[{"embeddable":true,"href":"https:\/\/mod.wisdar.net\/tr\/wp-json\/wp\/v2\/media\/112206"}],"wp:attachment":[{"href":"https:\/\/mod.wisdar.net\/tr\/wp-json\/wp\/v2\/media?parent=112216"}],"wp:term":[{"taxonomy":"product_brand","embeddable":true,"href":"https:\/\/mod.wisdar.net\/tr\/wp-json\/wp\/v2\/product_brand?post=112216"},{"taxonomy":"product_cat","embeddable":true,"href":"https:\/\/mod.wisdar.net\/tr\/wp-json\/wp\/v2\/product_cat?post=112216"},{"taxonomy":"product_tag","embeddable":true,"href":"https:\/\/mod.wisdar.net\/tr\/wp-json\/wp\/v2\/product_tag?post=112216"}],"curies":[{"name":"wp","href":"https:\/\/api.w.org\/{rel}","templated":true}]}}