{"id":112315,"date":"2026-02-16T21:38:41","date_gmt":"2026-02-16T21:38:41","guid":{"rendered":"https:\/\/modesthanim.com\/product\/siyah-bagcik-detay-yelekli-elbise\/"},"modified":"2026-03-26T21:25:28","modified_gmt":"2026-03-26T21:25:28","slug":"siyah-bagcik-detay-yelekli-elbise","status":"publish","type":"product","link":"https:\/\/mod.wisdar.net\/tr\/urun\/siyah-bagcik-detay-yelekli-elbise\/","title":{"rendered":"Siyah Ba\u011fc\u0131k Detay Yelekli Elbise"},"content":{"rendered":"<p>BAKIMI:<br \/>\n\u00dcr\u00fcn\u00fcm\u00fcz\u00fc tersinden hassas programda tek y\u0131kay\u0131n\u0131z.<br \/>\n S\u0131v\u0131 deterjanla y\u0131kamal\u0131 ve d\u00fc\u015f\u00fck devirde s\u0131kma yapmal\u0131s\u0131n\u0131z.<br \/>\n Sererek kurutmal\u0131 ve d\u00fc\u015f\u00fck s\u0131cakl\u0131kta \u00fct\u00fc yapmal\u0131s\u0131n\u0131z.<br \/>\nED\u0130T\u00d6R\u00dcN YORUMU<br \/>\nBa\u011fc\u0131k detay yelekli elbise modeli yele\u011findeki \u00f6rme nak\u0131\u015f detay\u0131 ve ba\u011fc\u0131k kapamas\u0131yla \u015f\u0131kl\u0131\u011f\u0131 ve zarafeti \u00f6n plana ta\u015f\u0131yor. Keten modal kuma\u015ftan \u00fcretilen tak\u0131m\u0131m\u0131z hem hafifli\u011fi hem de yumu\u015fak dokusuyla ciltte ferahl\u0131k hissi olu\u015fturuyor. F\u0131rf\u0131rl\u0131 b\u00fczg\u00fc diki\u015fli ve klo\u015f ete\u011fiyle zarif bir g\u00f6r\u00fcn\u00fcm sa\u011fl\u0131yor. Levidor \u015fal modelleriyle kombinleyerek stilinize hava katarak g\u00fcn boyu \u015f\u0131kl\u0131\u011f\u0131n\u0131z\u0131 koruyabilirsiniz. G\u00fcnl\u00fck veya \u00f6zel g\u00fcnlerinizde tercih edebilece\u011finiz birbirinden kaliteli ve \u015f\u0131k modellerimizi sitemizde be\u011feninize sunmaktay\u0131z.<\/p>\n<p>\u2014 Technical Details \u2014<br \/>\nKuma\u015f: Keten Modal<br \/>\nDesen: D\u00fcz<br \/>\nManken \u00d6l\u00e7\u00fcs\u00fc: Boy:174 cm,G\u00f6g\u00fcs 90 cm, Bel 65 cm, Basen 95 cm, Kol Boyu 60 cm.<br \/>\nKapama Tarz\u0131: Ba\u011fc\u0131kl\u0131 ve Fermuarl\u0131<br \/>\n\u00dcr\u00fcn Detay\u0131: B\u00fczg\u00fc<br \/>\nYaka Tipi: Bisiklet Yaka<\/p>\n","protected":false},"excerpt":{"rendered":"<p>BAKIMI: \u00dcr\u00fcn\u00fcm\u00fcz\u00fc tersinden hassas programda tek y\u0131kay\u0131n\u0131z. S\u0131v\u0131 deterjanla y\u0131kamal\u0131 ve d\u00fc\u015f\u00fck devirde s\u0131kma yapmal\u0131s\u0131n\u0131z. Sererek kurutmal\u0131 ve d\u00fc\u015f\u00fck s\u0131cakl\u0131kta \u00fct\u00fc yapmal\u0131s\u0131n\u0131z. ED\u0130T\u00d6R\u00dcN YORUMU Ba\u011fc\u0131k detay yelekli elbise modeli yele\u011findeki \u00f6rme nak\u0131\u015f detay\u0131 ve ba\u011fc\u0131k kapamas\u0131yla \u015f\u0131kl\u0131\u011f\u0131 ve zarafeti \u00f6n plana ta\u015f\u0131yor. Keten modal kuma\u015ftan \u00fcretilen tak\u0131m\u0131m\u0131z hem hafifli\u011fi hem de yumu\u015fak dokusuyla ciltte ferahl\u0131k [&hellip;]<\/p>\n","protected":false},"featured_media":112304,"comment_status":"open","ping_status":"closed","template":"","meta":[],"product_brand":[],"product_cat":[6249,1933],"product_tag":[7623,5012,7426,6937,6877],"class_list":{"0":"post-112315","1":"product","2":"type-product","3":"status-publish","4":"has-post-thumbnail","6":"product_cat-elbiseler","7":"product_cat-gunluk-ve-gunduz-elbiseleri","8":"product_tag-dantel-detayli","9":"product_tag-elegant","10":"product_tag-gunluk-giyim-3","11":"product_tag-siyah-elbise","12":"product_tag-yaz-elbisesi","13":"pa_brand-levidor","14":"pa_color-siyah","15":"pa_size-4706","16":"pa_size-4711","17":"pa_size-4713","18":"pa_size-4751","20":"first","21":"instock","22":"sale","23":"shipping-taxable","24":"purchasable","25":"product-type-variable"},"_links":{"self":[{"href":"https:\/\/mod.wisdar.net\/tr\/wp-json\/wp\/v2\/product\/112315","targetHints":{"allow":["GET"]}}],"collection":[{"href":"https:\/\/mod.wisdar.net\/tr\/wp-json\/wp\/v2\/product"}],"about":[{"href":"https:\/\/mod.wisdar.net\/tr\/wp-json\/wp\/v2\/types\/product"}],"replies":[{"embeddable":true,"href":"https:\/\/mod.wisdar.net\/tr\/wp-json\/wp\/v2\/comments?post=112315"}],"wp:featuredmedia":[{"embeddable":true,"href":"https:\/\/mod.wisdar.net\/tr\/wp-json\/wp\/v2\/media\/112304"}],"wp:attachment":[{"href":"https:\/\/mod.wisdar.net\/tr\/wp-json\/wp\/v2\/media?parent=112315"}],"wp:term":[{"taxonomy":"product_brand","embeddable":true,"href":"https:\/\/mod.wisdar.net\/tr\/wp-json\/wp\/v2\/product_brand?post=112315"},{"taxonomy":"product_cat","embeddable":true,"href":"https:\/\/mod.wisdar.net\/tr\/wp-json\/wp\/v2\/product_cat?post=112315"},{"taxonomy":"product_tag","embeddable":true,"href":"https:\/\/mod.wisdar.net\/tr\/wp-json\/wp\/v2\/product_tag?post=112315"}],"curies":[{"name":"wp","href":"https:\/\/api.w.org\/{rel}","templated":true}]}}