{"id":112389,"date":"2026-02-16T21:39:51","date_gmt":"2026-02-16T21:39:51","guid":{"rendered":"https:\/\/modesthanim.com\/product\/gri-bel-kemerli-tasli-elbise\/"},"modified":"2026-02-16T21:49:44","modified_gmt":"2026-02-16T21:49:44","slug":"gri-bel-kemerli-tasli-elbise","status":"publish","type":"product","link":"https:\/\/mod.wisdar.net\/tr\/urun\/gri-bel-kemerli-tasli-elbise\/","title":{"rendered":"Gri Bel Kemerli Ta\u015fl\u0131 Elbise"},"content":{"rendered":"<p>BAKIMI:<br \/>\n\u00dcr\u00fcn\u00fcm\u00fcz\u00fc tersinden hassas programda tek y\u0131kay\u0131n\u0131z.<br \/>\n S\u0131v\u0131 deterjanla y\u0131kamal\u0131 ve d\u00fc\u015f\u00fck devirde s\u0131kma yapmal\u0131s\u0131n\u0131z.<br \/>\n Sererek kurutmal\u0131 ve d\u00fc\u015f\u00fck s\u0131cakl\u0131kta \u00fct\u00fc yapmal\u0131s\u0131n\u0131z.<br \/>\nED\u0130T\u00d6R\u00dcN YORUMU<br \/>\nTarz sahibi bayanlar\u0131n gard\u0131roplar\u0131n\u0131n olmazsa olmaz\u0131 abiye elbise modelleri \u00f6zel g\u00fcn ve gecelerinizde size e\u015flik ediyor. Kullan\u0131\u015fl\u0131 bir rugan \u00e7anta ile kombinlendi\u011finde davet \u015f\u0131kl\u0131\u011f\u0131n\u0131z\u0131 yakal\u0131yor. \u015e\u0131k g\u00f6r\u00fcnmek isterken konfordan da \u00f6d\u00fcn vermeyen bayanlar i\u00e7in ideal bir se\u00e7imdir. Ta\u015f i\u015flemesiyle g\u00f6z kama\u015ft\u0131ran modelimize Levidor fark\u0131 ve g\u00fcvencesiyle sahip olmak art\u0131k \u00e7ok kolay.<\/p>\n<p>\u2014 Technical Details \u2014<br \/>\nKuma\u015f: Polyester<br \/>\nDesen: Ta\u015fl\u0131<br \/>\nManken \u00d6l\u00e7\u00fcs\u00fc: Boy: 176 cm,Gog\u00fcs: 94 cm,Bel: 75 cm,Basen: 107 cm,Kol Boyu: 61 cm<br \/>\nKapama Tarz\u0131: Fermuarl\u0131<br \/>\nKol Tipi: B\u00fczg\u00fcl\u00fc<br \/>\nMeteryal\/Kuma\u015f T\u00fcr\u00fc: Saten<\/p>\n","protected":false},"excerpt":{"rendered":"<p>BAKIMI: \u00dcr\u00fcn\u00fcm\u00fcz\u00fc tersinden hassas programda tek y\u0131kay\u0131n\u0131z. S\u0131v\u0131 deterjanla y\u0131kamal\u0131 ve d\u00fc\u015f\u00fck devirde s\u0131kma yapmal\u0131s\u0131n\u0131z. Sererek kurutmal\u0131 ve d\u00fc\u015f\u00fck s\u0131cakl\u0131kta \u00fct\u00fc yapmal\u0131s\u0131n\u0131z. ED\u0130T\u00d6R\u00dcN YORUMU Tarz sahibi bayanlar\u0131n gard\u0131roplar\u0131n\u0131n olmazsa olmaz\u0131 abiye elbise modelleri \u00f6zel g\u00fcn ve gecelerinizde size e\u015flik ediyor. Kullan\u0131\u015fl\u0131 bir rugan \u00e7anta ile kombinlendi\u011finde davet \u015f\u0131kl\u0131\u011f\u0131n\u0131z\u0131 yakal\u0131yor. \u015e\u0131k g\u00f6r\u00fcnmek isterken konfordan da \u00f6d\u00fcn [&hellip;]<\/p>\n","protected":false},"featured_media":112379,"comment_status":"open","ping_status":"closed","template":"","meta":[],"product_brand":[],"product_cat":[6249,1936],"product_tag":[8427,6772,7959],"class_list":{"0":"post-112389","1":"product","2":"type-product","3":"status-publish","4":"has-post-thumbnail","6":"product_cat-elbiseler","7":"product_cat-resmi-ve-aksam-elbiseleri","8":"product_tag-gece-elbisesi","9":"product_tag-ozel-gun","10":"product_tag-resmi-giyim","11":"pa_brand-levidor","12":"pa_color-gri","13":"pa_size-4706","14":"pa_size-4711","15":"pa_size-4713","16":"pa_size-4751","18":"first","19":"instock","20":"sale","21":"shipping-taxable","22":"purchasable","23":"product-type-variable"},"_links":{"self":[{"href":"https:\/\/mod.wisdar.net\/tr\/wp-json\/wp\/v2\/product\/112389","targetHints":{"allow":["GET"]}}],"collection":[{"href":"https:\/\/mod.wisdar.net\/tr\/wp-json\/wp\/v2\/product"}],"about":[{"href":"https:\/\/mod.wisdar.net\/tr\/wp-json\/wp\/v2\/types\/product"}],"replies":[{"embeddable":true,"href":"https:\/\/mod.wisdar.net\/tr\/wp-json\/wp\/v2\/comments?post=112389"}],"wp:featuredmedia":[{"embeddable":true,"href":"https:\/\/mod.wisdar.net\/tr\/wp-json\/wp\/v2\/media\/112379"}],"wp:attachment":[{"href":"https:\/\/mod.wisdar.net\/tr\/wp-json\/wp\/v2\/media?parent=112389"}],"wp:term":[{"taxonomy":"product_brand","embeddable":true,"href":"https:\/\/mod.wisdar.net\/tr\/wp-json\/wp\/v2\/product_brand?post=112389"},{"taxonomy":"product_cat","embeddable":true,"href":"https:\/\/mod.wisdar.net\/tr\/wp-json\/wp\/v2\/product_cat?post=112389"},{"taxonomy":"product_tag","embeddable":true,"href":"https:\/\/mod.wisdar.net\/tr\/wp-json\/wp\/v2\/product_tag?post=112389"}],"curies":[{"name":"wp","href":"https:\/\/api.w.org\/{rel}","templated":true}]}}