{"id":112397,"date":"2026-02-16T21:39:52","date_gmt":"2026-02-16T21:39:52","guid":{"rendered":"https:\/\/modesthanim.com\/product\/antrasit-omuz-nakis-detayli-cupra-elbise\/"},"modified":"2026-02-16T21:49:54","modified_gmt":"2026-02-16T21:49:54","slug":"antrasit-omuz-nakis-detayli-cupra-elbise","status":"publish","type":"product","link":"https:\/\/mod.wisdar.net\/tr\/urun\/antrasit-omuz-nakis-detayli-cupra-elbise\/","title":{"rendered":"Antrasit Omuz Nak\u0131\u015f Detayl\u0131 Cupra Elbise"},"content":{"rendered":"<p>BAKIMI:<br \/>\n\u00dcr\u00fcn\u00fcm\u00fcz\u00fc tersinden hassas programda tek y\u0131kay\u0131n\u0131z.<br \/>\n S\u0131v\u0131 deterjanla y\u0131kamal\u0131 ve d\u00fc\u015f\u00fck devirde s\u0131kma yapmal\u0131s\u0131n\u0131z.<br \/>\n Sererek kurutmal\u0131 ve d\u00fc\u015f\u00fck s\u0131cakl\u0131kta \u00fct\u00fc yapmal\u0131s\u0131n\u0131z.<br \/>\nED\u0130T\u00d6R\u00dcN YORUMU<br \/>\nOmuz nak\u0131\u015f detayl\u0131 cupra elbise modelleri her ortamda stilinizi \u00f6n plana \u00e7\u0131kar\u0131yor. Omuz k\u0131sm\u0131nda yer alan nak\u0131\u015f detaylar\u0131 elbiseyi estetik bir \u015fekilde tamaml\u0131yor. Diki\u015f kalitesi ve rahat kal\u0131p formuyla her bak\u0131\u015fta \u015f\u0131kl\u0131\u011f\u0131n\u0131z\u0131 yans\u0131t\u0131yor. Cupra kuma\u015ftan \u00fcretilen bu elbise hem hafifli\u011fi hem de yumu\u015fak dokusuyla ciltte ferahl\u0131k hissi olu\u015fturuyor. D\u00f6k\u00fcml\u00fc ve do\u011fal duru\u015fuyla v\u00fccuda oturmadan zarif bir g\u00f6r\u00fcn\u00fcm sa\u011fl\u0131yor.<\/p>\n<p>\u2014 Technical Details \u2014<br \/>\nDesen: Nak\u0131\u015fl\u0131\/\u0130\u015flemeli<br \/>\nKapama Tarz\u0131: Fermuarl\u0131<br \/>\n\u00dcr\u00fcn Detay\u0131: F\u0131rf\u0131r<br \/>\nKemer\/Ku\u015fak Durumu: Kemerli<br \/>\nManken \u00d6l\u00e7\u00fcs\u00fc: Boy:174 cm,G\u00f6g\u00fcs 90 cm, Bel 65 cm, Basen 95 cm, Kol Boyu 60 cm.<\/p>\n","protected":false},"excerpt":{"rendered":"<p>BAKIMI: \u00dcr\u00fcn\u00fcm\u00fcz\u00fc tersinden hassas programda tek y\u0131kay\u0131n\u0131z. S\u0131v\u0131 deterjanla y\u0131kamal\u0131 ve d\u00fc\u015f\u00fck devirde s\u0131kma yapmal\u0131s\u0131n\u0131z. Sererek kurutmal\u0131 ve d\u00fc\u015f\u00fck s\u0131cakl\u0131kta \u00fct\u00fc yapmal\u0131s\u0131n\u0131z. ED\u0130T\u00d6R\u00dcN YORUMU Omuz nak\u0131\u015f detayl\u0131 cupra elbise modelleri her ortamda stilinizi \u00f6n plana \u00e7\u0131kar\u0131yor. Omuz k\u0131sm\u0131nda yer alan nak\u0131\u015f detaylar\u0131 elbiseyi estetik bir \u015fekilde tamaml\u0131yor. Diki\u015f kalitesi ve rahat kal\u0131p formuyla her bak\u0131\u015fta [&hellip;]<\/p>\n","protected":false},"featured_media":112382,"comment_status":"open","ping_status":"closed","template":"","meta":[],"product_brand":[],"product_cat":[6249,1933],"product_tag":[6744],"class_list":{"0":"post-112397","1":"product","2":"type-product","3":"status-publish","4":"has-post-thumbnail","6":"product_cat-elbiseler","7":"product_cat-gunluk-ve-gunduz-elbiseleri","8":"product_tag-kadin-modasi","9":"pa_brand-levidor","10":"pa_color-antrasit","11":"pa_size-4711","12":"pa_size-4713","13":"pa_size-4751","14":"pa_size-4749","16":"first","17":"instock","18":"sale","19":"shipping-taxable","20":"purchasable","21":"product-type-variable"},"_links":{"self":[{"href":"https:\/\/mod.wisdar.net\/tr\/wp-json\/wp\/v2\/product\/112397","targetHints":{"allow":["GET"]}}],"collection":[{"href":"https:\/\/mod.wisdar.net\/tr\/wp-json\/wp\/v2\/product"}],"about":[{"href":"https:\/\/mod.wisdar.net\/tr\/wp-json\/wp\/v2\/types\/product"}],"replies":[{"embeddable":true,"href":"https:\/\/mod.wisdar.net\/tr\/wp-json\/wp\/v2\/comments?post=112397"}],"wp:featuredmedia":[{"embeddable":true,"href":"https:\/\/mod.wisdar.net\/tr\/wp-json\/wp\/v2\/media\/112382"}],"wp:attachment":[{"href":"https:\/\/mod.wisdar.net\/tr\/wp-json\/wp\/v2\/media?parent=112397"}],"wp:term":[{"taxonomy":"product_brand","embeddable":true,"href":"https:\/\/mod.wisdar.net\/tr\/wp-json\/wp\/v2\/product_brand?post=112397"},{"taxonomy":"product_cat","embeddable":true,"href":"https:\/\/mod.wisdar.net\/tr\/wp-json\/wp\/v2\/product_cat?post=112397"},{"taxonomy":"product_tag","embeddable":true,"href":"https:\/\/mod.wisdar.net\/tr\/wp-json\/wp\/v2\/product_tag?post=112397"}],"curies":[{"name":"wp","href":"https:\/\/api.w.org\/{rel}","templated":true}]}}