{"id":112463,"date":"2026-02-16T21:40:42","date_gmt":"2026-02-16T21:40:42","guid":{"rendered":"https:\/\/modesthanim.com\/product\/gri-dantel-seritli-cupra-elbise\/"},"modified":"2026-02-16T21:49:18","modified_gmt":"2026-02-16T21:49:18","slug":"gri-dantel-seritli-cupra-elbise","status":"publish","type":"product","link":"https:\/\/mod.wisdar.net\/tr\/urun\/gri-dantel-seritli-cupra-elbise\/","title":{"rendered":"Gri Dantel \u015eeritli Cupra Elbise"},"content":{"rendered":"<p>BAKIM TAL\u0130MATLARI:<br \/>\n\u00dcr\u00fcn\u00fc ters \u00e7evirerek hassas programda y\u0131kay\u0131n\u0131z.<br \/>\nS\u0131v\u0131 deterjan kullan\u0131n ve d\u00fc\u015f\u00fck devirde s\u0131kma yap\u0131n.<br \/>\nAsk\u0131da kurutun ve d\u00fc\u015f\u00fck \u0131s\u0131da \u00fct\u00fcleyin.<br \/>\nED\u0130T\u00d6R YORUMU<br \/>\nZarafeti \u00f6n plana \u00e7\u0131karan dantel \u015feritli cupra elbise modelimiz sizlerle. Omuzdaki f\u0131rf\u0131r g\u00fcl ve g\u00f6\u011f\u00fcs alt\u0131ndaki dantel detay\u0131 elbiseye hafiflik kat\u0131yor. Pratik bir omuz \u00e7antas\u0131yla kombinlendi\u011finde g\u00fcnl\u00fck \u015f\u0131kl\u0131\u011f\u0131n\u0131z\u0131 tamaml\u0131yor. D\u00f6k\u00fcml\u00fc ve do\u011fal duru\u015fuyla v\u00fccuda oturmadan zarif bir sil\u00fcet sunuyor. Levidor fark\u0131 ve g\u00fcvencesiyle \u015f\u0131k ve kaliteli modellere sahip olmak art\u0131k \u00e7ok kolay.<\/p>\n<p>\u2014 Teknik Detaylar \u2014<br \/>\nKuma\u015f: Cupra<br \/>\nDesen: Dantel\/G\u00fcp\u00fcr<br \/>\nY\u0131l: 2025<br \/>\nSezon: K\u0131\u015f<br \/>\nManken \u00d6l\u00e7\u00fcleri: Boy: 174 cm, G\u00f6\u011f\u00fcs: 90 cm, Bel: 65 cm, Basen: 95 cm, Kol Boyu: 60 cm<br \/>\nKapama \u015eekli: D\u00fc\u011fmeli<br \/>\nKemer\/Ku\u015fak Durumu: Ku\u015fakl\u0131<\/p>\n","protected":false},"excerpt":{"rendered":"<p>BAKIM TAL\u0130MATLARI: \u00dcr\u00fcn\u00fc ters \u00e7evirerek hassas programda y\u0131kay\u0131n\u0131z. S\u0131v\u0131 deterjan kullan\u0131n ve d\u00fc\u015f\u00fck devirde s\u0131kma yap\u0131n. Ask\u0131da kurutun ve d\u00fc\u015f\u00fck \u0131s\u0131da \u00fct\u00fcleyin. ED\u0130T\u00d6R YORUMU Zarafeti \u00f6n plana \u00e7\u0131karan dantel \u015feritli cupra elbise modelimiz sizlerle. Omuzdaki f\u0131rf\u0131r g\u00fcl ve g\u00f6\u011f\u00fcs alt\u0131ndaki dantel detay\u0131 elbiseye hafiflik kat\u0131yor. Pratik bir omuz \u00e7antas\u0131yla kombinlendi\u011finde g\u00fcnl\u00fck \u015f\u0131kl\u0131\u011f\u0131n\u0131z\u0131 tamaml\u0131yor. D\u00f6k\u00fcml\u00fc ve [&hellip;]<\/p>\n","protected":false},"featured_media":112449,"comment_status":"open","ping_status":"closed","template":"","meta":[],"product_brand":[],"product_cat":[6249,1933],"product_tag":[],"class_list":{"0":"post-112463","1":"product","2":"type-product","3":"status-publish","4":"has-post-thumbnail","6":"product_cat-elbiseler","7":"product_cat-gunluk-ve-gunduz-elbiseleri","8":"pa_brand-levidor","9":"pa_color-gri","10":"pa_size-4706","11":"pa_size-4711","12":"pa_size-4713","13":"pa_size-4751","15":"first","16":"instock","17":"sale","18":"shipping-taxable","19":"purchasable","20":"product-type-variable"},"_links":{"self":[{"href":"https:\/\/mod.wisdar.net\/tr\/wp-json\/wp\/v2\/product\/112463","targetHints":{"allow":["GET"]}}],"collection":[{"href":"https:\/\/mod.wisdar.net\/tr\/wp-json\/wp\/v2\/product"}],"about":[{"href":"https:\/\/mod.wisdar.net\/tr\/wp-json\/wp\/v2\/types\/product"}],"replies":[{"embeddable":true,"href":"https:\/\/mod.wisdar.net\/tr\/wp-json\/wp\/v2\/comments?post=112463"}],"wp:featuredmedia":[{"embeddable":true,"href":"https:\/\/mod.wisdar.net\/tr\/wp-json\/wp\/v2\/media\/112449"}],"wp:attachment":[{"href":"https:\/\/mod.wisdar.net\/tr\/wp-json\/wp\/v2\/media?parent=112463"}],"wp:term":[{"taxonomy":"product_brand","embeddable":true,"href":"https:\/\/mod.wisdar.net\/tr\/wp-json\/wp\/v2\/product_brand?post=112463"},{"taxonomy":"product_cat","embeddable":true,"href":"https:\/\/mod.wisdar.net\/tr\/wp-json\/wp\/v2\/product_cat?post=112463"},{"taxonomy":"product_tag","embeddable":true,"href":"https:\/\/mod.wisdar.net\/tr\/wp-json\/wp\/v2\/product_tag?post=112463"}],"curies":[{"name":"wp","href":"https:\/\/api.w.org\/{rel}","templated":true}]}}