{"id":112561,"date":"2026-02-16T21:42:15","date_gmt":"2026-02-16T21:42:15","guid":{"rendered":"https:\/\/modesthanim.com\/product\/cagla-yesili-volan-detay-dugmeli-gomlek\/"},"modified":"2026-02-16T21:48:49","modified_gmt":"2026-02-16T21:48:49","slug":"cagla-yesili-volan-detay-dugmeli-gomlek","status":"publish","type":"product","link":"https:\/\/mod.wisdar.net\/tr\/urun\/cagla-yesili-volan-detay-dugmeli-gomlek\/","title":{"rendered":"\u00c7a\u011fla Ye\u015fili Volan Detay D\u00fc\u011fmeli G\u00f6mlek"},"content":{"rendered":"<p>BAKIMI:<br \/>\n\u00dcr\u00fcn\u00fcm\u00fcz\u00fc tersinden hassas programda tek y\u0131kay\u0131n\u0131z.<br \/>\n S\u0131v\u0131 deterjanla y\u0131kamal\u0131 ve d\u00fc\u015f\u00fck devirde s\u0131kma yapmal\u0131s\u0131n\u0131z.<br \/>\n Sererek kurutmal\u0131 ve d\u00fc\u015f\u00fck s\u0131cakl\u0131kta \u00fct\u00fc yapmal\u0131s\u0131n\u0131z.<br \/>\nED\u0130T\u00d6R\u00dcN YORUMU<br \/>\nDetay d\u00fc\u011fmeli g\u00f6mlek modeli d\u00f6k\u00fcml\u00fc kuma\u015f detay\u0131yla stilinize sofistike bir g\u00f6r\u00fcn\u00fcm kazand\u0131r\u0131yor.  Desenli ipek \u015fal ile kombinlendi\u011finde ise her ortamda bak\u0131\u015flar\u0131 \u00fczerinize topluyor. Boyuyla dar pantolon ve taytlarla rahat kullan\u0131m sa\u011fl\u0131yor. G\u00f6mle\u011fin omuz alt\u0131ndan kol ucuna kadar varan volan detay\u0131 zarafet ve \u015f\u0131kl\u0131k kazand\u0131r\u0131yor. G\u00fcnl\u00fck veya \u00f6zel davetlerde tercih edebilece\u011finiz g\u00f6mle\u011fimiz farkl\u0131 renkleriyle be\u011feninize sunuluyor.<\/p>\n<p>\u2014 Technical Details \u2014<br \/>\nKuma\u015f: Modal<br \/>\nDesen: D\u00fcz<br \/>\nManken \u00d6l\u00e7\u00fcs\u00fc: Boy:174 cm,G\u00f6g\u00fcs 90 cm, Bel 65 cm, Basen 95 cm, Kol Boyu 60 cm.<br \/>\nKapama Tarz\u0131: D\u00fc\u011fmeli<br \/>\n\u00dcr\u00fcn Detay\u0131: Volan<\/p>\n","protected":false},"excerpt":{"rendered":"<p>BAKIMI: \u00dcr\u00fcn\u00fcm\u00fcz\u00fc tersinden hassas programda tek y\u0131kay\u0131n\u0131z. S\u0131v\u0131 deterjanla y\u0131kamal\u0131 ve d\u00fc\u015f\u00fck devirde s\u0131kma yapmal\u0131s\u0131n\u0131z. Sererek kurutmal\u0131 ve d\u00fc\u015f\u00fck s\u0131cakl\u0131kta \u00fct\u00fc yapmal\u0131s\u0131n\u0131z. ED\u0130T\u00d6R\u00dcN YORUMU Detay d\u00fc\u011fmeli g\u00f6mlek modeli d\u00f6k\u00fcml\u00fc kuma\u015f detay\u0131yla stilinize sofistike bir g\u00f6r\u00fcn\u00fcm kazand\u0131r\u0131yor. Desenli ipek \u015fal ile kombinlendi\u011finde ise her ortamda bak\u0131\u015flar\u0131 \u00fczerinize topluyor. Boyuyla dar pantolon ve taytlarla rahat kullan\u0131m sa\u011fl\u0131yor. [&hellip;]<\/p>\n","protected":false},"featured_media":112550,"comment_status":"open","ping_status":"closed","template":"","meta":[],"product_brand":[],"product_cat":[1909],"product_tag":[6744],"class_list":{"0":"post-112561","1":"product","2":"type-product","3":"status-publish","4":"has-post-thumbnail","6":"product_cat-bluzlar-ve-gomlekler","7":"product_tag-kadin-modasi","8":"pa_brand-levidor","9":"pa_size-4706","10":"pa_size-4711","11":"pa_size-4713","12":"pa_size-4751","14":"first","15":"instock","16":"sale","17":"shipping-taxable","18":"purchasable","19":"product-type-variable"},"_links":{"self":[{"href":"https:\/\/mod.wisdar.net\/tr\/wp-json\/wp\/v2\/product\/112561","targetHints":{"allow":["GET"]}}],"collection":[{"href":"https:\/\/mod.wisdar.net\/tr\/wp-json\/wp\/v2\/product"}],"about":[{"href":"https:\/\/mod.wisdar.net\/tr\/wp-json\/wp\/v2\/types\/product"}],"replies":[{"embeddable":true,"href":"https:\/\/mod.wisdar.net\/tr\/wp-json\/wp\/v2\/comments?post=112561"}],"wp:featuredmedia":[{"embeddable":true,"href":"https:\/\/mod.wisdar.net\/tr\/wp-json\/wp\/v2\/media\/112550"}],"wp:attachment":[{"href":"https:\/\/mod.wisdar.net\/tr\/wp-json\/wp\/v2\/media?parent=112561"}],"wp:term":[{"taxonomy":"product_brand","embeddable":true,"href":"https:\/\/mod.wisdar.net\/tr\/wp-json\/wp\/v2\/product_brand?post=112561"},{"taxonomy":"product_cat","embeddable":true,"href":"https:\/\/mod.wisdar.net\/tr\/wp-json\/wp\/v2\/product_cat?post=112561"},{"taxonomy":"product_tag","embeddable":true,"href":"https:\/\/mod.wisdar.net\/tr\/wp-json\/wp\/v2\/product_tag?post=112561"}],"curies":[{"name":"wp","href":"https:\/\/api.w.org\/{rel}","templated":true}]}}