{"id":112620,"date":"2026-02-16T21:43:11","date_gmt":"2026-02-16T21:43:11","guid":{"rendered":"https:\/\/modesthanim.com\/product\/siyah-kapusonlu-cizgi-detay-sweat\/"},"modified":"2026-03-03T11:20:51","modified_gmt":"2026-03-03T11:20:51","slug":"siyah-kapusonlu-cizgi-detay-sweat","status":"publish","type":"product","link":"https:\/\/mod.wisdar.net\/tr\/urun\/siyah-kapusonlu-cizgi-detay-sweat\/","title":{"rendered":"Siyah Kap\u00fc\u015fonlu \u00c7izgi Detay Sweat"},"content":{"rendered":"<p>BAKIMI:<br \/>\n\u00dcr\u00fcn\u00fcm\u00fcz\u00fc tersinden hassas programda tek y\u0131kay\u0131n\u0131z.<br \/>\n S\u0131v\u0131 deterjanla y\u0131kamal\u0131 ve d\u00fc\u015f\u00fck devirde s\u0131kma yapmal\u0131s\u0131n\u0131z.<br \/>\n Sererek kurutmal\u0131 ve d\u00fc\u015f\u00fck s\u0131cakl\u0131kta \u00fct\u00fc yapmal\u0131s\u0131n\u0131z.<br \/>\nED\u0130T\u00d6R\u00dcN YORUMU<br \/>\nKap\u00fc\u015fonlu \u00e7izgi detay sweat sportif tasar\u0131m\u0131yla g\u00fcnl\u00fck giyimde konfor ve \u015f\u0131kl\u0131\u011f\u0131 bir arada sunuyor. G\u00fcnl\u00fck kullan\u0131ma uygun yap\u0131s\u0131 sayesinde serin havalarda rahatl\u0131kla tercih ediliyor. Yumu\u015fak dokulu ve nefes alabilen kuma\u015f\u0131 g\u00fcn boyu konfor sunarken hareket \u00f6zg\u00fcrl\u00fc\u011f\u00fcn\u00fc destekliyor. Dayan\u0131kl\u0131 diki\u015f yap\u0131s\u0131 \u00fcr\u00fcn\u00fc uzun s\u00fcre deforme olmadan kullanman\u0131za olanak tan\u0131yor. Minimal ama iddial\u0131 tasar\u0131m\u0131 sade bir \u015f\u0131kl\u0131k arayan herkes i\u00e7in vazge\u00e7ilmez bir par\u00e7a h\u00e2line getiriyor. Trend bir g\u00f6r\u00fcn\u00fcm i\u00e7in oversize g\u00f6mlek bol pa\u00e7a pantolon ve \u015fapka ile kombinlendi\u011finde dikkatleri \u00fczerine \u00e7ekiyor.<\/p>\n<p>\u2014 Technical Details \u2014<br \/>\nKuma\u015f: Tensel<br \/>\nDesen: \u00c7izgili<br \/>\nManken \u00d6l\u00e7\u00fcs\u00fc: Boy:174 cm, G\u00f6\u011f\u00fcs: 87 cm, Basen: 100 cm, Kol Boyu: 60 cm<br \/>\nKapama Tarz\u0131: Fermuarl\u0131<br \/>\nYaka Tipi: Kap\u00fc\u015fonlu<\/p>\n","protected":false},"excerpt":{"rendered":"<p>BAKIMI: \u00dcr\u00fcn\u00fcm\u00fcz\u00fc tersinden hassas programda tek y\u0131kay\u0131n\u0131z. S\u0131v\u0131 deterjanla y\u0131kamal\u0131 ve d\u00fc\u015f\u00fck devirde s\u0131kma yapmal\u0131s\u0131n\u0131z. Sererek kurutmal\u0131 ve d\u00fc\u015f\u00fck s\u0131cakl\u0131kta \u00fct\u00fc yapmal\u0131s\u0131n\u0131z. ED\u0130T\u00d6R\u00dcN YORUMU Kap\u00fc\u015fonlu \u00e7izgi detay sweat sportif tasar\u0131m\u0131yla g\u00fcnl\u00fck giyimde konfor ve \u015f\u0131kl\u0131\u011f\u0131 bir arada sunuyor. G\u00fcnl\u00fck kullan\u0131ma uygun yap\u0131s\u0131 sayesinde serin havalarda rahatl\u0131kla tercih ediliyor. Yumu\u015fak dokulu ve nefes alabilen kuma\u015f\u0131 g\u00fcn [&hellip;]<\/p>\n","protected":false},"featured_media":112616,"comment_status":"open","ping_status":"closed","template":"","meta":[],"product_brand":[],"product_cat":[1927],"product_tag":[6770,7429],"class_list":{"0":"post-112620","1":"product","2":"type-product","3":"status-publish","4":"has-post-thumbnail","6":"product_cat-hoodies-sweatshirtler","7":"product_tag-gunluk-giyim","8":"product_tag-kapusonlu-sweatshirt","9":"pa_brand-levidor","10":"pa_color-siyah","11":"pa_size-4706","12":"pa_size-4711","13":"pa_size-4713","14":"pa_size-4751","16":"first","17":"instock","18":"sale","19":"shipping-taxable","20":"purchasable","21":"product-type-variable"},"_links":{"self":[{"href":"https:\/\/mod.wisdar.net\/tr\/wp-json\/wp\/v2\/product\/112620","targetHints":{"allow":["GET"]}}],"collection":[{"href":"https:\/\/mod.wisdar.net\/tr\/wp-json\/wp\/v2\/product"}],"about":[{"href":"https:\/\/mod.wisdar.net\/tr\/wp-json\/wp\/v2\/types\/product"}],"replies":[{"embeddable":true,"href":"https:\/\/mod.wisdar.net\/tr\/wp-json\/wp\/v2\/comments?post=112620"}],"wp:featuredmedia":[{"embeddable":true,"href":"https:\/\/mod.wisdar.net\/tr\/wp-json\/wp\/v2\/media\/112616"}],"wp:attachment":[{"href":"https:\/\/mod.wisdar.net\/tr\/wp-json\/wp\/v2\/media?parent=112620"}],"wp:term":[{"taxonomy":"product_brand","embeddable":true,"href":"https:\/\/mod.wisdar.net\/tr\/wp-json\/wp\/v2\/product_brand?post=112620"},{"taxonomy":"product_cat","embeddable":true,"href":"https:\/\/mod.wisdar.net\/tr\/wp-json\/wp\/v2\/product_cat?post=112620"},{"taxonomy":"product_tag","embeddable":true,"href":"https:\/\/mod.wisdar.net\/tr\/wp-json\/wp\/v2\/product_tag?post=112620"}],"curies":[{"name":"wp","href":"https:\/\/api.w.org\/{rel}","templated":true}]}}