{"id":112663,"date":"2026-02-16T21:43:47","date_gmt":"2026-02-16T21:43:47","guid":{"rendered":"https:\/\/modesthanim.com\/product\/siyah-yakasi-fular-bros-detayli-bluz\/"},"modified":"2026-04-10T21:12:26","modified_gmt":"2026-04-10T21:12:26","slug":"siyah-yakasi-fular-bros-detayli-bluz","status":"publish","type":"product","link":"https:\/\/mod.wisdar.net\/tr\/urun\/siyah-yakasi-fular-bros-detayli-bluz\/","title":{"rendered":"Siyah Yakas\u0131 Fular Bro\u015f Detayl\u0131 Bluz"},"content":{"rendered":"<p>BAKIMI:<br \/>\n\u00dcr\u00fcn\u00fcm\u00fcz\u00fc tersinden hassas programda tek y\u0131kay\u0131n\u0131z.<br \/>\n S\u0131v\u0131 deterjanla y\u0131kamal\u0131 ve d\u00fc\u015f\u00fck devirde s\u0131kma yapmal\u0131s\u0131n\u0131z.<br \/>\n Sererek kurutmal\u0131 ve d\u00fc\u015f\u00fck s\u0131cakl\u0131kta \u00fct\u00fc yapmal\u0131s\u0131n\u0131z.<br \/>\nED\u0130T\u00d6R\u00dcN YORUMU<br \/>\n Yakas\u0131 fular bro\u015f detayl\u0131 bluz modelimizi royal \u015fallar\u0131m\u0131zla stilinize hava katarak kullanabilirsiniz. D\u00f6rt mevsim rahatl\u0131kla tercih edebilece\u011finiz \u00fcr\u00fcn\u00fcm\u00fcz \u00f6n\u00fcndeki volanl\u0131 fular\u0131 ve bro\u015f detaylar\u0131yla \u015f\u0131kl\u0131\u011f\u0131n\u0131z\u0131 \u00f6n plana \u00e7\u0131kar\u0131yor.<\/p>\n<p>\u2014 Technical Details \u2014<br \/>\nKuma\u015f: Polyviskon<br \/>\nManken \u00d6l\u00e7\u00fcs\u00fc: Boy: 176 cm,Gog\u00fcs: 94 cm,Bel: 75 cm,Basen: 107 cm,Kol Boyu: 61 cm<br \/>\nKapama Tarz\u0131: D\u00fc\u011fmeli<br \/>\nAstar Durumu: Astars\u0131z<br \/>\nYaka Tipi: Fular Yaka<\/p>\n","protected":false},"excerpt":{"rendered":"<p>BAKIMI: \u00dcr\u00fcn\u00fcm\u00fcz\u00fc tersinden hassas programda tek y\u0131kay\u0131n\u0131z. S\u0131v\u0131 deterjanla y\u0131kamal\u0131 ve d\u00fc\u015f\u00fck devirde s\u0131kma yapmal\u0131s\u0131n\u0131z. Sererek kurutmal\u0131 ve d\u00fc\u015f\u00fck s\u0131cakl\u0131kta \u00fct\u00fc yapmal\u0131s\u0131n\u0131z. ED\u0130T\u00d6R\u00dcN YORUMU Yakas\u0131 fular bro\u015f detayl\u0131 bluz modelimizi royal \u015fallar\u0131m\u0131zla stilinize hava katarak kullanabilirsiniz. D\u00f6rt mevsim rahatl\u0131kla tercih edebilece\u011finiz \u00fcr\u00fcn\u00fcm\u00fcz \u00f6n\u00fcndeki volanl\u0131 fular\u0131 ve bro\u015f detaylar\u0131yla \u015f\u0131kl\u0131\u011f\u0131n\u0131z\u0131 \u00f6n plana \u00e7\u0131kar\u0131yor. \u2014 Technical Details [&hellip;]<\/p>\n","protected":false},"featured_media":112653,"comment_status":"open","ping_status":"closed","template":"","meta":[],"product_brand":[],"product_cat":[1909],"product_tag":[6744,8014],"class_list":{"0":"post-112663","1":"product","2":"type-product","3":"status-publish","4":"has-post-thumbnail","6":"product_cat-bluzlar-ve-gomlekler","7":"product_tag-kadin-modasi","8":"product_tag-poliviskoz","9":"pa_brand-levidor","10":"pa_color-siyah","11":"pa_size-4706","12":"pa_size-4711","13":"pa_size-4713","14":"pa_size-4751","15":"pa_size-4749","16":"pa_size-4747","18":"first","19":"instock","20":"shipping-taxable","21":"purchasable","22":"product-type-variable"},"_links":{"self":[{"href":"https:\/\/mod.wisdar.net\/tr\/wp-json\/wp\/v2\/product\/112663","targetHints":{"allow":["GET"]}}],"collection":[{"href":"https:\/\/mod.wisdar.net\/tr\/wp-json\/wp\/v2\/product"}],"about":[{"href":"https:\/\/mod.wisdar.net\/tr\/wp-json\/wp\/v2\/types\/product"}],"replies":[{"embeddable":true,"href":"https:\/\/mod.wisdar.net\/tr\/wp-json\/wp\/v2\/comments?post=112663"}],"wp:featuredmedia":[{"embeddable":true,"href":"https:\/\/mod.wisdar.net\/tr\/wp-json\/wp\/v2\/media\/112653"}],"wp:attachment":[{"href":"https:\/\/mod.wisdar.net\/tr\/wp-json\/wp\/v2\/media?parent=112663"}],"wp:term":[{"taxonomy":"product_brand","embeddable":true,"href":"https:\/\/mod.wisdar.net\/tr\/wp-json\/wp\/v2\/product_brand?post=112663"},{"taxonomy":"product_cat","embeddable":true,"href":"https:\/\/mod.wisdar.net\/tr\/wp-json\/wp\/v2\/product_cat?post=112663"},{"taxonomy":"product_tag","embeddable":true,"href":"https:\/\/mod.wisdar.net\/tr\/wp-json\/wp\/v2\/product_tag?post=112663"}],"curies":[{"name":"wp","href":"https:\/\/api.w.org\/{rel}","templated":true}]}}