{"id":112700,"date":"2026-02-16T21:44:12","date_gmt":"2026-02-16T21:44:12","guid":{"rendered":"https:\/\/modesthanim.com\/product\/siyah-kendinden-fular-baglamali-sifon-bluz\/"},"modified":"2026-03-03T11:25:55","modified_gmt":"2026-03-03T11:25:55","slug":"siyah-kendinden-fular-baglamali-sifon-bluz","status":"publish","type":"product","link":"https:\/\/mod.wisdar.net\/tr\/urun\/siyah-kendinden-fular-baglamali-sifon-bluz\/","title":{"rendered":"Siyah Kendinden Fular Ba\u011flamal\u0131 \u015eifon Bluz"},"content":{"rendered":"<p>BAKIMI:<br \/>\n\u00dcr\u00fcn\u00fcm\u00fcz\u00fc tersinden hassas programda tek y\u0131kay\u0131n\u0131z.<br \/>\n S\u0131v\u0131 deterjanla y\u0131kamal\u0131 ve d\u00fc\u015f\u00fck devirde s\u0131kma yapmal\u0131s\u0131n\u0131z.<br \/>\n Sererek kurutmal\u0131 ve d\u00fc\u015f\u00fck s\u0131cakl\u0131kta \u00fct\u00fc yapmal\u0131s\u0131n\u0131z.<br \/>\nED\u0130T\u00d6R\u00dcN YORUMU<br \/>\nFular ba\u011flamal\u0131 \u015fifon g\u00f6mlek modelleriyle kombinlerinize \u015f\u0131kl\u0131k katarak g\u00f6z kama\u015ft\u0131rabilirsiniz. Pilise etek ile stilinize sofistike bir g\u00f6r\u00fcn\u00fcm kazand\u0131rmaya var m\u0131s\u0131n\u0131z. Web sitemizde farkl\u0131 tasar\u0131m g\u00f6mlek modellerini bulman\u0131z m\u00fcmk\u00fcnd\u00fcr.<\/p>\n<p>\u2014 Technical Details \u2014<br \/>\nKuma\u015f: \u015eifon<br \/>\nManken \u00d6l\u00e7\u00fcs\u00fc: Boy: 176 cm,Gog\u00fcs: 94 cm,Bel: 75 cm,Basen: 107 cm,Kol Boyu: 61 cm<br \/>\nKapama Tarz\u0131: D\u00fc\u011fmeli<br \/>\nYaka Tipi: Boyundan Ba\u011flamal\u0131<\/p>\n","protected":false},"excerpt":{"rendered":"<p>BAKIMI: \u00dcr\u00fcn\u00fcm\u00fcz\u00fc tersinden hassas programda tek y\u0131kay\u0131n\u0131z. S\u0131v\u0131 deterjanla y\u0131kamal\u0131 ve d\u00fc\u015f\u00fck devirde s\u0131kma yapmal\u0131s\u0131n\u0131z. Sererek kurutmal\u0131 ve d\u00fc\u015f\u00fck s\u0131cakl\u0131kta \u00fct\u00fc yapmal\u0131s\u0131n\u0131z. ED\u0130T\u00d6R\u00dcN YORUMU Fular ba\u011flamal\u0131 \u015fifon g\u00f6mlek modelleriyle kombinlerinize \u015f\u0131kl\u0131k katarak g\u00f6z kama\u015ft\u0131rabilirsiniz. Pilise etek ile stilinize sofistike bir g\u00f6r\u00fcn\u00fcm kazand\u0131rmaya var m\u0131s\u0131n\u0131z. Web sitemizde farkl\u0131 tasar\u0131m g\u00f6mlek modellerini bulman\u0131z m\u00fcmk\u00fcnd\u00fcr. \u2014 Technical Details [&hellip;]<\/p>\n","protected":false},"featured_media":112694,"comment_status":"open","ping_status":"closed","template":"","meta":[],"product_brand":[],"product_cat":[1909],"product_tag":[7547,6744],"class_list":{"0":"post-112700","1":"product","2":"type-product","3":"status-publish","4":"has-post-thumbnail","6":"product_cat-bluzlar-ve-gomlekler","7":"product_tag-kadin-giyim","8":"product_tag-kadin-modasi","9":"pa_brand-levidor","10":"pa_color-siyah","11":"pa_size-4706","12":"pa_size-4711","13":"pa_size-4713","14":"pa_size-4751","16":"first","17":"instock","18":"shipping-taxable","19":"purchasable","20":"product-type-variable"},"_links":{"self":[{"href":"https:\/\/mod.wisdar.net\/tr\/wp-json\/wp\/v2\/product\/112700","targetHints":{"allow":["GET"]}}],"collection":[{"href":"https:\/\/mod.wisdar.net\/tr\/wp-json\/wp\/v2\/product"}],"about":[{"href":"https:\/\/mod.wisdar.net\/tr\/wp-json\/wp\/v2\/types\/product"}],"replies":[{"embeddable":true,"href":"https:\/\/mod.wisdar.net\/tr\/wp-json\/wp\/v2\/comments?post=112700"}],"wp:featuredmedia":[{"embeddable":true,"href":"https:\/\/mod.wisdar.net\/tr\/wp-json\/wp\/v2\/media\/112694"}],"wp:attachment":[{"href":"https:\/\/mod.wisdar.net\/tr\/wp-json\/wp\/v2\/media?parent=112700"}],"wp:term":[{"taxonomy":"product_brand","embeddable":true,"href":"https:\/\/mod.wisdar.net\/tr\/wp-json\/wp\/v2\/product_brand?post=112700"},{"taxonomy":"product_cat","embeddable":true,"href":"https:\/\/mod.wisdar.net\/tr\/wp-json\/wp\/v2\/product_cat?post=112700"},{"taxonomy":"product_tag","embeddable":true,"href":"https:\/\/mod.wisdar.net\/tr\/wp-json\/wp\/v2\/product_tag?post=112700"}],"curies":[{"name":"wp","href":"https:\/\/api.w.org\/{rel}","templated":true}]}}