{"id":112743,"date":"2026-02-16T21:44:38","date_gmt":"2026-02-16T21:44:38","guid":{"rendered":"https:\/\/modesthanim.com\/product\/siyah-yaka-tas-detayli-bluz\/"},"modified":"2026-03-03T11:28:11","modified_gmt":"2026-03-03T11:28:11","slug":"siyah-yaka-tas-detayli-bluz","status":"publish","type":"product","link":"https:\/\/mod.wisdar.net\/tr\/urun\/siyah-yaka-tas-detayli-bluz\/","title":{"rendered":"Siyah Yaka Ta\u015f Detayl\u0131 Bluz"},"content":{"rendered":"<p>BAKIMI:<br \/>\n\u00dcr\u00fcn\u00fcm\u00fcz\u00fc tersinden hassas programda tek y\u0131kay\u0131n\u0131z.<br \/>\n S\u0131v\u0131 deterjanla y\u0131kamal\u0131 ve d\u00fc\u015f\u00fck devirde s\u0131kma yapmal\u0131s\u0131n\u0131z.<br \/>\n Sererek kurutmal\u0131 ve d\u00fc\u015f\u00fck s\u0131cakl\u0131kta \u00fct\u00fc yapmal\u0131s\u0131n\u0131z.<br \/>\nED\u0130T\u00d6R\u00dcN YORUMU<br \/>\n Yaka ta\u015f detayl\u0131 bluz g\u00fcnl\u00fck giyimin rahatl\u0131\u011f\u0131n\u0131 \u0131\u015f\u0131lt\u0131l\u0131 detaylarla \u015f\u0131kl\u0131\u011fa d\u00f6n\u00fc\u015ft\u00fcr\u00fcyor. Yaka k\u0131sm\u0131ndaki ta\u015f bro\u015fu ve pelerin kol detay\u0131yla g\u00f6r\u00fcn\u00fcm\u00fcyle sadeli\u011fe sofistike bir dokunu\u015f kat\u0131yor.<br \/>\nBol pa\u00e7a pantolonlarla veya etekle kombinledi\u011finizde \u015f\u0131k bir g\u00f6r\u00fcn\u00fcm yarat\u0131yor. G\u00fcnl\u00fck stilinizi bir ad\u0131m \u00f6teye ta\u015f\u0131man\u0131n en par\u0131lt\u0131l\u0131 yolu bu bluz olabilir. \u00d6zellikle davet ve toplant\u0131lar\u0131n\u0131zda hem rahatl\u0131\u011f\u0131 hem de stil sahibi g\u00f6r\u00fcnmeyi isteyenler bayanlar i\u00e7in ideal bir se\u00e7im. G\u00fcnl\u00fck kullan\u0131m i\u00e7in ise babet ve y\u00fcksek bel pantolon ile daha rahat bir stil olu\u015fturabilirsiniz.<\/p>\n<p>\u2014 Technical Details \u2014<br \/>\nDesen: D\u00fcz<br \/>\nManken \u00d6l\u00e7\u00fcs\u00fc: Boy: 176 cm,Gog\u00fcs: 94 cm,Bel: 75 cm,Basen: 107 cm,Kol Boyu: 61 cm<br \/>\nKapama Tarz\u0131: D\u00fc\u011fmeli<br \/>\nAstar Durumu: Astars\u0131z<br \/>\n\u00dcr\u00fcn Detay\u0131: Ta\u015f Aksesuar<\/p>\n","protected":false},"excerpt":{"rendered":"<p>BAKIMI: \u00dcr\u00fcn\u00fcm\u00fcz\u00fc tersinden hassas programda tek y\u0131kay\u0131n\u0131z. S\u0131v\u0131 deterjanla y\u0131kamal\u0131 ve d\u00fc\u015f\u00fck devirde s\u0131kma yapmal\u0131s\u0131n\u0131z. Sererek kurutmal\u0131 ve d\u00fc\u015f\u00fck s\u0131cakl\u0131kta \u00fct\u00fc yapmal\u0131s\u0131n\u0131z. ED\u0130T\u00d6R\u00dcN YORUMU Yaka ta\u015f detayl\u0131 bluz g\u00fcnl\u00fck giyimin rahatl\u0131\u011f\u0131n\u0131 \u0131\u015f\u0131lt\u0131l\u0131 detaylarla \u015f\u0131kl\u0131\u011fa d\u00f6n\u00fc\u015ft\u00fcr\u00fcyor. Yaka k\u0131sm\u0131ndaki ta\u015f bro\u015fu ve pelerin kol detay\u0131yla g\u00f6r\u00fcn\u00fcm\u00fcyle sadeli\u011fe sofistike bir dokunu\u015f kat\u0131yor. Bol pa\u00e7a pantolonlarla veya etekle kombinledi\u011finizde [&hellip;]<\/p>\n","protected":false},"featured_media":112733,"comment_status":"open","ping_status":"closed","template":"","meta":[],"product_brand":[],"product_cat":[1909],"product_tag":[7354,6744,6772],"class_list":{"0":"post-112743","1":"product","2":"type-product","3":"status-publish","4":"has-post-thumbnail","6":"product_cat-bluzlar-ve-gomlekler","7":"product_tag-gunluk-giyim-2","8":"product_tag-kadin-modasi","9":"product_tag-ozel-gun","10":"pa_brand-levidor","11":"pa_color-siyah","12":"pa_size-4706","13":"pa_size-4711","14":"pa_size-4713","15":"pa_size-4751","16":"pa_size-4749","18":"first","19":"instock","20":"shipping-taxable","21":"purchasable","22":"product-type-variable"},"_links":{"self":[{"href":"https:\/\/mod.wisdar.net\/tr\/wp-json\/wp\/v2\/product\/112743","targetHints":{"allow":["GET"]}}],"collection":[{"href":"https:\/\/mod.wisdar.net\/tr\/wp-json\/wp\/v2\/product"}],"about":[{"href":"https:\/\/mod.wisdar.net\/tr\/wp-json\/wp\/v2\/types\/product"}],"replies":[{"embeddable":true,"href":"https:\/\/mod.wisdar.net\/tr\/wp-json\/wp\/v2\/comments?post=112743"}],"wp:featuredmedia":[{"embeddable":true,"href":"https:\/\/mod.wisdar.net\/tr\/wp-json\/wp\/v2\/media\/112733"}],"wp:attachment":[{"href":"https:\/\/mod.wisdar.net\/tr\/wp-json\/wp\/v2\/media?parent=112743"}],"wp:term":[{"taxonomy":"product_brand","embeddable":true,"href":"https:\/\/mod.wisdar.net\/tr\/wp-json\/wp\/v2\/product_brand?post=112743"},{"taxonomy":"product_cat","embeddable":true,"href":"https:\/\/mod.wisdar.net\/tr\/wp-json\/wp\/v2\/product_cat?post=112743"},{"taxonomy":"product_tag","embeddable":true,"href":"https:\/\/mod.wisdar.net\/tr\/wp-json\/wp\/v2\/product_tag?post=112743"}],"curies":[{"name":"wp","href":"https:\/\/api.w.org\/{rel}","templated":true}]}}