{"id":112828,"date":"2026-02-16T21:45:50","date_gmt":"2026-02-16T21:45:50","guid":{"rendered":"https:\/\/modesthanim.com\/product\/mavi-ince-cizgili-gomlek\/"},"modified":"2026-04-10T20:55:19","modified_gmt":"2026-04-10T20:55:19","slug":"mavi-ince-cizgili-gomlek","status":"publish","type":"product","link":"https:\/\/mod.wisdar.net\/tr\/urun\/mavi-ince-cizgili-gomlek\/","title":{"rendered":"Mavi \u0130nce \u00c7izgili G\u00f6mlek"},"content":{"rendered":"<p>BAKIMI:<br \/>\n\u00dcr\u00fcn\u00fcm\u00fcz\u00fc tersinden hassas programda tek y\u0131kay\u0131n\u0131z.<br \/>\n S\u0131v\u0131 deterjanla y\u0131kamal\u0131 ve d\u00fc\u015f\u00fck devirde s\u0131kma yapmal\u0131s\u0131n\u0131z.<br \/>\n Sererek kurutmal\u0131 ve d\u00fc\u015f\u00fck s\u0131cakl\u0131kta \u00fct\u00fc yapmal\u0131s\u0131n\u0131z.<br \/>\nED\u0130T\u00d6R\u00dcN YORUMU<br \/>\n\u0130nce \u00e7izgili g\u00f6mlek \u015f\u0131k duru\u015fuyla hem g\u00fcnl\u00fck hem de klasik kombinlerin vazge\u00e7ilmez par\u00e7as\u0131d\u0131r. Zarif ince \u00e7izgi detay\u0131 g\u00f6mle\u011fe modern bir hava kazand\u0131r\u0131rken v\u00fccuda daha dengeli bir g\u00f6r\u00fcn\u00fcm sunuyor. Ofis \u015f\u0131kl\u0131\u011f\u0131 i\u00e7in kuma\u015f pantolon mevsimlik tren\u00e7kot ve topuklu ayakkab\u0131 ile kombinleyebilirsiniz. D\u00fc\u011fmeli yap\u0131s\u0131 ve klasik yaka detay\u0131 ile her ortamda dikkatleri \u00fczerine topluyor. \u015e\u0131k g\u00f6mlek se\u00e7enekleri aras\u0131nda yerini koruyan modelimiz davet ve toplant\u0131lar\u0131n\u0131zda stil sahibi g\u00f6r\u00fcnmenize olanak sa\u011fl\u0131yor.<\/p>\n<p>\u2014 Technical Details \u2014<br \/>\nDesen: \u00c7izgili<br \/>\nManken \u00d6l\u00e7\u00fcs\u00fc: Boy:174 cm, G\u00f6\u011f\u00fcs: 87 cm, Basen: 100 cm, Kol Boyu: 60 cm<br \/>\nKapama Tarz\u0131: D\u00fc\u011fmeli<br \/>\nYaka Tipi: G\u00f6mlek Yaka<\/p>\n","protected":false},"excerpt":{"rendered":"<p>BAKIMI: \u00dcr\u00fcn\u00fcm\u00fcz\u00fc tersinden hassas programda tek y\u0131kay\u0131n\u0131z. S\u0131v\u0131 deterjanla y\u0131kamal\u0131 ve d\u00fc\u015f\u00fck devirde s\u0131kma yapmal\u0131s\u0131n\u0131z. Sererek kurutmal\u0131 ve d\u00fc\u015f\u00fck s\u0131cakl\u0131kta \u00fct\u00fc yapmal\u0131s\u0131n\u0131z. ED\u0130T\u00d6R\u00dcN YORUMU \u0130nce \u00e7izgili g\u00f6mlek \u015f\u0131k duru\u015fuyla hem g\u00fcnl\u00fck hem de klasik kombinlerin vazge\u00e7ilmez par\u00e7as\u0131d\u0131r. Zarif ince \u00e7izgi detay\u0131 g\u00f6mle\u011fe modern bir hava kazand\u0131r\u0131rken v\u00fccuda daha dengeli bir g\u00f6r\u00fcn\u00fcm sunuyor. Ofis \u015f\u0131kl\u0131\u011f\u0131 i\u00e7in [&hellip;]<\/p>\n","protected":false},"featured_media":112824,"comment_status":"open","ping_status":"closed","template":"","meta":[],"product_brand":[],"product_cat":[1909],"product_tag":[6754],"class_list":{"0":"post-112828","1":"product","2":"type-product","3":"status-publish","4":"has-post-thumbnail","6":"product_cat-bluzlar-ve-gomlekler","7":"product_tag-ofis-kiyafeti","8":"pa_brand-levidor","9":"pa_color-mavi","10":"pa_size-4706","11":"pa_size-4711","12":"pa_size-4713","13":"pa_size-4751","15":"first","16":"instock","17":"sale","18":"shipping-taxable","19":"purchasable","20":"product-type-variable"},"_links":{"self":[{"href":"https:\/\/mod.wisdar.net\/tr\/wp-json\/wp\/v2\/product\/112828","targetHints":{"allow":["GET"]}}],"collection":[{"href":"https:\/\/mod.wisdar.net\/tr\/wp-json\/wp\/v2\/product"}],"about":[{"href":"https:\/\/mod.wisdar.net\/tr\/wp-json\/wp\/v2\/types\/product"}],"replies":[{"embeddable":true,"href":"https:\/\/mod.wisdar.net\/tr\/wp-json\/wp\/v2\/comments?post=112828"}],"wp:featuredmedia":[{"embeddable":true,"href":"https:\/\/mod.wisdar.net\/tr\/wp-json\/wp\/v2\/media\/112824"}],"wp:attachment":[{"href":"https:\/\/mod.wisdar.net\/tr\/wp-json\/wp\/v2\/media?parent=112828"}],"wp:term":[{"taxonomy":"product_brand","embeddable":true,"href":"https:\/\/mod.wisdar.net\/tr\/wp-json\/wp\/v2\/product_brand?post=112828"},{"taxonomy":"product_cat","embeddable":true,"href":"https:\/\/mod.wisdar.net\/tr\/wp-json\/wp\/v2\/product_cat?post=112828"},{"taxonomy":"product_tag","embeddable":true,"href":"https:\/\/mod.wisdar.net\/tr\/wp-json\/wp\/v2\/product_tag?post=112828"}],"curies":[{"name":"wp","href":"https:\/\/api.w.org\/{rel}","templated":true}]}}