{"id":112859,"date":"2026-02-16T21:46:21","date_gmt":"2026-02-16T21:46:21","guid":{"rendered":"https:\/\/modesthanim.com\/product\/bej-kapusonlu-gizli-cep-detayli-elbise\/"},"modified":"2026-03-03T11:29:02","modified_gmt":"2026-03-03T11:29:02","slug":"bej-kapusonlu-gizli-cep-detayli-elbise","status":"publish","type":"product","link":"https:\/\/mod.wisdar.net\/tr\/urun\/bej-kapusonlu-gizli-cep-detayli-elbise\/","title":{"rendered":"Bej Kapu\u015fonlu Gizli Cep Detayl\u0131 Elbise"},"content":{"rendered":"<p>BAKIMI:<br \/>\n\u00dcr\u00fcn\u00fcm\u00fcz\u00fc tersinden hassas programda tek y\u0131kay\u0131n\u0131z.<br \/>\n S\u0131v\u0131 deterjanla y\u0131kamal\u0131 ve d\u00fc\u015f\u00fck devirde s\u0131kma yapmal\u0131s\u0131n\u0131z.<br \/>\n Sererek kurutmal\u0131 ve d\u00fc\u015f\u00fck s\u0131cakl\u0131kta \u00fct\u00fc yapmal\u0131s\u0131n\u0131z.<br \/>\nED\u0130T\u00d6R\u00dcN YORUMU<br \/>\n Kap\u00fc\u015fonlu gizli cep detayl\u0131 elbisemizi royal \u015fallar\u0131m\u0131zla tarz\u0131n\u0131za hava katarak kullanabilirsiniz. D\u00f6rt mevsim rahatl\u0131kla tercih edebilece\u011finiz \u00fcr\u00fcn\u00fcm\u00fcz diz \u00fcst\u00fcnde ba\u015flayan volan detaylar\u0131yla \u015f\u0131kl\u0131\u011f\u0131n\u0131z\u0131 \u00f6n plana \u00e7\u0131kar\u0131yor.<\/p>\n<p>\u2014 Technical Details \u2014<br \/>\nKuma\u015f: \u0130ki \u0130plik Viskon<br \/>\nY\u0131l: 2025<br \/>\nManken \u00d6l\u00e7\u00fcs\u00fc: Boy:170 cm,Gog\u00fcs:86 cm,Bel:64 cm,Basen:95 cm,Kol Boyu:60 cm.<br \/>\nModel: Kap\u00fc\u015fonlu<br \/>\nAstar Durumu: Astars\u0131z<br \/>\nCep Tipi: Cepli<\/p>\n","protected":false},"excerpt":{"rendered":"<p>BAKIMI: \u00dcr\u00fcn\u00fcm\u00fcz\u00fc tersinden hassas programda tek y\u0131kay\u0131n\u0131z. S\u0131v\u0131 deterjanla y\u0131kamal\u0131 ve d\u00fc\u015f\u00fck devirde s\u0131kma yapmal\u0131s\u0131n\u0131z. Sererek kurutmal\u0131 ve d\u00fc\u015f\u00fck s\u0131cakl\u0131kta \u00fct\u00fc yapmal\u0131s\u0131n\u0131z. ED\u0130T\u00d6R\u00dcN YORUMU Kap\u00fc\u015fonlu gizli cep detayl\u0131 elbisemizi royal \u015fallar\u0131m\u0131zla tarz\u0131n\u0131za hava katarak kullanabilirsiniz. D\u00f6rt mevsim rahatl\u0131kla tercih edebilece\u011finiz \u00fcr\u00fcn\u00fcm\u00fcz diz \u00fcst\u00fcnde ba\u015flayan volan detaylar\u0131yla \u015f\u0131kl\u0131\u011f\u0131n\u0131z\u0131 \u00f6n plana \u00e7\u0131kar\u0131yor. \u2014 Technical Details \u2014 Kuma\u015f: [&hellip;]<\/p>\n","protected":false},"featured_media":112854,"comment_status":"open","ping_status":"closed","template":"","meta":[],"product_brand":[],"product_cat":[6249,1933],"product_tag":[8326,7547,7672,6774],"class_list":{"0":"post-112859","1":"product","2":"type-product","3":"status-publish","4":"has-post-thumbnail","6":"product_cat-elbiseler","7":"product_cat-gunluk-ve-gunduz-elbiseleri","8":"product_tag-gizli-cep","9":"product_tag-kadin-giyim","10":"product_tag-kapusonlu-elbise","11":"product_tag-viskon-elbise","12":"pa_brand-levidor","13":"pa_color-bej","14":"pa_size-l","15":"pa_size-m","16":"pa_size-s","18":"first","19":"instock","20":"shipping-taxable","21":"purchasable","22":"product-type-variable"},"_links":{"self":[{"href":"https:\/\/mod.wisdar.net\/tr\/wp-json\/wp\/v2\/product\/112859","targetHints":{"allow":["GET"]}}],"collection":[{"href":"https:\/\/mod.wisdar.net\/tr\/wp-json\/wp\/v2\/product"}],"about":[{"href":"https:\/\/mod.wisdar.net\/tr\/wp-json\/wp\/v2\/types\/product"}],"replies":[{"embeddable":true,"href":"https:\/\/mod.wisdar.net\/tr\/wp-json\/wp\/v2\/comments?post=112859"}],"wp:featuredmedia":[{"embeddable":true,"href":"https:\/\/mod.wisdar.net\/tr\/wp-json\/wp\/v2\/media\/112854"}],"wp:attachment":[{"href":"https:\/\/mod.wisdar.net\/tr\/wp-json\/wp\/v2\/media?parent=112859"}],"wp:term":[{"taxonomy":"product_brand","embeddable":true,"href":"https:\/\/mod.wisdar.net\/tr\/wp-json\/wp\/v2\/product_brand?post=112859"},{"taxonomy":"product_cat","embeddable":true,"href":"https:\/\/mod.wisdar.net\/tr\/wp-json\/wp\/v2\/product_cat?post=112859"},{"taxonomy":"product_tag","embeddable":true,"href":"https:\/\/mod.wisdar.net\/tr\/wp-json\/wp\/v2\/product_tag?post=112859"}],"curies":[{"name":"wp","href":"https:\/\/api.w.org\/{rel}","templated":true}]}}