{"id":113545,"date":"2026-02-17T08:47:56","date_gmt":"2026-02-17T08:47:56","guid":{"rendered":"https:\/\/modesthanim.com\/product\/cizgili-triko-tulum-0-3-yas-haki-lacivert\/"},"modified":"2026-04-04T19:59:32","modified_gmt":"2026-04-04T19:59:32","slug":"cizgili-triko-tulum-0-3-yas-haki-lacivert","status":"publish","type":"product","link":"https:\/\/mod.wisdar.net\/tr\/urun\/cizgili-triko-tulum-0-3-yas-haki-lacivert\/","title":{"rendered":"\u00c7izgili Triko Tulum 0-3 Ya\u015f Haki Lacivert"},"content":{"rendered":"<p>. %100 pamuktan \u00fcretilmi\u015ftir<\/p>\n<p>. Mevsimlik kal\u0131nl\u0131\u011fa sahiptir<\/p>\n<p>. Nefes alan, yumu\u015fac\u0131k ve saf bir dokuya sahiptir<\/p>\n<p>. \u00c7ama\u015f\u0131r makinesinde maksimum 30\u00baC\u2019lik k\u0131sa programda y\u0131kay\u0131n\u0131z<\/p>\n","protected":false},"excerpt":{"rendered":"<p>. %100 pamuktan \u00fcretilmi\u015ftir . Mevsimlik kal\u0131nl\u0131\u011fa sahiptir . Nefes alan, yumu\u015fac\u0131k ve saf bir dokuya sahiptir . \u00c7ama\u015f\u0131r makinesinde maksimum 30\u00baC\u2019lik k\u0131sa programda y\u0131kay\u0131n\u0131z<\/p>\n","protected":false},"featured_media":113541,"comment_status":"open","ping_status":"closed","template":"","meta":[],"product_brand":[],"product_cat":[8745,8739,8694,8706,8697],"product_tag":[9045,8849,8857,9335,9334,9327],"class_list":{"0":"post-113545","1":"product","2":"type-product","3":"status-publish","4":"has-post-thumbnail","6":"product_cat-erkek-cocuk-takimlari","7":"product_cat-erkek-cocuklar-2-14-yas","8":"product_cat-cocuklar","9":"product_cat-tulum","10":"product_cat-yenidogan-0-12-ay","11":"product_tag-0-3-years","12":"product_tag-baby-romper","13":"product_tag-cotton-romper","14":"product_tag-khaki-navy","15":"product_tag-knit-romper","16":"product_tag-striped-romper","17":"pa_brand-cigit","18":"pa_color-haki-lacivert","19":"pa_size-0-3-ay","20":"pa_size-12-18-ay","21":"pa_size-18-24-ay","22":"pa_size-2-3-yas","23":"pa_size-3-6-ay","24":"pa_size-6-9-ay","25":"pa_size-9-12-ay","27":"first","28":"outofstock","29":"shipping-taxable","30":"product-type-variable"},"_links":{"self":[{"href":"https:\/\/mod.wisdar.net\/tr\/wp-json\/wp\/v2\/product\/113545","targetHints":{"allow":["GET"]}}],"collection":[{"href":"https:\/\/mod.wisdar.net\/tr\/wp-json\/wp\/v2\/product"}],"about":[{"href":"https:\/\/mod.wisdar.net\/tr\/wp-json\/wp\/v2\/types\/product"}],"replies":[{"embeddable":true,"href":"https:\/\/mod.wisdar.net\/tr\/wp-json\/wp\/v2\/comments?post=113545"}],"wp:featuredmedia":[{"embeddable":true,"href":"https:\/\/mod.wisdar.net\/tr\/wp-json\/wp\/v2\/media\/113541"}],"wp:attachment":[{"href":"https:\/\/mod.wisdar.net\/tr\/wp-json\/wp\/v2\/media?parent=113545"}],"wp:term":[{"taxonomy":"product_brand","embeddable":true,"href":"https:\/\/mod.wisdar.net\/tr\/wp-json\/wp\/v2\/product_brand?post=113545"},{"taxonomy":"product_cat","embeddable":true,"href":"https:\/\/mod.wisdar.net\/tr\/wp-json\/wp\/v2\/product_cat?post=113545"},{"taxonomy":"product_tag","embeddable":true,"href":"https:\/\/mod.wisdar.net\/tr\/wp-json\/wp\/v2\/product_tag?post=113545"}],"curies":[{"name":"wp","href":"https:\/\/api.w.org\/{rel}","templated":true}]}}