{"id":113556,"date":"2026-02-17T08:48:03","date_gmt":"2026-02-17T08:48:03","guid":{"rendered":"https:\/\/modesthanim.com\/product\/organic-kruvaze-muslin-tulum-0-9-ay-turkuaz\/"},"modified":"2026-04-04T08:13:34","modified_gmt":"2026-04-04T08:13:34","slug":"organic-kruvaze-muslin-tulum-0-9-ay-turkuaz","status":"publish","type":"product","link":"https:\/\/mod.wisdar.net\/tr\/urun\/organic-kruvaze-muslin-tulum-0-9-ay-turkuaz\/","title":{"rendered":"Organic Kruvaze M\u00fcslin Tulum 0-9 Ay Turkuaz"},"content":{"rendered":"<p>. %100 Gots sertifikal\u0131 organik saf natural pamuktan \u00fcretilmi\u015ftir<\/p>\n<p>. Nefes alan, yumu\u015fac\u0131k ve saf bir dokuya sahiptir<\/p>\n<p>. Maksimum rahatl\u0131k i\u00e7in bebe\u011finizin \u015feklini almak \u00fczere nazik\u00e7e esner<\/p>\n<p>. \u00c7ama\u015f\u0131r makinesinde maksimum 30\u00baC\u2019lik k\u0131sa programda y\u0131kay\u0131n\u0131z<\/p>\n","protected":false},"excerpt":{"rendered":"<p>. %100 Gots sertifikal\u0131 organik saf natural pamuktan \u00fcretilmi\u015ftir . Nefes alan, yumu\u015fac\u0131k ve saf bir dokuya sahiptir . Maksimum rahatl\u0131k i\u00e7in bebe\u011finizin \u015feklini almak \u00fczere nazik\u00e7e esner . \u00c7ama\u015f\u0131r makinesinde maksimum 30\u00baC\u2019lik k\u0131sa programda y\u0131kay\u0131n\u0131z<\/p>\n","protected":false},"featured_media":113553,"comment_status":"open","ping_status":"closed","template":"","meta":[],"product_brand":[],"product_cat":[8694,8706,8697,8700],"product_tag":[7576],"class_list":{"0":"post-113556","1":"product","2":"type-product","3":"status-publish","4":"has-post-thumbnail","6":"product_cat-cocuklar","7":"product_cat-tulum","8":"product_cat-yenidogan-0-12-ay","9":"product_cat-yenidogan-giyim","10":"product_tag-muslin","11":"pa_brand-cigit","12":"pa_color-turkuaz","13":"pa_size-0-3-ay","14":"pa_size-3-6-ay","15":"pa_size-6-9-ay","17":"first","18":"instock","19":"sale","20":"shipping-taxable","21":"purchasable","22":"product-type-variable"},"_links":{"self":[{"href":"https:\/\/mod.wisdar.net\/tr\/wp-json\/wp\/v2\/product\/113556","targetHints":{"allow":["GET"]}}],"collection":[{"href":"https:\/\/mod.wisdar.net\/tr\/wp-json\/wp\/v2\/product"}],"about":[{"href":"https:\/\/mod.wisdar.net\/tr\/wp-json\/wp\/v2\/types\/product"}],"replies":[{"embeddable":true,"href":"https:\/\/mod.wisdar.net\/tr\/wp-json\/wp\/v2\/comments?post=113556"}],"wp:featuredmedia":[{"embeddable":true,"href":"https:\/\/mod.wisdar.net\/tr\/wp-json\/wp\/v2\/media\/113553"}],"wp:attachment":[{"href":"https:\/\/mod.wisdar.net\/tr\/wp-json\/wp\/v2\/media?parent=113556"}],"wp:term":[{"taxonomy":"product_brand","embeddable":true,"href":"https:\/\/mod.wisdar.net\/tr\/wp-json\/wp\/v2\/product_brand?post=113556"},{"taxonomy":"product_cat","embeddable":true,"href":"https:\/\/mod.wisdar.net\/tr\/wp-json\/wp\/v2\/product_cat?post=113556"},{"taxonomy":"product_tag","embeddable":true,"href":"https:\/\/mod.wisdar.net\/tr\/wp-json\/wp\/v2\/product_tag?post=113556"}],"curies":[{"name":"wp","href":"https:\/\/api.w.org\/{rel}","templated":true}]}}