{"id":113616,"date":"2026-02-17T08:50:37","date_gmt":"2026-02-17T08:50:37","guid":{"rendered":"https:\/\/modesthanim.com\/product\/organic-kruvaze-muslin-tulum-0-9-ay-sundres\/"},"modified":"2026-04-04T20:10:25","modified_gmt":"2026-04-04T20:10:25","slug":"organic-kruvaze-muslin-tulum-0-9-ay-sundres","status":"publish","type":"product","link":"https:\/\/mod.wisdar.net\/tr\/urun\/organic-kruvaze-muslin-tulum-0-9-ay-sundres\/","title":{"rendered":"Organic Kruvaze M\u00fcslin Tulum 0-9 Ay Sundres"},"content":{"rendered":"<p>. %100 Gots sertifikal\u0131 organik saf natural pamuktan \u00fcretilmi\u015ftir<\/p>\n<p>. Nefes alan, yumu\u015fac\u0131k ve saf bir dokuya sahiptir<\/p>\n<p>. Maksimum rahatl\u0131k i\u00e7in bebe\u011finizin \u015feklini almak \u00fczere nazik\u00e7e esner<\/p>\n<p>. \u00c7ama\u015f\u0131r makinesinde maksimum 30\u00baC\u2019lik k\u0131sa programda y\u0131kay\u0131n\u0131z<\/p>\n","protected":false},"excerpt":{"rendered":"<p>. %100 Gots sertifikal\u0131 organik saf natural pamuktan \u00fcretilmi\u015ftir . Nefes alan, yumu\u015fac\u0131k ve saf bir dokuya sahiptir . Maksimum rahatl\u0131k i\u00e7in bebe\u011finizin \u015feklini almak \u00fczere nazik\u00e7e esner . \u00c7ama\u015f\u0131r makinesinde maksimum 30\u00baC\u2019lik k\u0131sa programda y\u0131kay\u0131n\u0131z<\/p>\n","protected":false},"featured_media":113613,"comment_status":"open","ping_status":"closed","template":"","meta":[],"product_brand":[],"product_cat":[8694,8706,8697,8700],"product_tag":[9342,9284,9341,8937,9339],"class_list":{"0":"post-113616","1":"product","2":"type-product","3":"status-publish","4":"has-post-thumbnail","6":"product_cat-cocuklar","7":"product_cat-tulum","8":"product_cat-yenidogan-0-12-ay","9":"product_cat-yenidogan-giyim","10":"product_tag-eco-friendly-fashion","11":"product_tag-gots-certified","12":"product_tag-muslin-romper","13":"product_tag-newborn-outfit","14":"product_tag-organic-baby-clothing","15":"pa_brand-cigit","16":"pa_color-sundres","17":"pa_size-0-3-ay","18":"pa_size-3-6-ay","19":"pa_size-6-9-ay","21":"first","22":"instock","23":"sale","24":"shipping-taxable","25":"purchasable","26":"product-type-variable"},"_links":{"self":[{"href":"https:\/\/mod.wisdar.net\/tr\/wp-json\/wp\/v2\/product\/113616","targetHints":{"allow":["GET"]}}],"collection":[{"href":"https:\/\/mod.wisdar.net\/tr\/wp-json\/wp\/v2\/product"}],"about":[{"href":"https:\/\/mod.wisdar.net\/tr\/wp-json\/wp\/v2\/types\/product"}],"replies":[{"embeddable":true,"href":"https:\/\/mod.wisdar.net\/tr\/wp-json\/wp\/v2\/comments?post=113616"}],"wp:featuredmedia":[{"embeddable":true,"href":"https:\/\/mod.wisdar.net\/tr\/wp-json\/wp\/v2\/media\/113613"}],"wp:attachment":[{"href":"https:\/\/mod.wisdar.net\/tr\/wp-json\/wp\/v2\/media?parent=113616"}],"wp:term":[{"taxonomy":"product_brand","embeddable":true,"href":"https:\/\/mod.wisdar.net\/tr\/wp-json\/wp\/v2\/product_brand?post=113616"},{"taxonomy":"product_cat","embeddable":true,"href":"https:\/\/mod.wisdar.net\/tr\/wp-json\/wp\/v2\/product_cat?post=113616"},{"taxonomy":"product_tag","embeddable":true,"href":"https:\/\/mod.wisdar.net\/tr\/wp-json\/wp\/v2\/product_tag?post=113616"}],"curies":[{"name":"wp","href":"https:\/\/api.w.org\/{rel}","templated":true}]}}