{"id":11397,"date":"2025-11-07T20:16:06","date_gmt":"2025-11-01T21:09:04","guid":{"rendered":"https:\/\/modesthanim.com\/product\/duz-paca-pantolon-siyah\/"},"modified":"2026-04-10T16:12:32","modified_gmt":"2026-04-10T16:12:32","slug":"duz-paca-pantolon-siyah","status":"publish","type":"product","link":"https:\/\/mod.wisdar.net\/tr\/urun\/duz-paca-pantolon-siyah\/","title":{"rendered":"D\u00fcz Pa\u00e7a Pantolon Siyah"},"content":{"rendered":"<p>\u0130nce polyviscone d\u00f6k\u00fcml\u00fc kuma\u015ftan, d\u00fcz pa\u00e7al\u0131, d\u00fc\u011fmeli, fermuar kapamal\u0131, cepli, straight kesim pantolon. (BEYAZI PAMUK ASTARLI)<\/p>\n","protected":false},"excerpt":{"rendered":"<p>\u0130nce polyviscone d\u00f6k\u00fcml\u00fc kuma\u015ftan, d\u00fcz pa\u00e7al\u0131, d\u00fc\u011fmeli, fermuar kapamal\u0131, cepli, straight kesim pantolon. (BEYAZI PAMUK ASTARLI)<\/p>\n","protected":false},"featured_media":0,"comment_status":"open","ping_status":"closed","template":"","meta":[],"product_brand":[],"product_cat":[1882],"product_tag":[],"class_list":{"0":"post-11397","1":"product","2":"type-product","3":"status-publish","5":"product_cat-alt-giyim","6":"pa_brand-fahhar","7":"pa_color-siyah","8":"pa_size-4701","9":"pa_size-4706","10":"pa_size-4711","11":"pa_size-4713","13":"first","14":"instock","15":"sale","16":"shipping-taxable","17":"purchasable","18":"product-type-variable"},"_links":{"self":[{"href":"https:\/\/mod.wisdar.net\/tr\/wp-json\/wp\/v2\/product\/11397","targetHints":{"allow":["GET"]}}],"collection":[{"href":"https:\/\/mod.wisdar.net\/tr\/wp-json\/wp\/v2\/product"}],"about":[{"href":"https:\/\/mod.wisdar.net\/tr\/wp-json\/wp\/v2\/types\/product"}],"replies":[{"embeddable":true,"href":"https:\/\/mod.wisdar.net\/tr\/wp-json\/wp\/v2\/comments?post=11397"}],"wp:attachment":[{"href":"https:\/\/mod.wisdar.net\/tr\/wp-json\/wp\/v2\/media?parent=11397"}],"wp:term":[{"taxonomy":"product_brand","embeddable":true,"href":"https:\/\/mod.wisdar.net\/tr\/wp-json\/wp\/v2\/product_brand?post=11397"},{"taxonomy":"product_cat","embeddable":true,"href":"https:\/\/mod.wisdar.net\/tr\/wp-json\/wp\/v2\/product_cat?post=11397"},{"taxonomy":"product_tag","embeddable":true,"href":"https:\/\/mod.wisdar.net\/tr\/wp-json\/wp\/v2\/product_tag?post=11397"}],"curies":[{"name":"wp","href":"https:\/\/api.w.org\/{rel}","templated":true}]}}