{"id":114056,"date":"2026-02-17T09:03:00","date_gmt":"2026-02-17T09:03:00","guid":{"rendered":"https:\/\/modesthanim.com\/product\/uzay-araci-aplikeli-pijama-takim-2-8-yas-lacivert\/"},"modified":"2026-04-01T01:31:24","modified_gmt":"2026-04-01T01:31:24","slug":"uzay-araci-aplikeli-pijama-takim-2-8-yas-lacivert","status":"publish","type":"product","link":"https:\/\/mod.wisdar.net\/tr\/urun\/uzay-araci-aplikeli-pijama-takim-2-8-yas-lacivert\/","title":{"rendered":"Uzay Arac\u0131 Aplikeli Pijama Tak\u0131m 2-8 Ya\u015f Lacivert"},"content":{"rendered":"<p>. %100 saf natural pamuktan \u00fcretilmi\u015ftir<\/p>\n<p>. Mevsimlik kal\u0131nl\u0131\u011fa sahiptir<\/p>\n<p>. \u00c7ocuklar\u0131n\u0131z\u0131n uyku konforunu sa\u011flayan yumu\u015fak bir yap\u0131ya sahiptir<\/p>\n<p>. \u00c7ama\u015f\u0131r makinesinde maksimum 30\u00baC\u2019lik k\u0131sa programda y\u0131kay\u0131n\u0131z<\/p>\n","protected":false},"excerpt":{"rendered":"<p>. %100 saf natural pamuktan \u00fcretilmi\u015ftir . Mevsimlik kal\u0131nl\u0131\u011fa sahiptir . \u00c7ocuklar\u0131n\u0131z\u0131n uyku konforunu sa\u011flayan yumu\u015fak bir yap\u0131ya sahiptir . \u00c7ama\u015f\u0131r makinesinde maksimum 30\u00baC\u2019lik k\u0131sa programda y\u0131kay\u0131n\u0131z<\/p>\n","protected":false},"featured_media":114052,"comment_status":"open","ping_status":"closed","template":"","meta":[],"product_brand":[],"product_cat":[8745,8739,8694,8754],"product_tag":[9038,9362,9367,9364,9366,9361,9365],"class_list":{"0":"post-114056","1":"product","2":"type-product","3":"status-publish","4":"has-post-thumbnail","6":"product_cat-erkek-cocuk-takimlari","7":"product_cat-erkek-cocuklar-2-14-yas","8":"product_cat-cocuklar","9":"product_cat-pijama","10":"product_tag-childrens-clothing","11":"product_tag-childrens-sleepwear","12":"product_tag-comfortable-sleepwear","13":"product_tag-cotton-pajamas","14":"product_tag-kids-pajama-set","15":"product_tag-pajamas","16":"product_tag-space-pajamas","17":"pa_brand-cigit","18":"pa_color-lacivert","19":"pa_size-2-3-yas","20":"pa_size-3-4-yas","21":"pa_size-4-5-yas","22":"pa_size-5-6-yas","23":"pa_size-6-7-yas","24":"pa_size-7-8-yas","26":"first","27":"outofstock","28":"shipping-taxable","29":"product-type-variable"},"_links":{"self":[{"href":"https:\/\/mod.wisdar.net\/tr\/wp-json\/wp\/v2\/product\/114056","targetHints":{"allow":["GET"]}}],"collection":[{"href":"https:\/\/mod.wisdar.net\/tr\/wp-json\/wp\/v2\/product"}],"about":[{"href":"https:\/\/mod.wisdar.net\/tr\/wp-json\/wp\/v2\/types\/product"}],"replies":[{"embeddable":true,"href":"https:\/\/mod.wisdar.net\/tr\/wp-json\/wp\/v2\/comments?post=114056"}],"wp:featuredmedia":[{"embeddable":true,"href":"https:\/\/mod.wisdar.net\/tr\/wp-json\/wp\/v2\/media\/114052"}],"wp:attachment":[{"href":"https:\/\/mod.wisdar.net\/tr\/wp-json\/wp\/v2\/media?parent=114056"}],"wp:term":[{"taxonomy":"product_brand","embeddable":true,"href":"https:\/\/mod.wisdar.net\/tr\/wp-json\/wp\/v2\/product_brand?post=114056"},{"taxonomy":"product_cat","embeddable":true,"href":"https:\/\/mod.wisdar.net\/tr\/wp-json\/wp\/v2\/product_cat?post=114056"},{"taxonomy":"product_tag","embeddable":true,"href":"https:\/\/mod.wisdar.net\/tr\/wp-json\/wp\/v2\/product_tag?post=114056"}],"curies":[{"name":"wp","href":"https:\/\/api.w.org\/{rel}","templated":true}]}}