{"id":11425,"date":"2025-11-07T20:16:06","date_gmt":"2025-11-01T21:09:28","guid":{"rendered":"https:\/\/modesthanim.com\/product\/duz-kesim-denim-pantolon-lacivert\/"},"modified":"2026-04-10T16:10:50","modified_gmt":"2026-04-10T16:10:50","slug":"duz-kesim-denim-pantolon-lacivert","status":"publish","type":"product","link":"https:\/\/mod.wisdar.net\/tr\/urun\/duz-kesim-denim-pantolon-lacivert\/","title":{"rendered":"D\u00fcz Kesim Denim Pantolon Lacivert"},"content":{"rendered":"<p>\u015e\u0131kl\u0131\u011f\u0131n\u0131z\u0131 tamamlayacak d\u00fcz kesim lacivert denim pantolon. G\u00fcnl\u00fck kullan\u0131m\u0131n\u0131z i\u00e7in ideal, rahat ve \u015f\u0131k bir se\u00e7im.<\/p>\n","protected":false},"excerpt":{"rendered":"<p>\u015e\u0131kl\u0131\u011f\u0131n\u0131z\u0131 tamamlayacak d\u00fcz kesim lacivert denim pantolon. G\u00fcnl\u00fck kullan\u0131m\u0131n\u0131z i\u00e7in ideal, rahat ve \u015f\u0131k bir se\u00e7im.<\/p>\n","protected":false},"featured_media":11402,"comment_status":"open","ping_status":"closed","template":"","meta":[],"product_brand":[],"product_cat":[1882],"product_tag":[],"class_list":{"0":"post-11425","1":"product","2":"type-product","3":"status-publish","4":"has-post-thumbnail","6":"product_cat-alt-giyim","7":"pa_brand-fahhar","8":"pa_color-lacivert","9":"pa_size-1-36-38","10":"pa_size-2-40-42","12":"first","13":"instock","14":"sale","15":"shipping-taxable","16":"purchasable","17":"product-type-variable"},"_links":{"self":[{"href":"https:\/\/mod.wisdar.net\/tr\/wp-json\/wp\/v2\/product\/11425","targetHints":{"allow":["GET"]}}],"collection":[{"href":"https:\/\/mod.wisdar.net\/tr\/wp-json\/wp\/v2\/product"}],"about":[{"href":"https:\/\/mod.wisdar.net\/tr\/wp-json\/wp\/v2\/types\/product"}],"replies":[{"embeddable":true,"href":"https:\/\/mod.wisdar.net\/tr\/wp-json\/wp\/v2\/comments?post=11425"}],"wp:featuredmedia":[{"embeddable":true,"href":"https:\/\/mod.wisdar.net\/tr\/wp-json\/wp\/v2\/media\/11402"}],"wp:attachment":[{"href":"https:\/\/mod.wisdar.net\/tr\/wp-json\/wp\/v2\/media?parent=11425"}],"wp:term":[{"taxonomy":"product_brand","embeddable":true,"href":"https:\/\/mod.wisdar.net\/tr\/wp-json\/wp\/v2\/product_brand?post=11425"},{"taxonomy":"product_cat","embeddable":true,"href":"https:\/\/mod.wisdar.net\/tr\/wp-json\/wp\/v2\/product_cat?post=11425"},{"taxonomy":"product_tag","embeddable":true,"href":"https:\/\/mod.wisdar.net\/tr\/wp-json\/wp\/v2\/product_tag?post=11425"}],"curies":[{"name":"wp","href":"https:\/\/api.w.org\/{rel}","templated":true}]}}